{"id":6730,"date":"2025-08-25T03:35:31","date_gmt":"2025-08-25T01:35:31","guid":{"rendered":"https:\/\/asel.hr\/webshop\/?post_type=product&#038;p=6730"},"modified":"2025-10-16T03:02:35","modified_gmt":"2025-10-16T01:02:35","slug":"solara-elektrana-29-9kw-3f","status":"publish","type":"product","link":"https:\/\/asel.hr\/webshop\/proizvod\/solara-elektrana-29-9kw-3f\/","title":{"rendered":"SOLARA ELEKTRANA 29.9KW 3F"},"content":{"rendered":"<p style=\"color:red;\"><b>0% PDV za ONGRID solarne elektrane po sistemu klju\u010d u ruke<\/b><\/p>\n<p>MRE\u017dNE SOLARNE ELEKTRANE sa izradom Glavnog projekta, bez monta\u017ee i transporta.<br \/>\nMonta\u017ea i transport ovise o udaljenosti i o slo\u017eenosti monta\u017ee (potrebna\u00a0slika\u00a0objekta)<\/p>\n<p>Radimo elektrane do 10MW po dogovoru<\/p>\n<p>BUDITE I VI JEDAN OD ZADOVOLJNIH KORISNIKA ASELa<br \/>\nMontirali smo vi\u0161e od 600 solarnih elektrana<\/p>\n<p>Ugra\u0111ujemo solarne panele od 410W do 545W MONO HALF CELL PERC, efikasnost ve\u0107a od 20% i linearnost izlazne snage ve\u0107a od 25 godina.<\/p>\n<p>Tro\u0161kove prema HEP-u pla\u0107a investitor<\/p>\n<p>&#8211; monta\u017ea po principu KLJU\u010c U RUKE<br \/>\n&#8211; mre\u017eni pretvara\u010di spadaju u najkvalitetnije pretvara\u010de<br \/>\n&#8211; omogu\u0107ava ON-LINE pra\u0107enje elektrane<br \/>\n&#8211; solarni paneli najnovije generacije sa linearnim padom izlazne snage >25g.<br \/>\n  i efikasno\u0161\u0107u ve\u0107om od 20%<\/p>\n<p>Smanjite tro\u0161ak elektri\u010dne energije u Va\u0161em domu,vrti\u0107u ili \u0161koli instalacijom solarne elektrane.<\/p>\n<p>DO U\u0160TEDE PREKO 90% VA\u0160EG RA\u010cUNA ZA STRUJU<\/p>\n<p>Ulo\u017eite novac u solarnu elektranu i opskrbite se vlastitom elektri\u010dnom energijom,. Povrat investicije osiguran u 5 do 6 godina<\/p>\n<p>KOMPLETNA IZGRADNJA GOTOVA ZA 1-7 DANA ovisno o veli\u010dini elektrane<\/p>\n<p>Primjer izra\u010duna povrata:ku\u0107anstvo koje tro\u0161i 600-700 kn mjese\u010dno na tro\u0161ak elektri\u010dne energije. Solarna elektrana snage 5kW smanjuje mjese\u010dni tro\u0161ak za 500 kn. Ostvarena u\u0161teda na godi\u0161njoj razini 6.000. Investicija se vra\u0107a za 6 i pol godina na kontinentu, na jadranskoj obali i do 30% br\u017ee. Dostavite va\u0161 godi\u0161nji utro\u0161ak elektri\u010dne energije kako bi mogli prora\u010dunati odgovaraju\u0107u snagu solarne elektrane prema Va\u0161oj potro\u0161nji el.energije. Tvrke koje rade po danu i pla\u0107aju industrijsku struju, ugradnjom solarne elektrane osiguravaju izravnu u\u0161tedu, ula\u017eu sredstva tvrtke koja se amortiziraju i nakon perioda povrata investicije ostaje im \u010dista dobit od smanjenog ra\u010duna za struju. Smanjenjem koli\u010dine potro\u0161ene elektri\u010dne energije smanjujete i tro\u0161kove mre\u017earine, pdv-a  i ostalih pristojbi.<\/p>\n<p>Postanite neovisni od dobavlja\u010da elek.energije i novih poskupljenja<\/p>\n<p>Solarna elektrana umanjuje Va\u0161e budu\u0107e ra\u010dune za struju preko 90%, ujedno imate energiju proizvedenu iz \u010distog, prirodnog obnovljivog izvora energije bez ikakvog zaga\u0111enja okoli\u0161a. Solarna energija se mo\u017ee koristiti u razne svrhe-grijanje, svjetlo, mehani\u010dku energiju i elektri\u010dnu energiju.<\/p>\n<p>Zaustavite Va\u0161e brojilo,smanjite ili eliminirajte tro\u0161kove elektri\u010dne energije<\/p>\n<p>Na\u0161e veliko iskustvo u ishodenju Elektroenergetske suglasnosti.<\/p>\n<p>Svim na\u0161im klijentima nudimo pomo\u0107 u isho\u0111enju sufinanciranja EU fondova.<\/p>\n<p>Projektni tim vas savjetuje pri izboru opreme kao i pri izboru najpovoljnijeg distributera elektri\u010dne energije a na\u0161i izvoda\u010di i nadzor prate monta\u017eu i pu\u0161tanje u rad Va\u0161e solarne elektrane te priklju\u010denja iste na elektrodistribucijsku mre\u017eu.<\/p>\n","protected":false},"excerpt":{"rendered":"<p>0% PDV za ONGRID solarne elektrane po sistemu klju\u010d u ruke MRE\u017dNE SOLARNE ELEKTRANE sa izradom Glavnog projekta, bez monta\u017ee i transporta. Monta\u017ea i transport ovise o udaljenosti i o slo\u017eenosti monta\u017ee (potrebna\u00a0slika\u00a0objekta) Radimo elektrane do 10MW po dogovoru BUDITE I VI JEDAN OD ZADOVOLJNIH KORISNIKA ASELa Montirali smo vi\u0161e od 600 solarnih elektrana Ugra\u0111ujemo [&hellip;]<\/p>\n","protected":false},"featured_media":5546,"template":"","meta":{"_links_to":"","_links_to_target":""},"product_cat":[185],"product_tag":[],"_links":{"self":[{"href":"https:\/\/asel.hr\/webshop\/wp-json\/wp\/v2\/product\/6730"}],"collection":[{"href":"https:\/\/asel.hr\/webshop\/wp-json\/wp\/v2\/product"}],"about":[{"href":"https:\/\/asel.hr\/webshop\/wp-json\/wp\/v2\/types\/product"}],"wp:featuredmedia":[{"embeddable":true,"href":"https:\/\/asel.hr\/webshop\/wp-json\/wp\/v2\/media\/5546"}],"wp:attachment":[{"href":"https:\/\/asel.hr\/webshop\/wp-json\/wp\/v2\/media?parent=6730"}],"wp:term":[{"taxonomy":"product_cat","embeddable":true,"href":"https:\/\/asel.hr\/webshop\/wp-json\/wp\/v2\/product_cat?post=6730"},{"taxonomy":"product_tag","embeddable":true,"href":"https:\/\/asel.hr\/webshop\/wp-json\/wp\/v2\/product_tag?post=6730"}],"curies":[{"name":"wp","href":"https:\/\/api.w.org\/{rel}","templated":true}]}}