{"id":6702,"date":"2025-08-11T00:23:33","date_gmt":"2025-08-10T22:23:33","guid":{"rendered":"https:\/\/asel.hr\/webshop\/?post_type=product&#038;p=6702"},"modified":"2026-04-19T03:55:34","modified_gmt":"2026-04-19T01:55:34","slug":"lifepo4-baterija-320ah-12-8v-2","status":"publish","type":"product","link":"https:\/\/asel.hr\/webshop\/proizvod\/lifepo4-baterija-320ah-12-8v-2\/","title":{"rendered":"LIFEPO4 baterija 320Ah 12.8V SERIJSKO spajanje"},"content":{"rendered":"<p>VI\u0160E BATERIJA- mogu\u0107e paralelno spajanje a serijsko do 4 baterije<\/p>\n<p>Mogu\u0107nost pra\u0107enja putem Wi-Fi i Bluetooth aplikacije.<\/p>\n<p>Dug \u017eivotni vijek<br \/>\n\u2013 Mogu trajati 10 i vi\u0161e godina<\/p>\n<p>Ravnomjerno pra\u017enjenje<br \/>\n-Napon baterije ostaje relativno konstantan tijekom pra\u017enjenja \u2013 ure\u0111aji rade stabilno do kraja kapaciteta.<\/p>\n<p>Ekolo\u0161ki prihvatljivije<br \/>\n-Ne sadr\u017ee kobalt ni nikal \u2013 manje \u0161tetan utjecaj na okoli\u0161 i eti\u010dkija proizvodnja.<\/p>\n<p>Br\u017ee punjenje<br \/>\n-Omogu\u0107uju ve\u0107e struje punjenja i pra\u017enjenja bez pregrijavanja.<\/p>\n<p>Visoka sigurnost<br \/>\n-Manje su sklone pregrijavanju, zapaljenju ili eksploziji \u2013 vrlo stabilna kemija.<br \/>\n-Imaju termalnu i kemijsku stabilnost, \u0161to ih \u010dini idealnima za solarne sustave, kamper vozila, elektri\u010dne bicikle, itd.<\/p>\n<style>\n  .btn {\n    background-color: DodgerBlue;\n    border: none;\n    color: white;\n    cursor: pointer;\n    font-size: 20px;<\/p>\n<p>  }<\/p>\n<p>  \/* Darker background on mouse-over *\/\n  .btn:hover {\n    background-color: RoyalBlue;\n  }<\/p>\n<\/style>\n<p><a href=\"https:\/\/asel.hr\/webshop\/wp-content\/uploads\/2024\/04\/AST-320_LiFePO4_Battery_DATA_SHEET.pdf\"><br \/>\n<button class=\"btn\" ><i class=\"fa fa-download\" style=\"font-size: 25px;\"><\/i> Data Sheet\u3164<\/button><br \/>\n<\/a><\/p>\n","protected":false},"excerpt":{"rendered":"<p>VI\u0160E BATERIJA- mogu\u0107e paralelno spajanje a serijsko do 4 baterije Mogu\u0107nost pra\u0107enja putem Wi-Fi i Bluetooth aplikacije. Dug \u017eivotni vijek \u2013 Mogu trajati 10 i vi\u0161e godina Ravnomjerno pra\u017enjenje -Napon baterije ostaje relativno konstantan tijekom pra\u017enjenja \u2013 ure\u0111aji rade stabilno do kraja kapaciteta. Ekolo\u0161ki prihvatljivije -Ne sadr\u017ee kobalt ni nikal \u2013 manje \u0161tetan utjecaj na [&hellip;]<\/p>\n","protected":false},"featured_media":6900,"template":"","meta":{"_links_to":"","_links_to_target":""},"product_cat":[192],"product_tag":[],"_links":{"self":[{"href":"https:\/\/asel.hr\/webshop\/wp-json\/wp\/v2\/product\/6702"}],"collection":[{"href":"https:\/\/asel.hr\/webshop\/wp-json\/wp\/v2\/product"}],"about":[{"href":"https:\/\/asel.hr\/webshop\/wp-json\/wp\/v2\/types\/product"}],"wp:featuredmedia":[{"embeddable":true,"href":"https:\/\/asel.hr\/webshop\/wp-json\/wp\/v2\/media\/6900"}],"wp:attachment":[{"href":"https:\/\/asel.hr\/webshop\/wp-json\/wp\/v2\/media?parent=6702"}],"wp:term":[{"taxonomy":"product_cat","embeddable":true,"href":"https:\/\/asel.hr\/webshop\/wp-json\/wp\/v2\/product_cat?post=6702"},{"taxonomy":"product_tag","embeddable":true,"href":"https:\/\/asel.hr\/webshop\/wp-json\/wp\/v2\/product_tag?post=6702"}],"curies":[{"name":"wp","href":"https:\/\/api.w.org\/{rel}","templated":true}]}}