{"id":6324,"date":"2025-03-25T10:34:37","date_gmt":"2025-03-25T09:34:37","guid":{"rendered":"https:\/\/asel.hr\/webshop\/?post_type=product&#038;p=6324"},"modified":"2026-05-03T03:55:38","modified_gmt":"2026-05-03T01:55:38","slug":"elektricni-pastir","status":"publish","type":"product","link":"https:\/\/asel.hr\/webshop\/proizvod\/elektricni-pastir\/","title":{"rendered":"Elektri\u010dni pastir"},"content":{"rendered":"<p>elektri\u010dni pastir snage 10 D\u017eula<br \/>\nnapon napajanja 12 volti<br \/>\nnapona napajanja 12\/220 volti<br \/>\nizlazni napon na ogradi od 10000 do 12000 volti<\/p>\n","protected":false},"excerpt":{"rendered":"<p>elektri\u010dni pastir snage 10 D\u017eula napon napajanja 12 volti napona napajanja 12\/220 volti izlazni napon na ogradi od 10000 do 12000 volti<\/p>\n","protected":false},"featured_media":6323,"template":"","meta":{"_links_to":"","_links_to_target":""},"product_cat":[194],"product_tag":[],"_links":{"self":[{"href":"https:\/\/asel.hr\/webshop\/wp-json\/wp\/v2\/product\/6324"}],"collection":[{"href":"https:\/\/asel.hr\/webshop\/wp-json\/wp\/v2\/product"}],"about":[{"href":"https:\/\/asel.hr\/webshop\/wp-json\/wp\/v2\/types\/product"}],"wp:featuredmedia":[{"embeddable":true,"href":"https:\/\/asel.hr\/webshop\/wp-json\/wp\/v2\/media\/6323"}],"wp:attachment":[{"href":"https:\/\/asel.hr\/webshop\/wp-json\/wp\/v2\/media?parent=6324"}],"wp:term":[{"taxonomy":"product_cat","embeddable":true,"href":"https:\/\/asel.hr\/webshop\/wp-json\/wp\/v2\/product_cat?post=6324"},{"taxonomy":"product_tag","embeddable":true,"href":"https:\/\/asel.hr\/webshop\/wp-json\/wp\/v2\/product_tag?post=6324"}],"curies":[{"name":"wp","href":"https:\/\/api.w.org\/{rel}","templated":true}]}}