{"id":5504,"date":"2023-12-02T02:29:57","date_gmt":"2023-12-02T01:29:57","guid":{"rendered":"https:\/\/asel.hr\/webshop\/?post_type=product&#038;p=5504"},"modified":"2026-04-29T03:00:33","modified_gmt":"2026-04-29T01:00:33","slug":"regulator-lcd-usb-timer-50a-12-24v","status":"publish","type":"product","link":"https:\/\/asel.hr\/webshop\/proizvod\/regulator-lcd-usb-timer-50a-12-24v\/","title":{"rendered":"Regulator LCD-USB-timer 50A 12\/24V"},"content":{"rendered":"<p>Nazivni napon 12V \/24VDC<br \/>\nNazivna struja 50A<br \/>\nPad napona izme\u0111u ulaza i baterije 0,5VDC<br \/>\nPad napona izme\u0111u baterije i tro\u0161ila 0,2VDC<br \/>\nVlastita potro\u0161nja <5mA\nDozvoljena radna temperatura okoline -35 ~+55\u00b0C\nNadmorska visina <5500m\nDimenzije 133\u00d770\u00d735mm\nTemp.kompenzacijski faktor -30mV\/\u00b0C \/ -60mV\/\u00b0C\n\nRegulator punjenja \u2013 slu\u017ei za reguliranje punjenja solarnih baterija\n\nSolarni regulator punjenja je optimalno dizajniran mikroprocesorski\nure\u0111aj sa izvrsnim svojstvima .\nUre\u0111aj je dizajniran za ku\u0107ne solarne sustave i izdvojene solarne stanice.\n\n\u2013 PWM (pulsno \u0161irinska modulacija) punjenja s visokom efikasno\u0161\u0107u\n\u2013 za\u0161tita od zamjene polariteta baterije, podnaponska i prenaponska za\u0161tita\n\u2013 za\u0161tita protiv kratkog spoja na izlazu, prevelike struje i preoptere\u0107enja.\n\u2013 za\u0161tita protiv kratkog spoja panela\n\u2013 za\u0161tita protiv otvorenog kruga baterija (prekida u krugu baterije)\n\u2013 precizno upravljanje naponima\n\u2013 LCD indikacija kapaciteta baterije\n\n\n\n<style>\n  .btn {\n    background-color: DodgerBlue;\n    border: none;\n    color: white;\n    cursor: pointer;\n    font-size: 20px;<\/p>\n<p>  }<\/p>\n<p>  \/* Darker background on mouse-over *\/\n  .btn:hover {\n    background-color: RoyalBlue;\n  }<\/p>\n<\/style>\n<p><a href=\"https:\/\/asel.hr\/webshop\/wp-content\/uploads\/2018\/05\/Regulatori-10A-20A-30A-50A-2USB.pdf\"><br \/>\n<button class=\"btn\" ><i class=\"fa fa-download\" style=\"font-size: 25px;\"><\/i> Preuzmi Specifikacije\u3164<\/button><br \/>\n<\/a><\/p>\n<p><a href=\"https:\/\/asel.hr\/webshop\/wp-content\/uploads\/2024\/04\/Jamstvo%20Solarni%20regulator.pdf\"><br \/>\n<button class=\"btn\" ><i class=\"fa fa-download\" style=\"font-size: 25px;\"><\/i> Preuzmi Jamstvene uvjete\u3164<\/button><br \/>\n<\/a><\/p>\n","protected":false},"excerpt":{"rendered":"<p>Nazivni napon 12V \/24VDC Nazivna struja 50A Pad napona izme\u0111u ulaza i baterije 0,5VDC Pad napona izme\u0111u baterije i tro\u0161ila 0,2VDC Vlastita potro\u0161nja<\/p>\n","protected":false},"featured_media":531,"template":"","meta":{"_links_to":"","_links_to_target":""},"product_cat":[124],"product_tag":[],"_links":{"self":[{"href":"https:\/\/asel.hr\/webshop\/wp-json\/wp\/v2\/product\/5504"}],"collection":[{"href":"https:\/\/asel.hr\/webshop\/wp-json\/wp\/v2\/product"}],"about":[{"href":"https:\/\/asel.hr\/webshop\/wp-json\/wp\/v2\/types\/product"}],"wp:featuredmedia":[{"embeddable":true,"href":"https:\/\/asel.hr\/webshop\/wp-json\/wp\/v2\/media\/531"}],"wp:attachment":[{"href":"https:\/\/asel.hr\/webshop\/wp-json\/wp\/v2\/media?parent=5504"}],"wp:term":[{"taxonomy":"product_cat","embeddable":true,"href":"https:\/\/asel.hr\/webshop\/wp-json\/wp\/v2\/product_cat?post=5504"},{"taxonomy":"product_tag","embeddable":true,"href":"https:\/\/asel.hr\/webshop\/wp-json\/wp\/v2\/product_tag?post=5504"}],"curies":[{"name":"wp","href":"https:\/\/api.w.org\/{rel}","templated":true}]}}