{"id":5332,"date":"2023-09-04T11:14:18","date_gmt":"2023-09-04T09:14:18","guid":{"rendered":"https:\/\/asel.hr\/webshop\/?post_type=product&#038;p=5332"},"modified":"2026-04-10T03:55:38","modified_gmt":"2026-04-10T01:55:38","slug":"solarna-pumpa-400w-36v","status":"publish","type":"product","link":"https:\/\/asel.hr\/webshop\/proizvod\/solarna-pumpa-400w-36v\/","title":{"rendered":"Solarna pumpa 400W 36V"},"content":{"rendered":"<p>Solarne dubinske pumpe idealne za navodnjavanje povr\u0161ina gdje ne postoji elektri\u010dno napajanje.<br \/>\nNisu potrebni akomulatori, dobijete pumpu sa kontrolerom, dadaju se samo solarne plo\u010de!<br \/>\nPumpe su bez \u010detkica, nije potrebno odr\u017eavanje.<br \/>\nKontroler ima mekani start i stop, regulaciju brzine. U setu se dobiju i sonde kojima je mogu\u0107e regulirati nivoe u rezervoarima ili bazenima koje se pune, te sondu za zdenac koja se koristi za za\u0161titu pumpe protiv rada na suho.\t<\/p>\n<p><img decoding=\"async\" src=\"https:\/\/asel.hr\/wp-content\/uploads\/Solarne_pumpe_tehnicke_karakteristike.jpg\" style='height: 100%; width: 100%; object-fit: contain'><\/p>\n<style>\n  .btn {\n    background-color: DodgerBlue;\n    border: none;\n    color: white;\n    cursor: pointer;\n    font-size: 20px;<\/p>\n<p>  }<\/p>\n<p>  \/* Darker background on mouse-over *\/\n  .btn:hover {\n    background-color: RoyalBlue;\n  }<\/p>\n<\/style>\n<p><a href=\"https:\/\/asel.hr\/webshop\/wp-content\/uploads\/2025\/01\/Uputstvo_solarne_pumpe.pdf\"><br \/>\n<button class=\"btn\" ><i class=\"fa fa-download\" style=\"font-size: 25px;\"><\/i> Preuzmi Uputstva\u3164<\/button><br \/>\n<\/a><\/p>\n","protected":false},"excerpt":{"rendered":"<p>Solarne dubinske pumpe idealne za navodnjavanje povr\u0161ina gdje ne postoji elektri\u010dno napajanje. Nisu potrebni akomulatori, dobijete pumpu sa kontrolerom, dadaju se samo solarne plo\u010de! Pumpe su bez \u010detkica, nije potrebno odr\u017eavanje. Kontroler ima mekani start i stop, regulaciju brzine. U setu se dobiju i sonde kojima je mogu\u0107e regulirati nivoe u rezervoarima ili bazenima koje [&hellip;]<\/p>\n","protected":false},"featured_media":5338,"template":"","meta":{"_links_to":"","_links_to_target":""},"product_cat":[129],"product_tag":[],"_links":{"self":[{"href":"https:\/\/asel.hr\/webshop\/wp-json\/wp\/v2\/product\/5332"}],"collection":[{"href":"https:\/\/asel.hr\/webshop\/wp-json\/wp\/v2\/product"}],"about":[{"href":"https:\/\/asel.hr\/webshop\/wp-json\/wp\/v2\/types\/product"}],"wp:featuredmedia":[{"embeddable":true,"href":"https:\/\/asel.hr\/webshop\/wp-json\/wp\/v2\/media\/5338"}],"wp:attachment":[{"href":"https:\/\/asel.hr\/webshop\/wp-json\/wp\/v2\/media?parent=5332"}],"wp:term":[{"taxonomy":"product_cat","embeddable":true,"href":"https:\/\/asel.hr\/webshop\/wp-json\/wp\/v2\/product_cat?post=5332"},{"taxonomy":"product_tag","embeddable":true,"href":"https:\/\/asel.hr\/webshop\/wp-json\/wp\/v2\/product_tag?post=5332"}],"curies":[{"name":"wp","href":"https:\/\/api.w.org\/{rel}","templated":true}]}}