{"id":4952,"date":"2023-02-10T09:55:47","date_gmt":"2023-02-10T08:55:47","guid":{"rendered":"https:\/\/asel.hr\/webshop\/?post_type=product&#038;p=4952"},"modified":"2026-04-10T03:55:36","modified_gmt":"2026-04-10T01:55:36","slug":"pretvarac-hibridni-3kva-mppt40a25a75v","status":"publish","type":"product","link":"https:\/\/asel.hr\/webshop\/proizvod\/pretvarac-hibridni-3kva-mppt40a25a75v\/","title":{"rendered":"PRETVARA\u010c HIBRIDNI 3KVA\/ MPPT40A25A75V"},"content":{"rendered":"<p>Profesionalni Hibridni multifunkcijski pretvara\u010d-s MPPT regulatorom punjenja kombinira funkciju pretvara\u010da i solarnog baterijskog punja\u010da i omogu\u0107uje kvalitetno i neprekidno el. napajanje s pravim sinusnim naponom.<\/p>\n<p>LCD ekran nudi korisni\u010dko lako pristupa\u010dno parametriranje pretvara\u010da kao PV struja punjenja, AC\/solar prioritet pri punjenju, odre\u0111ivanje ranga ulaznog napona glede razli\u010ditih primjena,..<\/p>\n<p><embed src=\"https:\/\/asel.hr\/webshop\/wp-content\/pdf\/MPS_3kW_40A_specifikacije_pret31.jpg\" width=\"800px\" height=\"100%\"><\/embed><\/p>\n<style>\n  .btn {\n    background-color: DodgerBlue;\n    border: none;\n    color: white;\n    cursor: pointer;\n    font-size: 20px;\n  }\n  \/* Darker background on mouse-over *\/\n  .btn:hover {\n    background-color: RoyalBlue;\n  }\n<\/style>\n<p><a href=\"https:\/\/asel.hr\/webshop\/wp-content\/pdf\/MPS_3kW_user_manual_pret31.pdf\"><br \/>\n<button class=\"btn\"><i class=\"fa fa-download\" style=\"font-size: 25px;\"><\/i> Preuzmi Korisni\u010dko uputstvo\u3164<\/button><br \/>\n<\/a><\/p>\n<p><a href=\"https:\/\/asel.hr\/webshop\/wp-content\/uploads\/2024\/04\/Jamstvo%20za%20invertere.pdf\"><br \/>\n<button class=\"btn\"><i class=\"fa fa-download\" style=\"font-size: 25px;\"><\/i> Preuzmi Jamstvene uvjete\u3164<\/button><br \/>\n<\/a><\/p>\n","protected":false},"excerpt":{"rendered":"<p>Profesionalni Hibridni multifunkcijski pretvara\u010d-s MPPT regulatorom punjenja kombinira funkciju pretvara\u010da i solarnog baterijskog punja\u010da i omogu\u0107uje kvalitetno i neprekidno el. napajanje s pravim sinusnim naponom. LCD ekran nudi korisni\u010dko lako pristupa\u010dno parametriranje pretvara\u010da kao PV struja punjenja, AC\/solar prioritet pri punjenju, odre\u0111ivanje ranga ulaznog napona glede razli\u010ditih primjena,.. Preuzmi Korisni\u010dko uputstvo\u3164 Preuzmi Jamstvene uvjete\u3164<\/p>\n","protected":false},"featured_media":4953,"template":"","meta":{"_links_to":"","_links_to_target":""},"product_cat":[126],"product_tag":[],"_links":{"self":[{"href":"https:\/\/asel.hr\/webshop\/wp-json\/wp\/v2\/product\/4952"}],"collection":[{"href":"https:\/\/asel.hr\/webshop\/wp-json\/wp\/v2\/product"}],"about":[{"href":"https:\/\/asel.hr\/webshop\/wp-json\/wp\/v2\/types\/product"}],"wp:featuredmedia":[{"embeddable":true,"href":"https:\/\/asel.hr\/webshop\/wp-json\/wp\/v2\/media\/4953"}],"wp:attachment":[{"href":"https:\/\/asel.hr\/webshop\/wp-json\/wp\/v2\/media?parent=4952"}],"wp:term":[{"taxonomy":"product_cat","embeddable":true,"href":"https:\/\/asel.hr\/webshop\/wp-json\/wp\/v2\/product_cat?post=4952"},{"taxonomy":"product_tag","embeddable":true,"href":"https:\/\/asel.hr\/webshop\/wp-json\/wp\/v2\/product_tag?post=4952"}],"curies":[{"name":"wp","href":"https:\/\/api.w.org\/{rel}","templated":true}]}}