{"id":4949,"date":"2023-02-09T14:06:13","date_gmt":"2023-02-09T13:06:13","guid":{"rendered":"https:\/\/asel.hr\/webshop\/?post_type=product&#038;p=4949"},"modified":"2026-04-23T03:55:33","modified_gmt":"2026-04-23T01:55:33","slug":"optimizator-400w-9-75v-13a-2","status":"publish","type":"product","link":"https:\/\/asel.hr\/webshop\/proizvod\/optimizator-400w-9-75v-13a-2\/","title":{"rendered":"OPTIMIZATOR 400W 9-75V 13A"},"content":{"rendered":"<p>Optimizator snage za solarni panel je ure\u0111aj koji se koristi za pove\u0107anje u\u010dinkovitosti solarnog sustava. On koristi jedinstveni softverski algoritam za pra\u0107enje maksimalne to\u010dke snage svakog pojedina\u010dnog modula u stvarnom vremenu. Ovaj algoritam omogu\u0107ava optimizatoru da automatski prilagodi rad svakog modula tako da se postigne najve\u0107a mogu\u0107a snaga.<\/p>\n<p>Optimizator tako\u0111er omogu\u0107ava korisniku da odabere razli\u010dite vrste proizvoda prema stvarnim radnim uvjetima solarnog sustava, \u0161to omogu\u0107uje rje\u0161avanje problema zakrivanja(zasjenjivanja) ili elektri\u010dnih specifikacija komponenata.<br \/>\nMogu\u0107nost stavljanja optimizatora na samo jedan panel u stringu. Ako se jedan ili vi\u0161e panela nalazi u sjeni u nekom dijelu dana (npr.poslijepodne) tada se spajaju optimizatori na te panele i time smanjuju razlike u proizvodnji snage i pove\u0107ava u\u010dinkovitost sustava.<br \/>\nNije potrebno da se optimizatori stave na sve panele u stringu!!! <\/p>\n<p>Pored toga, optimizatori uz dodatnu opremu omogu\u0107avaju i online pra\u0107enje sustava, \u0161to vam omogu\u0107uje da stalno pratite njegovu u\u010dinkovitost i poduzimate potrebne korake kako bi se pobolj\u0161alo funkcioniranje. Ukupno, optimizator za solarni panel omogu\u0107ava vam da maksimalno iskoristite potencijal va\u0161eg solarnog sustava i da ga odr\u017eavate u najboljem stanju.<\/p>\n<p><strong>Prednosti optimizatora:<\/strong><\/p>\n<ol>\n<li>Maksimalna snaga to\u010dke za pra\u0107enje (MPPT) na razini modula koji pove\u0107ava iskoristivost snage za 5-25%..<\/li>\n<li>Stalno pra\u0107enje panela koje omogu\u0107uje pravovremeno upozoravanje i alarmiranje<\/li>\n<li>Sigurnost solarnog sustava, udaljeno ga\u0161enje i eliminacija opasnosti od visokog napona.<\/li>\n<li>Mogu\u0107nost dodavanja modula, kompatibilnost sa inverterima i dostupnost za nove ili postoje\u0107e solarno postrojenje.<\/li>\n<li>Fleksibilni dizajn sustava za maksimalno iskori\u0161tenje prostora.<\/li>\n<li>Dug \u017eivotni vijek od 25 godina koji se savr\u0161eno uklapa s solarnim modulom<\/li>\n<\/ol>\n<p><embed src=\"https:\/\/asel.hr\/webshop\/wp-content\/pdf\/OPTIMIZATOR_400W_datasheet_SKU-opt400.jpg\" width=\"800px\" height=\"100%\"><\/embed><br \/>\n<a href=\"https:\/\/asel.hr\/webshop\/wp-content\/pdf\/optimizer_400W_datasheet_SKU-opt400.pdf\">Optimizator 400w Datasheet &#8211; Download<\/a><br \/>\n<a href=\"https:\/\/asel.hr\/webshop\/wp-content\/pdf\/optimizer_user_manual_SKU-opt400_opt650.pdf\">Optimizator Korisni\u010dko uputstvo &#8211; Download<\/a><\/p>\n","protected":false},"excerpt":{"rendered":"<p>Optimizator snage za solarni panel je ure\u0111aj koji se koristi za pove\u0107anje u\u010dinkovitosti solarnog sustava. On koristi jedinstveni softverski algoritam za pra\u0107enje maksimalne to\u010dke snage svakog pojedina\u010dnog modula u stvarnom vremenu. Ovaj algoritam omogu\u0107ava optimizatoru da automatski prilagodi rad svakog modula tako da se postigne najve\u0107a mogu\u0107a snaga. Optimizator tako\u0111er omogu\u0107ava korisniku da odabere razli\u010dite [&hellip;]<\/p>\n","protected":false},"featured_media":4950,"template":"","meta":{"_links_to":"","_links_to_target":""},"product_cat":[165],"product_tag":[],"_links":{"self":[{"href":"https:\/\/asel.hr\/webshop\/wp-json\/wp\/v2\/product\/4949"}],"collection":[{"href":"https:\/\/asel.hr\/webshop\/wp-json\/wp\/v2\/product"}],"about":[{"href":"https:\/\/asel.hr\/webshop\/wp-json\/wp\/v2\/types\/product"}],"wp:featuredmedia":[{"embeddable":true,"href":"https:\/\/asel.hr\/webshop\/wp-json\/wp\/v2\/media\/4950"}],"wp:attachment":[{"href":"https:\/\/asel.hr\/webshop\/wp-json\/wp\/v2\/media?parent=4949"}],"wp:term":[{"taxonomy":"product_cat","embeddable":true,"href":"https:\/\/asel.hr\/webshop\/wp-json\/wp\/v2\/product_cat?post=4949"},{"taxonomy":"product_tag","embeddable":true,"href":"https:\/\/asel.hr\/webshop\/wp-json\/wp\/v2\/product_tag?post=4949"}],"curies":[{"name":"wp","href":"https:\/\/api.w.org\/{rel}","templated":true}]}}