{"id":4946,"date":"2023-02-09T11:08:38","date_gmt":"2023-02-09T10:08:38","guid":{"rendered":"https:\/\/asel.hr\/webshop\/?post_type=product&#038;p=4946"},"modified":"2026-04-25T03:00:51","modified_gmt":"2026-04-25T01:00:51","slug":"optimizator-650w-12-75v-15a","status":"publish","type":"product","link":"https:\/\/asel.hr\/webshop\/proizvod\/optimizator-650w-12-75v-15a\/","title":{"rendered":"OPTIMIZATOR 650W 12-75V 15A"},"content":{"rendered":"<p>Optimizator snage za solarni panel je ure\u0111aj koji se koristi za pove\u0107anje u\u010dinkovitosti solarnog sustava. On koristi jedinstveni softverski algoritam za pra\u0107enje maksimalne to\u010dke snage svakog pojedina\u010dnog modula u stvarnom vremenu. Ovaj algoritam omogu\u0107ava optimizatoru da automatski prilagodi rad svakog modula tako da se postigne najve\u0107a mogu\u0107a snaga.<\/p>\n<p>Optimizator tako\u0111er omogu\u0107ava korisniku da odabere razli\u010dite vrste proizvoda prema stvarnim radnim uvjetima solarnog sustava, \u0161to omogu\u0107uje rje\u0161avanje problema zakrivanja(zasjenjivanja) ili elektri\u010dnih specifikacija komponenata.<br \/>\nMogu\u0107nost stavljanja optimizatora na samo jedan panel u stringu. Ako se jedan ili vi\u0161e panela nalazi u sjeni u nekom dijelu dana (npr.poslijepodne) tada se spajaju optimizatori na te panele i time smanjuju razlike u proizvodnji snage i pove\u0107ava u\u010dinkovitost sustava.<br \/>\nNije potrebno da se optimizatori stave na sve panele u stringu!!! <\/p>\n<p>Pored toga, optimizatori uz dodatnu opremu omogu\u0107avaju i online pra\u0107enje sustava, \u0161to vam omogu\u0107uje da stalno pratite njegovu u\u010dinkovitost i poduzimate potrebne korake kako bi se pobolj\u0161alo funkcioniranje. Ukupno, optimizator za solarni panel omogu\u0107ava vam da maksimalno iskoristite potencijal va\u0161eg solarnog sustava i da ga odr\u017eavate u najboljem stanju.<\/p>\n<p><embed src=\"https:\/\/asel.hr\/webshop\/wp-content\/pdf\/OPTIMIZATOR_650W_12-75V_15A_datasheet_SKU-opt650.jpg\" width=\"800px\" height=\"100%\"><\/embed><br \/>\n<a href=\"https:\/\/asel.hr\/webshop\/wp-content\/pdf\/optimizer_650W_datasheet_SKU-opt650.pdf\">Optimizator 650w Datasheet &#8211; Download<\/a><br \/>\n<a href=\"https:\/\/asel.hr\/webshop\/wp-content\/pdf\/optimizer_user_manual_SKU-opt400_opt650.pdf\">Optimizator Korisni\u010dko uputstvo &#8211; Download<\/a><\/p>\n","protected":false},"excerpt":{"rendered":"<p>Optimizator snage za solarni panel je ure\u0111aj koji se koristi za pove\u0107anje u\u010dinkovitosti solarnog sustava. On koristi jedinstveni softverski algoritam za pra\u0107enje maksimalne to\u010dke snage svakog pojedina\u010dnog modula u stvarnom vremenu. Ovaj algoritam omogu\u0107ava optimizatoru da automatski prilagodi rad svakog modula tako da se postigne najve\u0107a mogu\u0107a snaga. Optimizator tako\u0111er omogu\u0107ava korisniku da odabere razli\u010dite [&hellip;]<\/p>\n","protected":false},"featured_media":4947,"template":"","meta":{"_links_to":"","_links_to_target":""},"product_cat":[165],"product_tag":[],"_links":{"self":[{"href":"https:\/\/asel.hr\/webshop\/wp-json\/wp\/v2\/product\/4946"}],"collection":[{"href":"https:\/\/asel.hr\/webshop\/wp-json\/wp\/v2\/product"}],"about":[{"href":"https:\/\/asel.hr\/webshop\/wp-json\/wp\/v2\/types\/product"}],"wp:featuredmedia":[{"embeddable":true,"href":"https:\/\/asel.hr\/webshop\/wp-json\/wp\/v2\/media\/4947"}],"wp:attachment":[{"href":"https:\/\/asel.hr\/webshop\/wp-json\/wp\/v2\/media?parent=4946"}],"wp:term":[{"taxonomy":"product_cat","embeddable":true,"href":"https:\/\/asel.hr\/webshop\/wp-json\/wp\/v2\/product_cat?post=4946"},{"taxonomy":"product_tag","embeddable":true,"href":"https:\/\/asel.hr\/webshop\/wp-json\/wp\/v2\/product_tag?post=4946"}],"curies":[{"name":"wp","href":"https:\/\/api.w.org\/{rel}","templated":true}]}}