{"id":4939,"date":"2023-02-08T13:16:47","date_gmt":"2023-02-08T12:16:47","guid":{"rendered":"https:\/\/asel.hr\/webshop\/?post_type=product&#038;p=4939"},"modified":"2026-04-10T03:55:36","modified_gmt":"2026-04-10T01:55:36","slug":"hibridni-pretvarac-35kw-pv5kw-24v","status":"publish","type":"product","link":"https:\/\/asel.hr\/webshop\/proizvod\/hibridni-pretvarac-35kw-pv5kw-24v\/","title":{"rendered":"HIBRIDNI PRETVARA\u010c 3,5kW\/ PV5kW\/ 24V"},"content":{"rendered":"<p>Profesionalni Hibridni multifunkcijski pretvara\u010d-s MPPT regulatorom punjenja kombinira funkciju pretvara\u010da i solarnog baterijskog punja\u010da i omogu\u0107uje kvalitetno i neprekidno el. napajanje s pravim sinusnim naponom.<\/p>\n<p>LCD ekran nudi korisni\u010dko lako pristupa\u010dno parametriranje pretvara\u010da kao PV struja punjenja, AC\/solar prioritet pri punjenju, odre\u0111ivanje ranga ulaznog napona glede razli\u010ditih primjena,..<\/p>\n<p><a href=\"https:\/\/www.asel.hr\/wp-content\/uploads\/MANUAL_FOR_MPS-H_5,5kW_hibrid_PR35H_i_PR55H\">User Manual<\/a><br \/>\n<img decoding=\"async\" src=\"https:\/\/asel.hr\/wp-content\/uploads\/5,5kW_Hibrid_MPPT6kW_500V_2207_specifikacije.jpg\" style='height: 100%; width: 100%; object-fit: contain'><\/p>\n<style>\n  .btn {\n    background-color: DodgerBlue;\n    border: none;\n    color: white;\n    cursor: pointer;\n    font-size: 20px;\n  }\n  \/* Darker background on mouse-over *\/\n  .btn:hover {\n    background-color: RoyalBlue;\n  }\n<\/style>\n<p><a href=\"https:\/\/asel.hr\/webshop\/wp-content\/uploads\/2024\/04\/Jamstvo%20za%20invertere.pdf\"><br \/>\n<button class=\"btn\" ><i class=\"fa fa-download\" style=\"font-size: 25px;\"><\/i> Preuzmi Jamstvene uvjete\u3164<\/button><br \/>\n<\/a><\/p>\n","protected":false},"excerpt":{"rendered":"<p>Profesionalni Hibridni multifunkcijski pretvara\u010d-s MPPT regulatorom punjenja kombinira funkciju pretvara\u010da i solarnog baterijskog punja\u010da i omogu\u0107uje kvalitetno i neprekidno el. napajanje s pravim sinusnim naponom. LCD ekran nudi korisni\u010dko lako pristupa\u010dno parametriranje pretvara\u010da kao PV struja punjenja, AC\/solar prioritet pri punjenju, odre\u0111ivanje ranga ulaznog napona glede razli\u010ditih primjena,.. User Manual Preuzmi Jamstvene uvjete\u3164<\/p>\n","protected":false},"featured_media":4940,"template":"","meta":{"_links_to":"","_links_to_target":""},"product_cat":[126],"product_tag":[],"_links":{"self":[{"href":"https:\/\/asel.hr\/webshop\/wp-json\/wp\/v2\/product\/4939"}],"collection":[{"href":"https:\/\/asel.hr\/webshop\/wp-json\/wp\/v2\/product"}],"about":[{"href":"https:\/\/asel.hr\/webshop\/wp-json\/wp\/v2\/types\/product"}],"wp:featuredmedia":[{"embeddable":true,"href":"https:\/\/asel.hr\/webshop\/wp-json\/wp\/v2\/media\/4940"}],"wp:attachment":[{"href":"https:\/\/asel.hr\/webshop\/wp-json\/wp\/v2\/media?parent=4939"}],"wp:term":[{"taxonomy":"product_cat","embeddable":true,"href":"https:\/\/asel.hr\/webshop\/wp-json\/wp\/v2\/product_cat?post=4939"},{"taxonomy":"product_tag","embeddable":true,"href":"https:\/\/asel.hr\/webshop\/wp-json\/wp\/v2\/product_tag?post=4939"}],"curies":[{"name":"wp","href":"https:\/\/api.w.org\/{rel}","templated":true}]}}