{"id":4691,"date":"2022-10-21T14:23:30","date_gmt":"2022-10-21T12:23:30","guid":{"rendered":"https:\/\/asel.hr\/webshop\/?post_type=product&#038;p=4691"},"modified":"2026-05-02T03:55:39","modified_gmt":"2026-05-02T01:55:39","slug":"toplinska-pumpa-32kw-fuji","status":"publish","type":"product","link":"https:\/\/asel.hr\/webshop\/proizvod\/toplinska-pumpa-32kw-fuji\/","title":{"rendered":"Toplinska pumpa 32KW FUJI"},"content":{"rendered":"<p>visoke energetske u\u010dinkovitosti spadaju u obnovljive izvore energije te u pravilu osiguravaju COP vi\u0161i od 4.tj. dizalica topline mo\u017ee za svaki kW utro\u0161ene elektri\u010dne energije predati vi\u0161e od 4 kW toplinske energije<\/p>\n<p>Dizalice topline \u010dak i pri temperaturama ispod 0\u00b0C mogu koristiti iz okolnog zraka, a zahvaljuju\u0107i modernim inverterskim kompresorima, re\u017eim rada se prote\u017ee do \u010dak -28\u00b0C, time je zajam\u010deno funkcioniranje sustava bez obzira na poziciju objekta i vanjsku temperaturu.<\/p>\n<p>Dizalica topline sastoji se od vanjske i unutarnje jedinice a postoje monoblock izvedbe u jednoj jedinici u kojoj se nalazi kompresor i izmjenjiva\u010d.<\/p>\n<p><img decoding=\"async\" src=\"https:\/\/www.asel.hr\/wp-content\/uploads\/specifikacije_toplinskepumpe.jpg\" style='height: 100%; width: 100%; object-fit: contain'><\/p>\n<style>\n  .btn {\n    background-color: DodgerBlue;\n    border: none;\n    color: white;\n    cursor: pointer;\n    font-size: 20px;<\/p>\n<p>  }<\/p>\n<p>  \/* Darker background on mouse-over *\/\n  .btn:hover {\n    background-color: RoyalBlue;\n  }<\/p>\n<\/style>\n<p><a href=\"https:\/\/asel.hr\/webshop\/wp-content\/uploads\/2025\/10\/BLN-032TA1_manual.pdf\"><br \/>\n<button class=\"btn\" ><i class=\"fa fa-download\" style=\"font-size: 25px;\"><\/i> Preuzmi Uputstva\u3164<\/button><br \/>\n<\/a><\/p>\n","protected":false},"excerpt":{"rendered":"<p>visoke energetske u\u010dinkovitosti spadaju u obnovljive izvore energije te u pravilu osiguravaju COP vi\u0161i od 4.tj. dizalica topline mo\u017ee za svaki kW utro\u0161ene elektri\u010dne energije predati vi\u0161e od 4 kW toplinske energije Dizalice topline \u010dak i pri temperaturama ispod 0\u00b0C mogu koristiti iz okolnog zraka, a zahvaljuju\u0107i modernim inverterskim kompresorima, re\u017eim rada se prote\u017ee do [&hellip;]<\/p>\n","protected":false},"featured_media":4692,"template":"","meta":{"_links_to":"","_links_to_target":""},"product_cat":[182],"product_tag":[],"_links":{"self":[{"href":"https:\/\/asel.hr\/webshop\/wp-json\/wp\/v2\/product\/4691"}],"collection":[{"href":"https:\/\/asel.hr\/webshop\/wp-json\/wp\/v2\/product"}],"about":[{"href":"https:\/\/asel.hr\/webshop\/wp-json\/wp\/v2\/types\/product"}],"wp:featuredmedia":[{"embeddable":true,"href":"https:\/\/asel.hr\/webshop\/wp-json\/wp\/v2\/media\/4692"}],"wp:attachment":[{"href":"https:\/\/asel.hr\/webshop\/wp-json\/wp\/v2\/media?parent=4691"}],"wp:term":[{"taxonomy":"product_cat","embeddable":true,"href":"https:\/\/asel.hr\/webshop\/wp-json\/wp\/v2\/product_cat?post=4691"},{"taxonomy":"product_tag","embeddable":true,"href":"https:\/\/asel.hr\/webshop\/wp-json\/wp\/v2\/product_tag?post=4691"}],"curies":[{"name":"wp","href":"https:\/\/api.w.org\/{rel}","templated":true}]}}