{"id":4135,"date":"2022-02-20T04:42:35","date_gmt":"2022-02-20T03:42:35","guid":{"rendered":"https:\/\/asel.hr\/webshop\/?post_type=product&#038;p=4135"},"modified":"2026-05-01T03:55:33","modified_gmt":"2026-05-01T01:55:33","slug":"solarna-ugljicna-baterija-gel-200ah-12v","status":"publish","type":"product","link":"https:\/\/asel.hr\/webshop\/proizvod\/solarna-ugljicna-baterija-gel-200ah-12v\/","title":{"rendered":"Baterija s vodljivim ugljikom 200Ah (bez GEL)"},"content":{"rendered":"<p>Baterije sa VODLJIVIM UGLJIKOM od svjetski poznatog proizvo\u0111a\u010da SOLARFAM,<br \/>\nVrlo kvalitetne, hermeti\u010dki zatvorene  i po broju ciklusa su veoma blizu Litijevim baterijama.<\/p>\n<p>Dizajnirane za 15g \u017eivotni radni vijek<br \/>\n3000 ciklusa s 30% i gotovo 7.000 ciklusa sa 20% pra\u017enjenjem baterija<\/p>\n<p><img decoding=\"async\" src=\"https:\/\/asel.hr\/webshop\/wp-content\/pictures\/lead_carbon_200AH-1.png\" ><br \/>\n<img decoding=\"async\" src=\"https:\/\/asel.hr\/webshop\/wp-content\/pictures\/lead_carbon_200AH-2.png\" ><\/p>\n<p><embed src=\"https:\/\/asel.hr\/webshop\/wp-content\/pdf\/200ah_C_DATA_SHEETS.pdf\" width=\"800px\" height=\"2100px\" \/><\/p>\n<style>\n  .btn {\n    background-color: DodgerBlue;\n    border: none;\n    color: white;\n    cursor: pointer;\n    font-size: 20px;<\/p>\n<p>  }<\/p>\n<p>  \/* Darker background on mouse-over *\/\n  .btn:hover {\n    background-color: RoyalBlue;\n  }<\/p>\n<\/style>\n<p><a href=\"https:\/\/asel.hr\/webshop\/wp-content\/uploads\/2024\/04\/Jamstvo%20za%20baterije%20GEL%20UGLJIK.pdf\"><br \/>\n<button class=\"btn\" ><i class=\"fa fa-download\" style=\"font-size: 25px;\"><\/i> Preuzmi Jamstvene uvjete\u3164<\/button><br \/>\n<\/a><\/p>\n","protected":false},"excerpt":{"rendered":"<p>Baterije sa VODLJIVIM UGLJIKOM od svjetski poznatog proizvo\u0111a\u010da SOLARFAM, Vrlo kvalitetne, hermeti\u010dki zatvorene i po broju ciklusa su veoma blizu Litijevim baterijama. Dizajnirane za 15g \u017eivotni radni vijek 3000 ciklusa s 30% i gotovo 7.000 ciklusa sa 20% pra\u017enjenjem baterija Preuzmi Jamstvene uvjete\u3164<\/p>\n","protected":false},"featured_media":4136,"template":"","meta":{"_links_to":"","_links_to_target":""},"product_cat":[187],"product_tag":[],"_links":{"self":[{"href":"https:\/\/asel.hr\/webshop\/wp-json\/wp\/v2\/product\/4135"}],"collection":[{"href":"https:\/\/asel.hr\/webshop\/wp-json\/wp\/v2\/product"}],"about":[{"href":"https:\/\/asel.hr\/webshop\/wp-json\/wp\/v2\/types\/product"}],"wp:featuredmedia":[{"embeddable":true,"href":"https:\/\/asel.hr\/webshop\/wp-json\/wp\/v2\/media\/4136"}],"wp:attachment":[{"href":"https:\/\/asel.hr\/webshop\/wp-json\/wp\/v2\/media?parent=4135"}],"wp:term":[{"taxonomy":"product_cat","embeddable":true,"href":"https:\/\/asel.hr\/webshop\/wp-json\/wp\/v2\/product_cat?post=4135"},{"taxonomy":"product_tag","embeddable":true,"href":"https:\/\/asel.hr\/webshop\/wp-json\/wp\/v2\/product_tag?post=4135"}],"curies":[{"name":"wp","href":"https:\/\/api.w.org\/{rel}","templated":true}]}}