{"id":4132,"date":"2022-02-20T04:39:50","date_gmt":"2022-02-20T03:39:50","guid":{"rendered":"https:\/\/asel.hr\/webshop\/?post_type=product&#038;p=4132"},"modified":"2026-05-13T03:55:38","modified_gmt":"2026-05-13T01:55:38","slug":"solarna-baterija-gel-200ah-12v","status":"publish","type":"product","link":"https:\/\/asel.hr\/webshop\/proizvod\/solarna-baterija-gel-200ah-12v\/","title":{"rendered":"Solarna baterija GEL 200Ah 12V"},"content":{"rendered":"<p>GEL: dugi vijek trajanja <\/p>\n<p>Nudimo SOLE  (VRLA GEL) i SOLARFAM (GEL) baterije, podnose kratkotrajno i dubinska pra\u017enjenja.<br \/>\nKori\u0161tenjem visoke \u010disto\u0107e materijala osigurava se da obje GEL i AGM baterije imaju osobito nizak prag samo pra\u017enjenja tako da se ne\u0107e isprazniti tijekom dugog perioda bez punjenja.<br \/>\nbaterije GELTECH su zatvorene i ne trebaju odr\u017eavanje.<br \/>\nKapacitet  baterije je proporcionalan te\u017eini baterije<br \/>\nSolarFam GEL baterije imaju i vi\u0161e od 1.800 ciklusa sa 30% pra\u017enjenja.<br \/>\nDizajnirane baterije GEL SOLE za 10g \u017eivotni vijek, a GEL SOLARFAM za 10 do 12g.<br \/>\nBaterije smjestiti u prostor s temperaturom do 25\u2070C. Okolne temperature ve\u0107e od 35\u2070C \u0107e skratiti \u017eivotni vijek i do 50%.<\/p>\n<p><img decoding=\"async\" src=\"https:\/\/asel.hr\/webshop\/wp-content\/pictures\/200AH_GEL_1.png\" ><br \/>\n<img decoding=\"async\" src=\"https:\/\/asel.hr\/webshop\/wp-content\/pictures\/200AH_GEL_2.png\" ><\/p>\n<p><embed src=\"https:\/\/asel.hr\/webshop\/wp-content\/pdf\/200ah_SOLARFAM_GEL_DATA_SHEETS.pdf\" width=\"800px\" height=\"2100px\" \/><\/p>\n","protected":false},"excerpt":{"rendered":"<p>GEL: dugi vijek trajanja Nudimo SOLE (VRLA GEL) i SOLARFAM (GEL) baterije, podnose kratkotrajno i dubinska pra\u017enjenja. Kori\u0161tenjem visoke \u010disto\u0107e materijala osigurava se da obje GEL i AGM baterije imaju osobito nizak prag samo pra\u017enjenja tako da se ne\u0107e isprazniti tijekom dugog perioda bez punjenja. baterije GELTECH su zatvorene i ne trebaju odr\u017eavanje. Kapacitet baterije [&hellip;]<\/p>\n","protected":false},"featured_media":4134,"template":"","meta":{"_links_to":"","_links_to_target":""},"product_cat":[135],"product_tag":[],"_links":{"self":[{"href":"https:\/\/asel.hr\/webshop\/wp-json\/wp\/v2\/product\/4132"}],"collection":[{"href":"https:\/\/asel.hr\/webshop\/wp-json\/wp\/v2\/product"}],"about":[{"href":"https:\/\/asel.hr\/webshop\/wp-json\/wp\/v2\/types\/product"}],"wp:featuredmedia":[{"embeddable":true,"href":"https:\/\/asel.hr\/webshop\/wp-json\/wp\/v2\/media\/4134"}],"wp:attachment":[{"href":"https:\/\/asel.hr\/webshop\/wp-json\/wp\/v2\/media?parent=4132"}],"wp:term":[{"taxonomy":"product_cat","embeddable":true,"href":"https:\/\/asel.hr\/webshop\/wp-json\/wp\/v2\/product_cat?post=4132"},{"taxonomy":"product_tag","embeddable":true,"href":"https:\/\/asel.hr\/webshop\/wp-json\/wp\/v2\/product_tag?post=4132"}],"curies":[{"name":"wp","href":"https:\/\/api.w.org\/{rel}","templated":true}]}}