{"id":4042,"date":"2022-01-09T18:46:42","date_gmt":"2022-01-09T17:46:42","guid":{"rendered":"https:\/\/asel.hr\/webshop\/?post_type=product&#038;p=4042"},"modified":"2026-04-23T03:55:40","modified_gmt":"2026-04-23T01:55:40","slug":"solarna-klupa-easy-t","status":"publish","type":"product","link":"https:\/\/asel.hr\/webshop\/proizvod\/solarna-klupa-easy-t\/","title":{"rendered":"Solarna klupa EASY-T"},"content":{"rendered":"<p>Solarna klupa EASY-T :<\/p>\n<p>2 USB uti\u010dnice za mobitel ili tablet<br \/>\n2 x fotonaponski panel 40W Victron energy = 80W<br \/>\n1 MPPT regulator 15A Victron energy<br \/>\n1 GEL Akumulator 120Ah Victron energy<br \/>\nRegulator rada LED rasvjete<br \/>\nOsigura\u010di,kablovi i ostala sitna oprema<br \/>\nOpcija Wifi &#8211; Hotspot<\/p>\n<p>Dimenzija:du\u017eina 1980mm,\u0161irina 480mm,visina 480mm.<br \/>\nSolarna klupa podrzava punjenje 4 mobitela ili ra\u010dunala putem USB i LED rasvjetu<br \/>\nKlupa je izra\u0111ena od pocin\u010danog \u010delika i Fundermax obloga te je otporna i na najekstremnije vremenske uvjete(UV zra\u010denje,sol). Klupa je projektirana kao ANTI-VANDAL i nemogu\u0107e je o\u0161tetiti ili nanijeti joj bilo kakvu ve\u0107u \u0161tetu. Njena \u010deli\u010dna izrada vrlo je otporna a sva elektro oprema je smje\u0161tena unutar za\u0161titne kutije.<\/p>\n","protected":false},"excerpt":{"rendered":"<p>Solarna klupa EASY-T : 2 USB uti\u010dnice za mobitel ili tablet 2 x fotonaponski panel 40W Victron energy = 80W 1 MPPT regulator 15A Victron energy 1 GEL Akumulator 120Ah Victron energy Regulator rada LED rasvjete Osigura\u010di,kablovi i ostala sitna oprema Opcija Wifi &#8211; Hotspot Dimenzija:du\u017eina 1980mm,\u0161irina 480mm,visina 480mm. Solarna klupa podrzava punjenje 4 mobitela [&hellip;]<\/p>\n","protected":false},"featured_media":4043,"template":"","meta":{"_links_to":"","_links_to_target":""},"product_cat":[108],"product_tag":[],"_links":{"self":[{"href":"https:\/\/asel.hr\/webshop\/wp-json\/wp\/v2\/product\/4042"}],"collection":[{"href":"https:\/\/asel.hr\/webshop\/wp-json\/wp\/v2\/product"}],"about":[{"href":"https:\/\/asel.hr\/webshop\/wp-json\/wp\/v2\/types\/product"}],"wp:featuredmedia":[{"embeddable":true,"href":"https:\/\/asel.hr\/webshop\/wp-json\/wp\/v2\/media\/4043"}],"wp:attachment":[{"href":"https:\/\/asel.hr\/webshop\/wp-json\/wp\/v2\/media?parent=4042"}],"wp:term":[{"taxonomy":"product_cat","embeddable":true,"href":"https:\/\/asel.hr\/webshop\/wp-json\/wp\/v2\/product_cat?post=4042"},{"taxonomy":"product_tag","embeddable":true,"href":"https:\/\/asel.hr\/webshop\/wp-json\/wp\/v2\/product_tag?post=4042"}],"curies":[{"name":"wp","href":"https:\/\/api.w.org\/{rel}","templated":true}]}}