{"id":4006,"date":"2022-01-05T14:34:53","date_gmt":"2022-01-05T13:34:53","guid":{"rendered":"https:\/\/asel.hr\/webshop\/?post_type=product&#038;p=4006"},"modified":"2026-04-15T03:55:31","modified_gmt":"2026-04-15T01:55:31","slug":"nosac-spojnica-sina-ser-sp","status":"publish","type":"product","link":"https:\/\/asel.hr\/webshop\/proizvod\/nosac-spojnica-sina-ser-sp\/","title":{"rendered":"Nosa\u010d spojnica \u0161ina SER SP"},"content":{"rendered":"<p>Nosa\u010d spojnica \u0161ina SER SP<\/p>\n","protected":false},"excerpt":{"rendered":"<p>Nosa\u010d spojnica \u0161ina SER SP<\/p>\n","protected":false},"featured_media":4025,"template":"","meta":{"_links_to":"","_links_to_target":""},"product_cat":[116],"product_tag":[],"_links":{"self":[{"href":"https:\/\/asel.hr\/webshop\/wp-json\/wp\/v2\/product\/4006"}],"collection":[{"href":"https:\/\/asel.hr\/webshop\/wp-json\/wp\/v2\/product"}],"about":[{"href":"https:\/\/asel.hr\/webshop\/wp-json\/wp\/v2\/types\/product"}],"wp:featuredmedia":[{"embeddable":true,"href":"https:\/\/asel.hr\/webshop\/wp-json\/wp\/v2\/media\/4025"}],"wp:attachment":[{"href":"https:\/\/asel.hr\/webshop\/wp-json\/wp\/v2\/media?parent=4006"}],"wp:term":[{"taxonomy":"product_cat","embeddable":true,"href":"https:\/\/asel.hr\/webshop\/wp-json\/wp\/v2\/product_cat?post=4006"},{"taxonomy":"product_tag","embeddable":true,"href":"https:\/\/asel.hr\/webshop\/wp-json\/wp\/v2\/product_tag?post=4006"}],"curies":[{"name":"wp","href":"https:\/\/api.w.org\/{rel}","templated":true}]}}