{"id":3985,"date":"2022-01-05T13:38:27","date_gmt":"2022-01-05T12:38:27","guid":{"rendered":"https:\/\/asel.hr\/webshop\/?post_type=product&#038;p=3985"},"modified":"2026-04-26T03:55:40","modified_gmt":"2026-04-26T01:55:40","slug":"solarni-balanser-za-akumulatore-48v","status":"publish","type":"product","link":"https:\/\/asel.hr\/webshop\/proizvod\/solarni-balanser-za-akumulatore-48v\/","title":{"rendered":"Solarni balanser za akumulatore 48V"},"content":{"rendered":"<p>Balanser baterije 48V-  se koristi za baterije koje su spojene u seriju, tako da napon baterije ostaje isti tijekom punjenja ili pra\u017enjenja. Ako je napon baterije spojen u seriju, to \u0107e se promijeniti zbog razlika u kemijskom sastavu i temperaturi \u0107elije. Te razlike \u0107e dovesti do neravnote\u017ee baterija, ta neravnote\u017ea \u0107e dovesti do niskog punjenja i prekomjernog punjenja baterija, \u0161to \u0107e dovesti do sulfatizacije i prerane korozije plo\u010da. Razlika napona \u0107e se pove\u0107avati tijekom vremena i kasnije popuniti. Balanser baterije zna\u010dajno produ\u017euje \u017eivotni vijek serijski spojenih baterija.<\/p>\n<p>Balanser baterije po\u010dinje raditi kada postoji razlika od 10 mV izme\u0111u dvije baterije. Razlika napona uzrokovat \u0107e strujni tok od vi\u0161eg napona do niskog napona kako bi se postigla ravnote\u017ea.  <\/p>\n<p>Balanser baterije je prikladan za olovne baterije (VRLA), litijeve \u017eeljezne fosfatne baterije (LFP), nikal-kadmijeve sekundarne baterije (Ni \/ CD) i nikal-metal hidridne sekundarne baterije (Ni \/ MH).  <\/p>\n","protected":false},"excerpt":{"rendered":"<p>Balanser baterije 48V- se koristi za baterije koje su spojene u seriju, tako da napon baterije ostaje isti tijekom punjenja ili pra\u017enjenja. Ako je napon baterije spojen u seriju, to \u0107e se promijeniti zbog razlika u kemijskom sastavu i temperaturi \u0107elije. Te razlike \u0107e dovesti do neravnote\u017ee baterija, ta neravnote\u017ea \u0107e dovesti do niskog punjenja [&hellip;]<\/p>\n","protected":false},"featured_media":686,"template":"","meta":{"_links_to":"","_links_to_target":""},"product_cat":[165],"product_tag":[],"_links":{"self":[{"href":"https:\/\/asel.hr\/webshop\/wp-json\/wp\/v2\/product\/3985"}],"collection":[{"href":"https:\/\/asel.hr\/webshop\/wp-json\/wp\/v2\/product"}],"about":[{"href":"https:\/\/asel.hr\/webshop\/wp-json\/wp\/v2\/types\/product"}],"wp:featuredmedia":[{"embeddable":true,"href":"https:\/\/asel.hr\/webshop\/wp-json\/wp\/v2\/media\/686"}],"wp:attachment":[{"href":"https:\/\/asel.hr\/webshop\/wp-json\/wp\/v2\/media?parent=3985"}],"wp:term":[{"taxonomy":"product_cat","embeddable":true,"href":"https:\/\/asel.hr\/webshop\/wp-json\/wp\/v2\/product_cat?post=3985"},{"taxonomy":"product_tag","embeddable":true,"href":"https:\/\/asel.hr\/webshop\/wp-json\/wp\/v2\/product_tag?post=3985"}],"curies":[{"name":"wp","href":"https:\/\/api.w.org\/{rel}","templated":true}]}}