{"id":3947,"date":"2021-12-29T17:24:28","date_gmt":"2021-12-29T16:24:28","guid":{"rendered":"https:\/\/asel.hr\/webshop\/?post_type=product&#038;p=3947"},"modified":"2026-04-23T03:55:37","modified_gmt":"2026-04-23T01:55:37","slug":"printer-a3-kolor-multifunkcijski-toschiba-estudio-2550c-laser","status":"publish","type":"product","link":"https:\/\/asel.hr\/webshop\/proizvod\/printer-a3-kolor-multifunkcijski-toschiba-estudio-2550c-laser\/","title":{"rendered":"Printer A3 KOLOR multifunkcijski TOSCHIBA ESTUDIO 2550c LASER"},"content":{"rendered":"<p>Marka: TOSCHIBA<br \/>\nModel: ESTUDIO 2550c<br \/>\nBroj ladica za papir: 3<\/p>\n<p>Stanje: kori\u0161teno<\/p>\n<p>U super stanju, izgleda kao nov, jako malo kopija<br \/>\n\u017divotni vijek: vi\u0161e miliona kopija<\/p>\n<p>FORMAT PAPIRA: A6-A3;<\/p>\n","protected":false},"excerpt":{"rendered":"<p>Marka: TOSCHIBA Model: ESTUDIO 2550c Broj ladica za papir: 3 Stanje: kori\u0161teno U super stanju, izgleda kao nov, jako malo kopija \u017divotni vijek: vi\u0161e miliona kopija FORMAT PAPIRA: A6-A3;<\/p>\n","protected":false},"featured_media":3948,"template":"","meta":{"_links_to":"","_links_to_target":""},"product_cat":[107],"product_tag":[],"_links":{"self":[{"href":"https:\/\/asel.hr\/webshop\/wp-json\/wp\/v2\/product\/3947"}],"collection":[{"href":"https:\/\/asel.hr\/webshop\/wp-json\/wp\/v2\/product"}],"about":[{"href":"https:\/\/asel.hr\/webshop\/wp-json\/wp\/v2\/types\/product"}],"wp:featuredmedia":[{"embeddable":true,"href":"https:\/\/asel.hr\/webshop\/wp-json\/wp\/v2\/media\/3948"}],"wp:attachment":[{"href":"https:\/\/asel.hr\/webshop\/wp-json\/wp\/v2\/media?parent=3947"}],"wp:term":[{"taxonomy":"product_cat","embeddable":true,"href":"https:\/\/asel.hr\/webshop\/wp-json\/wp\/v2\/product_cat?post=3947"},{"taxonomy":"product_tag","embeddable":true,"href":"https:\/\/asel.hr\/webshop\/wp-json\/wp\/v2\/product_tag?post=3947"}],"curies":[{"name":"wp","href":"https:\/\/api.w.org\/{rel}","templated":true}]}}