{"id":3747,"date":"2021-07-22T23:34:17","date_gmt":"2021-07-22T21:34:17","guid":{"rendered":"https:\/\/asel.hr\/webshop\/?post_type=product&#038;p=3747"},"modified":"2026-05-13T03:56:01","modified_gmt":"2026-05-13T01:56:01","slug":"vjetroturbina-m300-90w-24v","status":"publish","type":"product","link":"https:\/\/asel.hr\/webshop\/proizvod\/vjetroturbina-m300-90w-24v\/","title":{"rendered":"VJETROTURBINA M300 90W 24V"},"content":{"rendered":"<p>Model: M-300<br \/>\nNazivni napon\uff08DCV): 24<br \/>\nNazivna snaga\uff08W): 90<br \/>\nStart-pri brzini vjetra (m\/s): 1<br \/>\nIzdr\u017eava do maks. brzine vjetra (m\/s): 35<br \/>\nRotor diametar\uff08m): 0.82<br \/>\nBroj propelera: 6<br \/>\nmaterial propeler poja\u010dana staklo, plastika<br \/>\nRegulator punjenja baterija: \tUGRA\u0110EN<br \/>\nZa\u0161tita od Kratkog spoja<br \/>\n\u017divotni vijek (god): 15-20<br \/>\nPakovanje: karton<br \/>\nZa\u0161tita\tIP65<br \/>\nNetote\u017eina (Kg): 10.0 <\/p>\n<p><embed src=\"https:\/\/asel.hr\/webshop\/wp-content\/pdf\/Vjetroturbina_M300_upute_HR_24V.pdf\" width=\"800px\" height=\"2100px\" \/><\/p>\n","protected":false},"excerpt":{"rendered":"<p>Model: M-300 Nazivni napon\uff08DCV): 24 Nazivna snaga\uff08W): 90 Start-pri brzini vjetra (m\/s): 1 Izdr\u017eava do maks. brzine vjetra (m\/s): 35 Rotor diametar\uff08m): 0.82 Broj propelera: 6 material propeler poja\u010dana staklo, plastika Regulator punjenja baterija: UGRA\u0110EN Za\u0161tita od Kratkog spoja \u017divotni vijek (god): 15-20 Pakovanje: karton Za\u0161tita IP65 Netote\u017eina (Kg): 10.0<\/p>\n","protected":false},"featured_media":2674,"template":"","meta":{"_links_to":"","_links_to_target":""},"product_cat":[130],"product_tag":[],"_links":{"self":[{"href":"https:\/\/asel.hr\/webshop\/wp-json\/wp\/v2\/product\/3747"}],"collection":[{"href":"https:\/\/asel.hr\/webshop\/wp-json\/wp\/v2\/product"}],"about":[{"href":"https:\/\/asel.hr\/webshop\/wp-json\/wp\/v2\/types\/product"}],"wp:featuredmedia":[{"embeddable":true,"href":"https:\/\/asel.hr\/webshop\/wp-json\/wp\/v2\/media\/2674"}],"wp:attachment":[{"href":"https:\/\/asel.hr\/webshop\/wp-json\/wp\/v2\/media?parent=3747"}],"wp:term":[{"taxonomy":"product_cat","embeddable":true,"href":"https:\/\/asel.hr\/webshop\/wp-json\/wp\/v2\/product_cat?post=3747"},{"taxonomy":"product_tag","embeddable":true,"href":"https:\/\/asel.hr\/webshop\/wp-json\/wp\/v2\/product_tag?post=3747"}],"curies":[{"name":"wp","href":"https:\/\/api.w.org\/{rel}","templated":true}]}}