{"id":3635,"date":"2021-05-08T23:48:28","date_gmt":"2021-05-08T21:48:28","guid":{"rendered":"https:\/\/asel.hr\/webshop\/?post_type=product&#038;p=3635"},"modified":"2026-04-29T03:00:39","modified_gmt":"2026-04-29T01:00:39","slug":"mppt-regulator-60a-12-24v-2","status":"publish","type":"product","link":"https:\/\/asel.hr\/webshop\/proizvod\/mppt-regulator-60a-12-24v-2\/","title":{"rendered":"MPPT regulator 60A 12\/24\/36\/48V EPEVER"},"content":{"rendered":"<p>MPPT regulator \u2013 (Maximum Power Point Tracking technology)<\/p>\n<p>Nazivni napon 12V\/24V\/36V\/48V<br \/>\nNazivna struja 60A<\/p>\n<p>Model: IT6415ND<\/p>\n<p>\u2013 najva\u017enija zna\u010dajka ovog regulatora:<br \/>\ninteligentno pra\u0107enje ulaznog napona iz solarnih panela, koji omogu\u0107ava solarnom modulu da radi na maksimalnoj snazi (V\/A krivulje).<br \/>\nU usporedbi s normalnim solarnim regulatorima punjenja, MPPT kontroleri mogu pove\u0107ati efikasnost od 10% -30%.<\/p>\n<p><a href=\"https:\/\/www.asel.hr\/pdf\/EPEVER-Datasheet_iTracer_IT6415ND.pdf\">DATASHEET<\/a><\/p>\n<style>\n  .btn {\n    background-color: DodgerBlue;\n    border: none;\n    color: white;\n    cursor: pointer;\n    font-size: 20px;<\/p>\n<p>  }<\/p>\n<p>  \/* Darker background on mouse-over *\/\n  .btn:hover {\n    background-color: RoyalBlue;\n  }<\/p>\n<\/style>\n<p><a href=\"https:\/\/asel.hr\/webshop\/wp-content\/uploads\/2021\/05\/Upute-60A-mppt.pdf\"><br \/>\n<button class=\"btn\" ><i class=\"fa fa-download\" style=\"font-size: 25px;\"><\/i> Preuzmi Upustva\u3164<\/button><br \/>\n<\/a><\/p>\n<p><a href=\"https:\/\/www.asel.hr\/pdf\/EPEVER-Datasheet_iTracer_IT6415ND.pdf\"><br \/>\n<button class=\"btn\" ><i class=\"fa fa-download\" style=\"font-size: 25px;\"><\/i> Preuzmi Specifikacije\u3164<\/button><br \/>\n<\/a><\/p>\n<p><a href=\"https:\/\/asel.hr\/webshop\/wp-content\/uploads\/2024\/04\/Jamstvo%20Solarni%20regulator.pdf\"><br \/>\n<button class=\"btn\" ><i class=\"fa fa-download\" style=\"font-size: 25px;\"><\/i> Preuzmi Jamstvene uvjete\u3164<\/button><br \/>\n<\/a><\/p>\n","protected":false},"excerpt":{"rendered":"<p>MPPT regulator \u2013 (Maximum Power Point Tracking technology) Nazivni napon 12V\/24V\/36V\/48V Nazivna struja 60A Model: IT6415ND \u2013 najva\u017enija zna\u010dajka ovog regulatora: inteligentno pra\u0107enje ulaznog napona iz solarnih panela, koji omogu\u0107ava solarnom modulu da radi na maksimalnoj snazi (V\/A krivulje). U usporedbi s normalnim solarnim regulatorima punjenja, MPPT kontroleri mogu pove\u0107ati efikasnost od 10% -30%. DATASHEET [&hellip;]<\/p>\n","protected":false},"featured_media":5502,"template":"","meta":{"_links_to":"","_links_to_target":""},"product_cat":[124],"product_tag":[],"_links":{"self":[{"href":"https:\/\/asel.hr\/webshop\/wp-json\/wp\/v2\/product\/3635"}],"collection":[{"href":"https:\/\/asel.hr\/webshop\/wp-json\/wp\/v2\/product"}],"about":[{"href":"https:\/\/asel.hr\/webshop\/wp-json\/wp\/v2\/types\/product"}],"wp:featuredmedia":[{"embeddable":true,"href":"https:\/\/asel.hr\/webshop\/wp-json\/wp\/v2\/media\/5502"}],"wp:attachment":[{"href":"https:\/\/asel.hr\/webshop\/wp-json\/wp\/v2\/media?parent=3635"}],"wp:term":[{"taxonomy":"product_cat","embeddable":true,"href":"https:\/\/asel.hr\/webshop\/wp-json\/wp\/v2\/product_cat?post=3635"},{"taxonomy":"product_tag","embeddable":true,"href":"https:\/\/asel.hr\/webshop\/wp-json\/wp\/v2\/product_tag?post=3635"}],"curies":[{"name":"wp","href":"https:\/\/api.w.org\/{rel}","templated":true}]}}