{"id":3521,"date":"2021-02-09T21:32:11","date_gmt":"2021-02-09T20:32:11","guid":{"rendered":"https:\/\/asel.hr\/webshop\/?post_type=product&#038;p=3521"},"modified":"2026-04-23T03:55:04","modified_gmt":"2026-04-23T01:55:04","slug":"nosac-sina-360mm-lim-ra-msr0","status":"publish","type":"product","link":"https:\/\/asel.hr\/webshop\/proizvod\/nosac-sina-360mm-lim-ra-msr0\/","title":{"rendered":"Nosa\u010d \u0161ina 360MM LIM RA-MSR0"},"content":{"rendered":"<p>Nosa\u010d \u0161ina 360MM LIM RA-MSR0<\/p>\n","protected":false},"excerpt":{"rendered":"<p>Nosa\u010d \u0161ina 360MM LIM RA-MSR0<\/p>\n","protected":false},"featured_media":4163,"template":"","meta":{"_links_to":"","_links_to_target":""},"product_cat":[116],"product_tag":[],"_links":{"self":[{"href":"https:\/\/asel.hr\/webshop\/wp-json\/wp\/v2\/product\/3521"}],"collection":[{"href":"https:\/\/asel.hr\/webshop\/wp-json\/wp\/v2\/product"}],"about":[{"href":"https:\/\/asel.hr\/webshop\/wp-json\/wp\/v2\/types\/product"}],"wp:featuredmedia":[{"embeddable":true,"href":"https:\/\/asel.hr\/webshop\/wp-json\/wp\/v2\/media\/4163"}],"wp:attachment":[{"href":"https:\/\/asel.hr\/webshop\/wp-json\/wp\/v2\/media?parent=3521"}],"wp:term":[{"taxonomy":"product_cat","embeddable":true,"href":"https:\/\/asel.hr\/webshop\/wp-json\/wp\/v2\/product_cat?post=3521"},{"taxonomy":"product_tag","embeddable":true,"href":"https:\/\/asel.hr\/webshop\/wp-json\/wp\/v2\/product_tag?post=3521"}],"curies":[{"name":"wp","href":"https:\/\/api.w.org\/{rel}","templated":true}]}}