{"id":3492,"date":"2021-01-27T16:21:53","date_gmt":"2021-01-27T15:21:53","guid":{"rendered":"https:\/\/asel.hr\/webshop\/?post_type=product&#038;p=3492"},"modified":"2026-04-26T03:55:43","modified_gmt":"2026-04-26T01:55:43","slug":"sole-sl-mcz6000-p-pec-na-pelet-siva","status":"publish","type":"product","link":"https:\/\/asel.hr\/webshop\/proizvod\/sole-sl-mcz6000-p-pec-na-pelet-siva\/","title":{"rendered":"SOLE SL-MCZ6000 P pe\u0107 na pelet, SIVA"},"content":{"rendered":"<p>Tehni\u010dke karakteristike:<\/p>\n<p>\u2022 visina: 718 mm<br \/>\n\u2022 \u0161irina: 463 mm<br \/>\n\u2022 du\u017eina: 507 mm<br \/>\n\u2022 volumen spremnika za pelet: 10 kg<br \/>\n\u2022 kapacitet grijanja: do 6 kw ili do 60 m2 prostora<br \/>\n\u2022 dostupne boje: siva<br \/>\nTe\u017eina:65kg<\/p>\n<p>Najpovoljnije grijanje va\u0161eg doma ili poslovnog objekta,restorana ..<br \/>\nPe\u0107 na pelete Sole-6000P sa \u010deli\u010dnom maskom<br \/>\nPe\u0107 na pelete malenih dimenzija, visokih performansi, daje snagu od 6 Kw, te bez problema grije prostore do 60m2.<\/p>\n<p>Minimalna potro\u0161nja peleta od 0,55kg\/h-1,5kg\/h svrstava ovaj model me\u0111u najekonomi\u010dnije i naj\u0161tedljivije pe\u0107i sa minimalnim odr\u017eavanjem.<\/p>\n<p>Tih rad kao kod ove pe\u0107i ne\u0107ete prona\u0107i kod niti jedne pe\u0107i u klasi (mogu\u0107nost pode\u0161avanja rada i razine buke ventilatora).<\/p>\n<p>&#8211; daljinski upravlja\u010d<br \/>\n&#8211; automatsko paljenje\/ga\u0161enje<br \/>\n&#8211; ekonomi\u010dan mod rada<br \/>\n&#8211; sigurnosni presostat<br \/>\n&#8211; temperaturna sonda<br \/>\n&#8211; automatski unos peleta<br \/>\n&#8211; regulacija snage rada<br \/>\n&#8211; timer<\/p>\n","protected":false},"excerpt":{"rendered":"<p>Tehni\u010dke karakteristike: \u2022 visina: 718 mm \u2022 \u0161irina: 463 mm \u2022 du\u017eina: 507 mm \u2022 volumen spremnika za pelet: 10 kg \u2022 kapacitet grijanja: do 6 kw ili do 60 m2 prostora \u2022 dostupne boje: siva Te\u017eina:65kg Najpovoljnije grijanje va\u0161eg doma ili poslovnog objekta,restorana .. Pe\u0107 na pelete Sole-6000P sa \u010deli\u010dnom maskom Pe\u0107 na pelete [&hellip;]<\/p>\n","protected":false},"featured_media":2002,"template":"","meta":{"_links_to":"","_links_to_target":""},"product_cat":[125],"product_tag":[],"_links":{"self":[{"href":"https:\/\/asel.hr\/webshop\/wp-json\/wp\/v2\/product\/3492"}],"collection":[{"href":"https:\/\/asel.hr\/webshop\/wp-json\/wp\/v2\/product"}],"about":[{"href":"https:\/\/asel.hr\/webshop\/wp-json\/wp\/v2\/types\/product"}],"wp:featuredmedia":[{"embeddable":true,"href":"https:\/\/asel.hr\/webshop\/wp-json\/wp\/v2\/media\/2002"}],"wp:attachment":[{"href":"https:\/\/asel.hr\/webshop\/wp-json\/wp\/v2\/media?parent=3492"}],"wp:term":[{"taxonomy":"product_cat","embeddable":true,"href":"https:\/\/asel.hr\/webshop\/wp-json\/wp\/v2\/product_cat?post=3492"},{"taxonomy":"product_tag","embeddable":true,"href":"https:\/\/asel.hr\/webshop\/wp-json\/wp\/v2\/product_tag?post=3492"}],"curies":[{"name":"wp","href":"https:\/\/api.w.org\/{rel}","templated":true}]}}