{"id":3176,"date":"2020-11-02T11:39:57","date_gmt":"2020-11-02T10:39:57","guid":{"rendered":"https:\/\/asel.hr\/webshop\/?post_type=product&#038;p=3176"},"modified":"2026-04-23T03:55:13","modified_gmt":"2026-04-23T01:55:13","slug":"mjerac-tvrdoce-shr150m","status":"publish","type":"product","link":"https:\/\/asel.hr\/webshop\/proizvod\/mjerac-tvrdoce-shr150m\/","title":{"rendered":"MJERA\u010c TVRDO\u0106E SHR150M"},"content":{"rendered":"<p>SHR150M radi na principu mehani\u010dkog pritiskanja predmeta, bez potrebe za elektri\u010dnom energijom.<br \/>\nSila optere\u0107enja 60, 100, 150Kg odabire sa preko regulatora sile.Testna sila se preko ru\u010dice manualno optere\u0107uje a izmjereni rezultat HRA, HRB, HRC prikazuje se na analognom mjera\u010du.<\/p>\n","protected":false},"excerpt":{"rendered":"<p>SHR150M radi na principu mehani\u010dkog pritiskanja predmeta, bez potrebe za elektri\u010dnom energijom. Sila optere\u0107enja 60, 100, 150Kg odabire sa preko regulatora sile.Testna sila se preko ru\u010dice manualno optere\u0107uje a izmjereni rezultat HRA, HRB, HRC prikazuje se na analognom mjera\u010du.<\/p>\n","protected":false},"featured_media":3181,"template":"","meta":{"_links_to":"","_links_to_target":""},"product_cat":[178],"product_tag":[],"_links":{"self":[{"href":"https:\/\/asel.hr\/webshop\/wp-json\/wp\/v2\/product\/3176"}],"collection":[{"href":"https:\/\/asel.hr\/webshop\/wp-json\/wp\/v2\/product"}],"about":[{"href":"https:\/\/asel.hr\/webshop\/wp-json\/wp\/v2\/types\/product"}],"wp:featuredmedia":[{"embeddable":true,"href":"https:\/\/asel.hr\/webshop\/wp-json\/wp\/v2\/media\/3181"}],"wp:attachment":[{"href":"https:\/\/asel.hr\/webshop\/wp-json\/wp\/v2\/media?parent=3176"}],"wp:term":[{"taxonomy":"product_cat","embeddable":true,"href":"https:\/\/asel.hr\/webshop\/wp-json\/wp\/v2\/product_cat?post=3176"},{"taxonomy":"product_tag","embeddable":true,"href":"https:\/\/asel.hr\/webshop\/wp-json\/wp\/v2\/product_tag?post=3176"}],"curies":[{"name":"wp","href":"https:\/\/api.w.org\/{rel}","templated":true}]}}