{"id":3163,"date":"2020-11-02T11:32:46","date_gmt":"2020-11-02T10:32:46","guid":{"rendered":"https:\/\/asel.hr\/webshop\/?post_type=product&#038;p=3163"},"modified":"2026-05-13T03:55:23","modified_gmt":"2026-05-13T01:55:23","slug":"mjerac-tvrdoce-dhb-3000","status":"publish","type":"product","link":"https:\/\/asel.hr\/webshop\/proizvod\/mjerac-tvrdoce-dhb-3000\/","title":{"rendered":"MJERAC TVRDOCE DHB-3000"},"content":{"rendered":"<p>Sve operacije vr\u0161i potpuno automatski osim podizanja nakovnja i odabira testne sile.<\/p>\n<p>Testna sila za vrijeme optere\u010denja i rastere\u010denja i izmjereni rezultati prikazani su na LCD displeju \u010dime isklju\u010duje ljudsku pogre\u0161ku te pobolj\u0161ava to\u010dnost mjerenja.<br \/>\nUgra\u0111eni procesor i mini-pisa\u010d mo\u017ee pohraniti i ispisati glavne mjerne podatke i smanjiti ljudske radne obveze.<br \/>\nSila optere\u0107enja 60, 100, 150Kg odabire sa preko regulatora sile.<\/p>\n<p>Testna sila se optere\u0107uje preko upravlja\u010dke tipke a izmjereni rezultat: HRA, HRB, HRC prikazuje se na LCD displeju.<\/p>\n","protected":false},"excerpt":{"rendered":"<p>Sve operacije vr\u0161i potpuno automatski osim podizanja nakovnja i odabira testne sile. Testna sila za vrijeme optere\u010denja i rastere\u010denja i izmjereni rezultati prikazani su na LCD displeju \u010dime isklju\u010duje ljudsku pogre\u0161ku te pobolj\u0161ava to\u010dnost mjerenja. Ugra\u0111eni procesor i mini-pisa\u010d mo\u017ee pohraniti i ispisati glavne mjerne podatke i smanjiti ljudske radne obveze. Sila optere\u0107enja 60, 100, [&hellip;]<\/p>\n","protected":false},"featured_media":0,"template":"","meta":{"_links_to":"","_links_to_target":""},"product_cat":[178],"product_tag":[],"_links":{"self":[{"href":"https:\/\/asel.hr\/webshop\/wp-json\/wp\/v2\/product\/3163"}],"collection":[{"href":"https:\/\/asel.hr\/webshop\/wp-json\/wp\/v2\/product"}],"about":[{"href":"https:\/\/asel.hr\/webshop\/wp-json\/wp\/v2\/types\/product"}],"wp:attachment":[{"href":"https:\/\/asel.hr\/webshop\/wp-json\/wp\/v2\/media?parent=3163"}],"wp:term":[{"taxonomy":"product_cat","embeddable":true,"href":"https:\/\/asel.hr\/webshop\/wp-json\/wp\/v2\/product_cat?post=3163"},{"taxonomy":"product_tag","embeddable":true,"href":"https:\/\/asel.hr\/webshop\/wp-json\/wp\/v2\/product_tag?post=3163"}],"curies":[{"name":"wp","href":"https:\/\/api.w.org\/{rel}","templated":true}]}}