{"id":3137,"date":"2020-10-22T20:09:29","date_gmt":"2020-10-22T18:09:29","guid":{"rendered":"https:\/\/asel.hr\/webshop\/?post_type=product&#038;p=3137"},"modified":"2026-04-26T03:55:45","modified_gmt":"2026-04-26T01:55:45","slug":"infracrvene-grijalice-za-grijanje-ugostiteljskih-terasa","status":"publish","type":"product","link":"https:\/\/asel.hr\/webshop\/proizvod\/infracrvene-grijalice-za-grijanje-ugostiteljskih-terasa\/","title":{"rendered":"INFRACRVENE GRIJALICE ZA GRIJANJE UGOSTITELJSKIH TERASA"},"content":{"rendered":"<p>IP65 za\u0161tita &#8211; ZA PROFESIONALNU UPOTREBU <\/p>\n<p>Najjeftinije i najefikasnije grijanje za vanjske i unutarnje prostore, idealne za ugostiteljske terase!<\/p>\n<p>Njema\u010dke elektri\u010dne IC grijalice za otvorene i zatvorene prostore svojim oblikom pokrivaju duplo ve\u0107u povr\u0161inu od ostalih grijalica.<\/p>\n<p>Klasa I, za\u0161tita od kapanja,CE certifikat,sukladno EU normama<\/p>\n<p>vodootporne, lagane i prenosive<br \/>\njednostavne za monta\u017eu<br \/>\ndaje toplinu gdje je potrebno<br \/>\nvidljivo i trenuta\u010dno grije \u017eeljenu poziciju<br \/>\nvelika energetska u\u0161teda i efikasnost<br \/>\nsigurnost i \u010disto\u0107a, ekolo\u0161ki bez dima<\/p>\n","protected":false},"excerpt":{"rendered":"<p>IP65 za\u0161tita &#8211; ZA PROFESIONALNU UPOTREBU Najjeftinije i najefikasnije grijanje za vanjske i unutarnje prostore, idealne za ugostiteljske terase! Njema\u010dke elektri\u010dne IC grijalice za otvorene i zatvorene prostore svojim oblikom pokrivaju duplo ve\u0107u povr\u0161inu od ostalih grijalica. Klasa I, za\u0161tita od kapanja,CE certifikat,sukladno EU normama vodootporne, lagane i prenosive jednostavne za monta\u017eu daje toplinu gdje [&hellip;]<\/p>\n","protected":false},"featured_media":3141,"template":"","meta":{"_links_to":"","_links_to_target":""},"product_cat":[125],"product_tag":[],"_links":{"self":[{"href":"https:\/\/asel.hr\/webshop\/wp-json\/wp\/v2\/product\/3137"}],"collection":[{"href":"https:\/\/asel.hr\/webshop\/wp-json\/wp\/v2\/product"}],"about":[{"href":"https:\/\/asel.hr\/webshop\/wp-json\/wp\/v2\/types\/product"}],"wp:featuredmedia":[{"embeddable":true,"href":"https:\/\/asel.hr\/webshop\/wp-json\/wp\/v2\/media\/3141"}],"wp:attachment":[{"href":"https:\/\/asel.hr\/webshop\/wp-json\/wp\/v2\/media?parent=3137"}],"wp:term":[{"taxonomy":"product_cat","embeddable":true,"href":"https:\/\/asel.hr\/webshop\/wp-json\/wp\/v2\/product_cat?post=3137"},{"taxonomy":"product_tag","embeddable":true,"href":"https:\/\/asel.hr\/webshop\/wp-json\/wp\/v2\/product_tag?post=3137"}],"curies":[{"name":"wp","href":"https:\/\/api.w.org\/{rel}","templated":true}]}}