{"id":3084,"date":"2020-08-26T12:26:11","date_gmt":"2020-08-26T10:26:11","guid":{"rendered":"https:\/\/asel.hr\/webshop\/?post_type=product&#038;p=3084"},"modified":"2026-04-25T03:00:44","modified_gmt":"2026-04-25T01:00:44","slug":"nosac-spojnica-sina","status":"publish","type":"product","link":"https:\/\/asel.hr\/webshop\/proizvod\/nosac-spojnica-sina\/","title":{"rendered":"Nosa\u010d Spojnica \u0161ina"},"content":{"rendered":"<p>Nosa\u010d Spojnica \u0161ina<\/p>\n","protected":false},"excerpt":{"rendered":"<p>Nosa\u010d Spojnica \u0161ina<\/p>\n","protected":false},"featured_media":3085,"template":"","meta":{"_links_to":"","_links_to_target":""},"product_cat":[116],"product_tag":[],"_links":{"self":[{"href":"https:\/\/asel.hr\/webshop\/wp-json\/wp\/v2\/product\/3084"}],"collection":[{"href":"https:\/\/asel.hr\/webshop\/wp-json\/wp\/v2\/product"}],"about":[{"href":"https:\/\/asel.hr\/webshop\/wp-json\/wp\/v2\/types\/product"}],"wp:featuredmedia":[{"embeddable":true,"href":"https:\/\/asel.hr\/webshop\/wp-json\/wp\/v2\/media\/3085"}],"wp:attachment":[{"href":"https:\/\/asel.hr\/webshop\/wp-json\/wp\/v2\/media?parent=3084"}],"wp:term":[{"taxonomy":"product_cat","embeddable":true,"href":"https:\/\/asel.hr\/webshop\/wp-json\/wp\/v2\/product_cat?post=3084"},{"taxonomy":"product_tag","embeddable":true,"href":"https:\/\/asel.hr\/webshop\/wp-json\/wp\/v2\/product_tag?post=3084"}],"curies":[{"name":"wp","href":"https:\/\/api.w.org\/{rel}","templated":true}]}}