{"id":3019,"date":"2020-08-26T07:58:06","date_gmt":"2020-08-26T05:58:06","guid":{"rendered":"https:\/\/asel.hr\/webshop\/?post_type=product&#038;p=3019"},"modified":"2026-04-10T03:55:36","modified_gmt":"2026-04-10T01:55:36","slug":"pretv-psplus3kw24v50a80v30a","status":"publish","type":"product","link":"https:\/\/asel.hr\/webshop\/proizvod\/pretv-psplus3kw24v50a80v30a\/","title":{"rendered":"PRETV.PSPLUS3KW24V50A80V30A"},"content":{"rendered":"<p>Profesionalni Hibridni multifunkcijski pretvara\u010d- s PWM regulatorom punjenja kombinira funkciju pretvara\u010da i solarnog baterijskog punja\u010da i omogu\u0107uje kvalitetno i neprekidno el. napajanje s pravim sinusnim naponom.<\/p>\n<p>LCD ekran nudi korisni\u010dko lako pristupa\u010dno parametriranje pretvara\u010da kao PV struja punjenja, AC\/solar prioritet pri punjenju, odre\u0111ivanje ranga ulaznog napona glede razli\u010ditih primjena,..<\/p>\n<p>Karakteristike:<\/p>\n<p>Izlazna snaga 3kW\/6kW<br \/>\npravi sinus<br \/>\nMax. ulazna snaga panela 1,2kW<br \/>\nProgramiranje nivoa punjenja i za\u0161tite baterija , optimizira performance baterija<br \/>\nodre\u0111ivanje baterijskog punjenja<br \/>\nodre\u0111ivanje prioriteta izvora punjenja baterije (Solarno, mre\u017ea)<br \/>\nautomatski prebacuje na HEP ili agregat ako nema dovoljno solarne energije-ali agregat mora biti upaljen jer kod starta mo\u017ee proizvesti kratkotrajne naponske \u0161piceve koji mogu uni\u0161titi pretvara\u010d<br \/>\nautomatski restart<br \/>\nprenaponska, pretemperaturna, i za\u0161tita od kratkog spoja<br \/>\nfunkciju hladnog starta<\/p>\n<p><img decoding=\"async\" src=\"https:\/\/asel.hr\/wp-content\/uploads\/Inverter_PS_PLUS.png\" style='height: 100%; width: 100%; object-fit: contain'><\/p>\n<style>\n  .btn {<br \/>\n    background-color: DodgerBlue;<br \/>\n    border: none;<br \/>\n    color: white;<br \/>\n    cursor: pointer;<br \/>\n    font-size: 20px;<br \/>\n  }<br \/>\n  \/* Darker background on mouse-over *\/<br \/>\n  .btn:hover {<br \/>\n    background-color: RoyalBlue;<br \/>\n  }<\/p>\n<p><a href=\"https:\/\/asel.hr\/webshop\/wp-content\/uploads\/2024\/04\/Jamstvo%20za%20invertere.pdf\"><br \/>\n<button class=\"btn\"><i class=\"fa fa-download\" style=\"font-size: 25px;\"><\/i> Preuzmi Jamstvene uvjete\u3164<\/button><br \/>\n<\/a><\/p>\n","protected":false},"excerpt":{"rendered":"<p>Profesionalni Hibridni multifunkcijski pretvara\u010d- s PWM regulatorom punjenja kombinira funkciju pretvara\u010da i solarnog baterijskog punja\u010da i omogu\u0107uje kvalitetno i neprekidno el. napajanje s pravim sinusnim naponom. LCD ekran nudi korisni\u010dko lako pristupa\u010dno parametriranje pretvara\u010da kao PV struja punjenja, AC\/solar prioritet pri punjenju, odre\u0111ivanje ranga ulaznog napona glede razli\u010ditih primjena,.. Karakteristike: Izlazna snaga 3kW\/6kW pravi sinus [&hellip;]<\/p>\n","protected":false},"featured_media":3060,"template":"","meta":{"_links_to":"","_links_to_target":""},"product_cat":[126],"product_tag":[],"_links":{"self":[{"href":"https:\/\/asel.hr\/webshop\/wp-json\/wp\/v2\/product\/3019"}],"collection":[{"href":"https:\/\/asel.hr\/webshop\/wp-json\/wp\/v2\/product"}],"about":[{"href":"https:\/\/asel.hr\/webshop\/wp-json\/wp\/v2\/types\/product"}],"wp:featuredmedia":[{"embeddable":true,"href":"https:\/\/asel.hr\/webshop\/wp-json\/wp\/v2\/media\/3060"}],"wp:attachment":[{"href":"https:\/\/asel.hr\/webshop\/wp-json\/wp\/v2\/media?parent=3019"}],"wp:term":[{"taxonomy":"product_cat","embeddable":true,"href":"https:\/\/asel.hr\/webshop\/wp-json\/wp\/v2\/product_cat?post=3019"},{"taxonomy":"product_tag","embeddable":true,"href":"https:\/\/asel.hr\/webshop\/wp-json\/wp\/v2\/product_tag?post=3019"}],"curies":[{"name":"wp","href":"https:\/\/api.w.org\/{rel}","templated":true}]}}