{"id":2928,"date":"2020-07-07T14:43:52","date_gmt":"2020-07-07T12:43:52","guid":{"rendered":"https:\/\/asel.hr\/webshop\/?post_type=product&#038;p=2928"},"modified":"2021-10-29T12:13:00","modified_gmt":"2021-10-29T10:13:00","slug":"desalinizator-filtriranje-morske-vode-u-pitku-vodu","status":"publish","type":"product","link":"https:\/\/asel.hr\/webshop\/proizvod\/desalinizator-filtriranje-morske-vode-u-pitku-vodu\/","title":{"rendered":"Desalinizator (filtriranje morske vode u pitku vodu)"},"content":{"rendered":"<p>Hrvatski proizvod<\/p>\n<p>Postupak sa reverznom osmozom.<\/p>\n<p>Pro\u010di\u0161\u0107avanje vode u ku\u0107anstvu<br \/>\nNa\u0161e tehnologije<br \/>\nU opremi veli\u010dine ku\u0107anstva koristimo iste tehnologije rje\u0161enja za pro\u010di\u0161\u0107avanje vode koje op\u0107ine i industrijska postrojenja koriste za opskrbu vodom \u0161irom svijeta. Ni\u017ee potrebe za doma\u0107instvima za vodom ne ugro\u017eavaju kvalitetu vode. Od dijelova vode\u0107ih svjetskih proizvo\u0111a\u010da. Na\u0161i kontrolni ventili proizvedeni su u Sjedinjenim Dr\u017eavama, a na\u0161i filtrirni materijali i druge komponente su neki od najboljih.<\/p>\n<p>Na\u0161a oprema za pro\u010di\u0161\u0107avanje vode mo\u017ee se instalirati za dvije razli\u010dite svrhe:<\/p>\n<p>Kvaliteta dolazne vode iz slavine treba pobolj\u0161ati, npr. omek\u0161ati, deklorirati, \u017eeljezo.<br \/>\nNa raspolaganju vam je jeftina voda iz vlastitog bunara i treba je koristiti za pripremu vode za pi\u0107e.<br \/>\nNa\u0161u opremu za izmjenu iona i filtriranje testirao je Nacionalni institut za javno zdravstvo Nacionalnog instituta za javno zdravstvo te je dobio dozvolu za sigurnost pitke vode.<\/p>\n<p>Oprema za izmjenu jona<br \/>\nOmek\u0161iva\u010di vode<br \/>\nOprema uklanja ione kalcija i magnezija koji uzrokuju tvrdo\u0107u vode izmjenom iona. Materijal ionske izmjene ure\u0111aja iscrpljuje se tijekom upotrebe. Ure\u0111aj stvara regeneracijsku otopinu iz tableta kuhinjske soli uz pomo\u0107 kojih se automatski obnavlja, odnosno vra\u0107a sposobnost materijala za ionsku izmjenu. Postupak se mo\u017ee ponoviti mnogo stotina puta.<\/p>\n<p>Vremenski upravljani dizajn: korisnik mo\u017ee postaviti vrijeme regeneracije.<\/p>\n<p>Inteligentni dizajn s kontroliranim volumenom: omek\u0161iva\u010d vode u\u010di va\u0161e navike potro\u0161nje vode i u skladu s tim provodi regeneraciju.<\/p>\n<p>Pru\u017ea se test za mjerenje tvrdo\u0107e vode.<\/p>\n<p>Naboj uklanja ione koji uzrokuju tvrdo\u0107u vode, \u017eeljezo, mangan, amonijak u jednom koraku, regulira pH. Slo\u017eena linija opreme za obradu vode mo\u017ee se zamijeniti s jednim plastifikatorom napunjenim CR-om. Osim punjenja, svi su dijelovi opreme jednaki dijelovima omek\u0161iva\u010da vode.<\/p>\n<p>Sadr\u017eaj nitrata u vodi \u0161tetan je za zdravlje ljudi, posebno beba. Nitrati se mogu ukloniti iz vode posebnim materijalom za izmjenu iona. Oprema izgleda isto kao omek\u0161iva\u010d vode, ali uklanja nitrate umjesto tvrdo\u0107e vode. Postoji i verzija koja istodobno vr\u0161i omek\u0161avanje vode i uklanjanje nitrata.<\/p>\n<p>Topive tvari humusa, humusne kiseline, pretvaraju u pitku vodu \u017eu\u0107kasto sme\u0111u. Dezinfekcijom humusne vode nastaju kancerogeni. Huminske kiseline mogu se ukloniti iz vode posebnim ionskim izmjenjiva\u010dem. Ure\u0111aj se razlikuje od ku\u0107nog omek\u0161iva\u010da vode samo po svom punjenju.<\/p>\n<p>Napunjena oprema za filtriranje<br \/>\nuklanjanje \u017eeljeza<br \/>\nDio \u017eeljeza migrira u podzemne vode topive u obliku dvovalentnog iona. Ako bunar dobije vodu iz takvog sloja \u017eeljeza, \u017eeljezo \u0107e u kontaktu s zrakom polagano oksidirati i talo\u017eiti se u povr\u0161ini dovedene bu\u0161otine. Dobiveni \u017eu\u0107kasto-sme\u0111i \u017eeljezo hidroksid oboji sudoper, kadu i odje\u0107u. Mikroorganizmi se talo\u017ee na sedimentu \u017eeljeznog hidroksida talo\u017eenom u cijevima.<\/p>\n<p>Oprema za uklanjanje \u017eeljeza brzo oksidira sadr\u017eaj \u017eeljeza u vodi i filtrira nastali \u017eeljezni hidroksid. Ne\u010disto\u0107a se zaglavila na povr\u0161ini \u010destica ulo\u017eaka filtra. Filtarski materijal zasi\u0107en prljav\u0161tinom \u010disti se automatskim ispiranjem.<\/p>\n<p>Glavni dijelovi opreme:<\/p>\n<p>plasti\u010dni spremnik od fiberglasa<br \/>\nkontrolni ventil<br \/>\nfiltriraju\u0107e medije<br \/>\nUre\u0111aj za doziranje je tako\u0111er potreban za oksidaciju \u017eeljeza.<\/p>\n<p>Kataliti\u010dka sredstva za uklanjanje \u017eeljeza<br \/>\n\u017deljezo i mangan \u010desto se javljaju zajedno u vodenim vodama. Poput \u017eeljeza, i mangan se oksidira u povr\u0161inskoj vodi. Dobiveno vrlo fino razdvojeno manganovo blato mrlju vodu i povr\u0161ine koje su u dodiru s njom sme\u0111e-crnu boju.<\/p>\n<p>Oksidacija i filtracija mangana ozbiljniji je zadatak od uklanjanja \u017eeljeza. U tu svrhu koristi se kataliti\u010dki filterski ure\u0111aj. Kataliti\u010dki filterski materijal ve\u017ee i oksidira mangan. Rezultiraju\u0107i mulj manganovog dioksida filtrira se punjenjem. Oprema je tako\u0111er pogodna za uklanjanje \u017eeljeza i mangana koji se javljaju istovremeno.<\/p>\n<p>Izme\u0111u \u0161est razli\u010ditih marki kataliti\u010dkog filtriraju\u0107eg medija odabran je onaj koji je najprikladniji za odre\u0111enu primjenu.<\/p>\n<p>Za oksidaciju \u017eeljeza i mangana, naboj mora biti regeneriran oksidantima koji se koriste u obradi pitke vode. U slu\u010daju kontinuirane regeneracije, oksidiraju\u0107e sredstvo kontinuirano se dodaje u vodu koja se dovodi u opremu pomo\u0107u dozirne pumpe. U slu\u010daju regeneracije \u0161ar\u017ee, filtar se napuni povremeno s oksidantom. Oksidiraju\u0107e sredstvo se u potpunosti koristi za regeneraciju, u pro\u010di\u0161\u0107enoj vodi ne ostaje nikakav ostatak.<\/p>\n<p>Oprema je strukturno konstruirana na isti na\u010din kao i sredstvo za uklanjanje \u017eeljeza.<\/p>\n<p>U Hrvatskoj se arsen pojavljuje u mnogim prirodnim vodama u koncentracijama koje prelaze grani\u010dnu vrijednost. Arsen je prisutan na mnogim mjestima kao sastavnica dubokih stijena. Ako voda pro\u0111e kroz takve slojeve, njezin sadr\u017eaj arsena mo\u017ee dosti\u0107i vi\u0161estruko sigurnu granicu. Dugotrajno konzumiranje takve vode mo\u017ee dovesti do o\u0161te\u0107enja zdravlja.<\/p>\n<p>Za uklanjanje arsena preporu\u010dujemo adsorpcijsku tehnologiju s vrlo dobrom u\u010dinkovito\u0161\u0107u. Svaki gram filtriraju\u0107eg medija ima povr\u0161inu od stotine \u010detvornih metara. Sadr\u017eaj arsena u vodi vezan je na ovoj povr\u0161ini. Filter smanjuje sadr\u017eaj arsena ispod grani\u010dne vrijednosti. Arsen je trajno vezan na filtriraju\u0107e medije. Filtarski materijal se opere natrag nekoliko puta mjese\u010dno. Istro\u0161eni medij filtra mora se zamijeniti.<\/p>\n<p>Filteri s aktivnim ugljenom<br \/>\nFilter s aktivnim ugljenom mo\u017ee se koristiti za pobolj\u0161anje okusa i mirisa vode za pi\u0107e. Aktivirani ugljen je vrlo porozan materijal \u010dija je ukupna povr\u0161ina ve\u0107a od tisu\u0107u kvadratnih metara po gramu. Aktivni ugljen ve\u017ee se na sadr\u017eaj klora iz vode za pi\u0107e, zna\u010dajan udio organske tvari koja izaziva neugodne okuse ili mirise, kao i ve\u0107inu poljoprivrednih i industrijskih organskih kemikalija koje mogu u\u0107i u vodu. Ljudi obi\u010dno prona\u0111u vodu filtriranu na aktivnom ugljenu da bi bila dobra i ugodna. U biljkama s gaziranom vodom je neophodan filter s aktivnim ugljenom.<\/p>\n<p>Imamo poseban aktivni ugljen za tehnologiju odmrzavanja. Neke tehnologije uklanjanja amonijaka uklju\u010duju i filter s aktivnim ugljenom.<\/p>\n<p>Na aktivnom ugljenu se pojedina\u010dne filtrirane tvari trajno ve\u017eu. Stoga se aktivni ugljen ne mo\u017ee regenerirati. Me\u0111utim, filterski sloj mora biti otpu\u0161ten 1-2 puta tjedno i ispran natrag. Ovaj zadatak obavlja automatska upravlja\u010dka glava.<\/p>\n<p>Ovisno o zadatku, mo\u017eemo osigurati i aktivni ugljen na kojem dodatak srebra inhibira mogu\u0107i rast bakterija.<\/p>\n<p>membranski ure\u0111aji<br \/>\nOprema za reverznu osmozu<br \/>\nJedinica reverzne osmoze pro\u010di\u0161\u0107ava vodu fizikalnom filtracijom. Ure\u0111aj se mo\u017ee smatrati filterom fino\u0107e koji omogu\u0107ava malim molekulama vode da pro\u0111u kroz njega, ali ve\u0107 zadr\u017eavaju soli otopljene u vodi. Filtracija se vr\u0161i membranom reverzne osmoze. Membrane djeluju u kontinuiranom radu, na kojem je dolazna voda podijeljena na dva dijela. Filtrirana pro\u010di\u0161\u0107ena voda je permeat, a voda oboga\u0107ena solima i kontaminantima je tzv. Koncentrat. Kvaliteta permeata pribli\u017eno je jednaka kvaliteti destilirane vode.<\/p>\n<p>\u010cak i najmanja oprema koju prodajemo mo\u017ee proizvesti 1-2 m\u00b3 pro\u010di\u0161\u0107ene vode dnevno. Konvencionalna ku\u0107na oprema za reverznu osmozu stvara \u0161est litara otpadne vode prilikom proizvodnje jedne litre pro\u010di\u0161\u0107ene vode. Smanjili smo industrijsku opremu na veli\u010dinu doma\u0107instva. U proizvodnji jedne litre pro\u010di\u0161\u0107ene vode stvaramo samo 0,33 litre otpadne vode.<\/p>\n<p>Ultraljubi\u010dasta oprema<br \/>\nUltraljubi\u010dasta oprema za dezinfekciju<br \/>\nUltraljubi\u010dasta oprema posebno je dizajnirana za ubijanje bakterija, gljivica i virusa prisutnih u pitkoj vodi. \u017diva \u017eiva \u017earulja ure\u0111aja emitira ultraljubi\u010dasto svjetlo s valnom duljinom od 254 nm u UV-C podru\u010dju s visokom u\u010dinkovito\u0161\u0107u. Ovo ultraljubi\u010dasto zra\u010denje se apsorbira, uzbu\u0111uje i trajno o\u0161te\u0107uje u nasljednom materijalu mikroorganizama.<\/p>\n<p>Pri dizajniranju ure\u0111aja posebna se pa\u017enja vodila ka pove\u0107anju u\u010dinkovitosti dezinfekcije uz malu potro\u0161nju energije.<\/p>\n","protected":false},"excerpt":{"rendered":"<p>Hrvatski proizvod Postupak sa reverznom osmozom. Pro\u010di\u0161\u0107avanje vode u ku\u0107anstvu Na\u0161e tehnologije U opremi veli\u010dine ku\u0107anstva koristimo iste tehnologije rje\u0161enja za pro\u010di\u0161\u0107avanje vode koje op\u0107ine i industrijska postrojenja koriste za opskrbu vodom \u0161irom svijeta. Ni\u017ee potrebe za doma\u0107instvima za vodom ne ugro\u017eavaju kvalitetu vode. Od dijelova vode\u0107ih svjetskih proizvo\u0111a\u010da. Na\u0161i kontrolni ventili proizvedeni su u [&hellip;]<\/p>\n","protected":false},"featured_media":2929,"template":"","meta":{"_links_to":"","_links_to_target":""},"product_cat":[177],"product_tag":[],"_links":{"self":[{"href":"https:\/\/asel.hr\/webshop\/wp-json\/wp\/v2\/product\/2928"}],"collection":[{"href":"https:\/\/asel.hr\/webshop\/wp-json\/wp\/v2\/product"}],"about":[{"href":"https:\/\/asel.hr\/webshop\/wp-json\/wp\/v2\/types\/product"}],"wp:featuredmedia":[{"embeddable":true,"href":"https:\/\/asel.hr\/webshop\/wp-json\/wp\/v2\/media\/2929"}],"wp:attachment":[{"href":"https:\/\/asel.hr\/webshop\/wp-json\/wp\/v2\/media?parent=2928"}],"wp:term":[{"taxonomy":"product_cat","embeddable":true,"href":"https:\/\/asel.hr\/webshop\/wp-json\/wp\/v2\/product_cat?post=2928"},{"taxonomy":"product_tag","embeddable":true,"href":"https:\/\/asel.hr\/webshop\/wp-json\/wp\/v2\/product_tag?post=2928"}],"curies":[{"name":"wp","href":"https:\/\/api.w.org\/{rel}","templated":true}]}}