{"id":2611,"date":"2020-01-27T14:45:30","date_gmt":"2020-01-27T13:45:30","guid":{"rendered":"https:\/\/asel.hr\/webshop\/?post_type=product&#038;p=2611"},"modified":"2026-05-02T03:56:03","modified_gmt":"2026-05-02T01:56:03","slug":"elektricni-stroj-za-urezivanje-navoja-m6-m24","status":"publish","type":"product","link":"https:\/\/asel.hr\/webshop\/proizvod\/elektricni-stroj-za-urezivanje-navoja-m6-m24\/","title":{"rendered":"Elektri\u010dni stroj za urezivanje navoja M6-M24"},"content":{"rendered":"\r\n<div style=\"width: 640px;\" class=\"wp-video\"><!--[if lt IE 9]><script>document.createElement('video');<\/script><![endif]-->\n<video class=\"wp-video-shortcode\" id=\"video-2611-1\" width=\"640\" height=\"480\" preload=\"metadata\" controls=\"controls\"><source type=\"video\/mp4\" src=\"https:\/\/asel.hr\/webshop\/wp-content\/uploads\/2020\/01\/20190328_110717.mp4?_=1\" \/><a href=\"https:\/\/asel.hr\/webshop\/wp-content\/uploads\/2020\/01\/20190328_110717.mp4\">https:\/\/asel.hr\/webshop\/wp-content\/uploads\/2020\/01\/20190328_110717.mp4<\/a><\/video><\/div>\r\n\r\n\r\n\r\n\r\n\r\n\r\n\r\n<table class=\"wp-block-table\">\r\n<tbody>\r\n<tr>\r\n<td>Napon napajanja<\/td>\r\n<td>220V 50Hz<\/td>\r\n<\/tr>\r\n<tr>\r\n<td>Nazivna snaga motora<\/td>\r\n<td>750<\/td>\r\n<\/tr>\r\n<tr>\r\n<td>Raspon urezivanja (aluminium \/ steel)<\/td>\r\n<td>M6-M24<\/td>\r\n<\/tr>\r\n<tr>\r\n<td>Dr\u017ea\u010d ureznika 1 set<\/td>\r\n<td>8 kom 6-8, 10, 12, 14, 16, 18-20, 22, 24 (M6-M24)<\/td>\r\n<\/tr>\r\n<tr>\r\n<td>Radno podru\u010dje<\/td>\r\n<td>1250mm<\/td>\r\n<\/tr>\r\n<tr>\r\n<td>Maksimalna brzina<\/td>\r\n<td>0-200 okr\/min<\/td>\r\n<\/tr>\r\n<tr>\r\n<td>Te\u017eina<\/td>\r\n<td>45kg<\/td>\r\n<\/tr>\r\n<tr>\r\n<td>Dimenzije kutije<\/td>\r\n<td>740<em>870<\/em>220mm<\/td>\r\n<\/tr>\r\n<\/tbody>\r\n<\/table>\r\n<p>\r\n\r\n<\/p>\r\n<p><img decoding=\"async\" loading=\"lazy\" class=\"alignnone wp-image-2620 \" src=\"https:\/\/asel.hr\/webshop\/wp-content\/uploads\/2020\/01\/20190328_110806-1024x576.jpg\" alt=\"\" width=\"615\" height=\"346\" srcset=\"https:\/\/asel.hr\/webshop\/wp-content\/uploads\/2020\/01\/20190328_110806-1024x576.jpg 1024w, https:\/\/asel.hr\/webshop\/wp-content\/uploads\/2020\/01\/20190328_110806-300x169.jpg 300w, https:\/\/asel.hr\/webshop\/wp-content\/uploads\/2020\/01\/20190328_110806-768x432.jpg 768w, https:\/\/asel.hr\/webshop\/wp-content\/uploads\/2020\/01\/20190328_110806-1536x864.jpg 1536w, https:\/\/asel.hr\/webshop\/wp-content\/uploads\/2020\/01\/20190328_110806-2048x1152.jpg 2048w, https:\/\/asel.hr\/webshop\/wp-content\/uploads\/2020\/01\/20190328_110806-600x338.jpg 600w\" sizes=\"(max-width: 615px) 100vw, 615px\" \/><\/p>\r\n<figure class=\"wp-block-image\"><img decoding=\"async\" class=\"wp-image-2576\" src=\"http:\/\/asel.hr\/wp-content\/uploads\/2020\/01\/elektricni_urezivac_navoja3.jpg\" alt=\"\" \/><\/figure>","protected":false},"excerpt":{"rendered":"<p>Napon napajanja 220V 50Hz Nazivna snaga motora 750 Raspon urezivanja (aluminium \/ steel) M6-M24 Dr\u017ea\u010d ureznika 1 set 8 kom 6-8, 10, 12, 14, 16, 18-20, 22, 24 (M6-M24) Radno podru\u010dje 1250mm Maksimalna brzina 0-200 okr\/min Te\u017eina 45kg Dimenzije kutije 740870220mm<\/p>\n","protected":false},"featured_media":2612,"template":"","meta":{"_links_to":"","_links_to_target":""},"product_cat":[181],"product_tag":[],"_links":{"self":[{"href":"https:\/\/asel.hr\/webshop\/wp-json\/wp\/v2\/product\/2611"}],"collection":[{"href":"https:\/\/asel.hr\/webshop\/wp-json\/wp\/v2\/product"}],"about":[{"href":"https:\/\/asel.hr\/webshop\/wp-json\/wp\/v2\/types\/product"}],"wp:featuredmedia":[{"embeddable":true,"href":"https:\/\/asel.hr\/webshop\/wp-json\/wp\/v2\/media\/2612"}],"wp:attachment":[{"href":"https:\/\/asel.hr\/webshop\/wp-json\/wp\/v2\/media?parent=2611"}],"wp:term":[{"taxonomy":"product_cat","embeddable":true,"href":"https:\/\/asel.hr\/webshop\/wp-json\/wp\/v2\/product_cat?post=2611"},{"taxonomy":"product_tag","embeddable":true,"href":"https:\/\/asel.hr\/webshop\/wp-json\/wp\/v2\/product_tag?post=2611"}],"curies":[{"name":"wp","href":"https:\/\/api.w.org\/{rel}","templated":true}]}}