{"id":2329,"date":"2019-03-10T21:40:28","date_gmt":"2019-03-10T20:40:28","guid":{"rendered":"https:\/\/asel.hr\/webshop\/?post_type=product&#038;p=2329"},"modified":"2026-05-15T03:55:10","modified_gmt":"2026-05-15T01:55:10","slug":"set-za-pojacanje-pritiska-230v-pumpa-3-4","status":"publish","type":"product","link":"https:\/\/asel.hr\/webshop\/proizvod\/set-za-pojacanje-pritiska-230v-pumpa-3-4\/","title":{"rendered":"Set za poja\u010danje protoka 230V pumpa 3\/4&#8243;"},"content":{"rendered":"<p>SET ZA POJA\u010cANJE PRITISKA VODE se najvi\u0161e koristi kod Solarnih netla\u010dnih sustava za poaja\u010danje pritiska tople vode.<\/p>\n<p>Solarni netla\u010dni bojleri imaju velike prednosti, osobito glede cijene,<br \/>\nno velika im je mana \u0161to pritisak tople vode ovisi samo o visinskoj razlici izme\u0111u bojlera i potro\u0161a\u010da vode.<br \/>\nPritisak je proprcionalan visinskoj razlici i svaki metar pove\u0107ava pritisak za 0,1bar,<\/p>\n<p>Da bi se taj problem ubla\u017eio koriste se PAMETNI SETOVI za poja\u010danje pritiska solarne tople vode.<br \/>\nKada se po\u010dne koristiti voda , pali se pumpa , a kada se prestane koristiti topla voda, pumpa se gasi. &#8211; Sve to potpuno automatski.<\/p>\n<p>Pumpu je potrebno instalirati \u0161to bli\u017ee solarnom bojleru.<br \/>\nPametni sklop se navr\u0107e na pumpu.<\/p>\n<p>u setu na akciji nalazi se Pumpa Atria IBO 25 60\/180 1\u2033, koja pove\u0107ava pritisak vode do 0,6bara.<br \/>\nPametni sklop ima ulaz  3\/4\u2033  i  izlaz iz pumpe 1\u201c<br \/>\nTe\u017eina: 2kg<\/p>\n<p>Cijena seta za poja\u010danje pritiska i protoka solarne tople vode je (sa PDVom)<\/p>\n","protected":false},"excerpt":{"rendered":"<p>SET ZA POJA\u010cANJE PRITISKA VODE se najvi\u0161e koristi kod Solarnih netla\u010dnih sustava za poaja\u010danje pritiska tople vode. Solarni netla\u010dni bojleri imaju velike prednosti, osobito glede cijene, no velika im je mana \u0161to pritisak tople vode ovisi samo o visinskoj razlici izme\u0111u bojlera i potro\u0161a\u010da vode. Pritisak je proprcionalan visinskoj razlici i svaki metar pove\u0107ava pritisak [&hellip;]<\/p>\n","protected":false},"featured_media":2823,"template":"","meta":{"_links_to":"","_links_to_target":""},"product_cat":[164],"product_tag":[],"_links":{"self":[{"href":"https:\/\/asel.hr\/webshop\/wp-json\/wp\/v2\/product\/2329"}],"collection":[{"href":"https:\/\/asel.hr\/webshop\/wp-json\/wp\/v2\/product"}],"about":[{"href":"https:\/\/asel.hr\/webshop\/wp-json\/wp\/v2\/types\/product"}],"wp:featuredmedia":[{"embeddable":true,"href":"https:\/\/asel.hr\/webshop\/wp-json\/wp\/v2\/media\/2823"}],"wp:attachment":[{"href":"https:\/\/asel.hr\/webshop\/wp-json\/wp\/v2\/media?parent=2329"}],"wp:term":[{"taxonomy":"product_cat","embeddable":true,"href":"https:\/\/asel.hr\/webshop\/wp-json\/wp\/v2\/product_cat?post=2329"},{"taxonomy":"product_tag","embeddable":true,"href":"https:\/\/asel.hr\/webshop\/wp-json\/wp\/v2\/product_tag?post=2329"}],"curies":[{"name":"wp","href":"https:\/\/api.w.org\/{rel}","templated":true}]}}