{"id":2277,"date":"2019-01-19T11:13:44","date_gmt":"2019-01-19T10:13:44","guid":{"rendered":"https:\/\/asel.hr\/webshop\/?post_type=product&#038;p=2277"},"modified":"2026-04-23T03:55:43","modified_gmt":"2026-04-23T01:55:43","slug":"as-hibridni-tlacni-itn300","status":"publish","type":"product","link":"https:\/\/asel.hr\/webshop\/proizvod\/as-hibridni-tlacni-itn300\/","title":{"rendered":"AS-Hibridni tla\u010dni ITN300:"},"content":{"rendered":"<p><strong>-ITN 300 18 58 30 RE<\/strong> (do 8 bara) <em> (30 cijevi O58mm, 1,8m)<br \/>\n<\/em>&#8211; Integrirani tla\u010dni 300 litara solarni bojler <em>, <\/em>povr\u0161ina<em> 4,4 m2 <\/em><br \/>\nOprema: el. grija\u010d 1,5kW, magnezijeva sonda, konstrukcija<br \/>\n<strong><em>&#8211; <\/em><em> AM-7 <\/em>Kontroler za tla\u010dni solarni bojler <\/strong><\/p>\n","protected":false},"excerpt":{"rendered":"<p>-ITN 300 18 58 30 RE (do 8 bara) (30 cijevi O58mm, 1,8m) &#8211; Integrirani tla\u010dni 300 litara solarni bojler , povr\u0161ina 4,4 m2 Oprema: el. grija\u010d 1,5kW, magnezijeva sonda, konstrukcija &#8211; AM-7 Kontroler za tla\u010dni solarni bojler<\/p>\n","protected":false},"featured_media":2287,"template":"","meta":{"_links_to":"","_links_to_target":""},"product_cat":[156],"product_tag":[173],"_links":{"self":[{"href":"https:\/\/asel.hr\/webshop\/wp-json\/wp\/v2\/product\/2277"}],"collection":[{"href":"https:\/\/asel.hr\/webshop\/wp-json\/wp\/v2\/product"}],"about":[{"href":"https:\/\/asel.hr\/webshop\/wp-json\/wp\/v2\/types\/product"}],"wp:featuredmedia":[{"embeddable":true,"href":"https:\/\/asel.hr\/webshop\/wp-json\/wp\/v2\/media\/2287"}],"wp:attachment":[{"href":"https:\/\/asel.hr\/webshop\/wp-json\/wp\/v2\/media?parent=2277"}],"wp:term":[{"taxonomy":"product_cat","embeddable":true,"href":"https:\/\/asel.hr\/webshop\/wp-json\/wp\/v2\/product_cat?post=2277"},{"taxonomy":"product_tag","embeddable":true,"href":"https:\/\/asel.hr\/webshop\/wp-json\/wp\/v2\/product_tag?post=2277"}],"curies":[{"name":"wp","href":"https:\/\/api.w.org\/{rel}","templated":true}]}}