{"id":2197,"date":"2018-11-16T11:49:09","date_gmt":"2018-11-16T10:49:09","guid":{"rendered":"http:\/\/asel.hr\/webshop\/?post_type=product&#038;p=2197"},"modified":"2026-04-18T03:55:41","modified_gmt":"2026-04-18T01:55:41","slug":"izolacija-cijevi-1-9m-fi32-d15","status":"publish","type":"product","link":"https:\/\/asel.hr\/webshop\/proizvod\/izolacija-cijevi-1-9m-fi32-d15\/","title":{"rendered":"Izolacija cijevi 1.9m FI32 D15"},"content":{"rendered":"<p>&#8211; Cijevna izolacija za cijevi promjera do fi32<br \/>\n&#8211; debljina izolacije 15mm<br \/>\n&#8211; odli\u010dna toplinska izolacija<br \/>\n&#8211; mo\u017ee sekoristiti za sve vrste cijevi<br \/>\n&#8211; du\u017eina jednog komada 1,9 metara<br \/>\n&#8211; cijena se odnosi na jedan komad<\/p>\n","protected":false},"excerpt":{"rendered":"<p>&#8211; Cijevna izolacija za cijevi promjera do fi32 &#8211; debljina izolacije 15mm &#8211; odli\u010dna toplinska izolacija &#8211; mo\u017ee sekoristiti za sve vrste cijevi &#8211; du\u017eina jednog komada 1,9 metara &#8211; cijena se odnosi na jedan komad<\/p>\n","protected":false},"featured_media":2198,"template":"","meta":{"_links_to":"","_links_to_target":""},"product_cat":[172],"product_tag":[],"_links":{"self":[{"href":"https:\/\/asel.hr\/webshop\/wp-json\/wp\/v2\/product\/2197"}],"collection":[{"href":"https:\/\/asel.hr\/webshop\/wp-json\/wp\/v2\/product"}],"about":[{"href":"https:\/\/asel.hr\/webshop\/wp-json\/wp\/v2\/types\/product"}],"wp:featuredmedia":[{"embeddable":true,"href":"https:\/\/asel.hr\/webshop\/wp-json\/wp\/v2\/media\/2198"}],"wp:attachment":[{"href":"https:\/\/asel.hr\/webshop\/wp-json\/wp\/v2\/media?parent=2197"}],"wp:term":[{"taxonomy":"product_cat","embeddable":true,"href":"https:\/\/asel.hr\/webshop\/wp-json\/wp\/v2\/product_cat?post=2197"},{"taxonomy":"product_tag","embeddable":true,"href":"https:\/\/asel.hr\/webshop\/wp-json\/wp\/v2\/product_tag?post=2197"}],"curies":[{"name":"wp","href":"https:\/\/api.w.org\/{rel}","templated":true}]}}