{"id":2185,"date":"2018-10-13T08:20:24","date_gmt":"2018-10-13T06:20:24","guid":{"rendered":"http:\/\/asel.hr\/webshop\/?post_type=product&#038;p=2185"},"modified":"2026-05-15T03:55:15","modified_gmt":"2026-05-15T01:55:15","slug":"izmjenjivac-topline-120kw-cijevni","status":"publish","type":"product","link":"https:\/\/asel.hr\/webshop\/proizvod\/izmjenjivac-topline-120kw-cijevni\/","title":{"rendered":"Izmjenjiva\u010d topline 120kW &#8211; cijevni MF 400"},"content":{"rendered":"<p><span class=\"style112\">Izmjenjiva\u010d cijevni za bazene:<\/span><\/p>\n<p>&#8211; MF400 &#8211; 120kW<br \/>\n&#8211; povr\u0161ina izmjenjiva\u010da 1,1m2<br \/>\n&#8211; protok hladne vode 360l\/min<br \/>\n&#8211; protok tople vode 50l\/min<\/p>\n<p>1.konstruiran od visokokvalitetnog nehr\u0111aju\u0107eg \u010delika otpornog na koroziju.<br \/>\n2.Posebno dizajniran ugra\u0111eni restriktor za protok kako bi se osigurala maksimalna izmjena topline.<br \/>\n3.Dizajniran za minimalizirani gubitak tlaka u sustavu grijanja.<br \/>\n4.zahtjeva malo prostora za ugradnju &#8211; mala te\u017eina.<br \/>\n5.Oprema s nosa\u010dima od nehr\u0111aju\u0107eg \u010delika.<\/p>\n<p><img decoding=\"async\" loading=\"lazy\" src=\"https:\/\/asel.hr\/webshop\/wp-content\/uploads\/2018\/10\/Swimming-Pool-Heat-Exchanger-1-scaled.jpg\" alt=\"\" width=\"1641\" height=\"2560\" class=\"alignnone size-full wp-image-2746\" srcset=\"https:\/\/asel.hr\/webshop\/wp-content\/uploads\/2018\/10\/Swimming-Pool-Heat-Exchanger-1-scaled.jpg 1641w, https:\/\/asel.hr\/webshop\/wp-content\/uploads\/2018\/10\/Swimming-Pool-Heat-Exchanger-1-192x300.jpg 192w, https:\/\/asel.hr\/webshop\/wp-content\/uploads\/2018\/10\/Swimming-Pool-Heat-Exchanger-1-656x1024.jpg 656w, https:\/\/asel.hr\/webshop\/wp-content\/uploads\/2018\/10\/Swimming-Pool-Heat-Exchanger-1-768x1198.jpg 768w, https:\/\/asel.hr\/webshop\/wp-content\/uploads\/2018\/10\/Swimming-Pool-Heat-Exchanger-1-984x1536.jpg 984w, https:\/\/asel.hr\/webshop\/wp-content\/uploads\/2018\/10\/Swimming-Pool-Heat-Exchanger-1-1313x2048.jpg 1313w, https:\/\/asel.hr\/webshop\/wp-content\/uploads\/2018\/10\/Swimming-Pool-Heat-Exchanger-1-600x936.jpg 600w\" sizes=\"(max-width: 1641px) 100vw, 1641px\" \/><br \/>\n<img decoding=\"async\" loading=\"lazy\" src=\"https:\/\/asel.hr\/webshop\/wp-content\/uploads\/2018\/10\/Swimming-Pool-Heat-Exchanger-2-scaled.jpg\" alt=\"\" width=\"1537\" height=\"2560\" class=\"alignnone size-full wp-image-2747\" srcset=\"https:\/\/asel.hr\/webshop\/wp-content\/uploads\/2018\/10\/Swimming-Pool-Heat-Exchanger-2-scaled.jpg 1537w, https:\/\/asel.hr\/webshop\/wp-content\/uploads\/2018\/10\/Swimming-Pool-Heat-Exchanger-2-180x300.jpg 180w, https:\/\/asel.hr\/webshop\/wp-content\/uploads\/2018\/10\/Swimming-Pool-Heat-Exchanger-2-615x1024.jpg 615w, https:\/\/asel.hr\/webshop\/wp-content\/uploads\/2018\/10\/Swimming-Pool-Heat-Exchanger-2-768x1280.jpg 768w, https:\/\/asel.hr\/webshop\/wp-content\/uploads\/2018\/10\/Swimming-Pool-Heat-Exchanger-2-922x1536.jpg 922w, https:\/\/asel.hr\/webshop\/wp-content\/uploads\/2018\/10\/Swimming-Pool-Heat-Exchanger-2-1229x2048.jpg 1229w, https:\/\/asel.hr\/webshop\/wp-content\/uploads\/2018\/10\/Swimming-Pool-Heat-Exchanger-2-600x1000.jpg 600w\" sizes=\"(max-width: 1537px) 100vw, 1537px\" \/><br \/>\n<img decoding=\"async\" loading=\"lazy\" src=\"https:\/\/asel.hr\/webshop\/wp-content\/uploads\/2018\/10\/Swimming-Pool-Heat-Exchanger-3.jpg\" alt=\"\" width=\"1764\" height=\"596\" class=\"alignnone size-full wp-image-2748\" srcset=\"https:\/\/asel.hr\/webshop\/wp-content\/uploads\/2018\/10\/Swimming-Pool-Heat-Exchanger-3.jpg 1764w, https:\/\/asel.hr\/webshop\/wp-content\/uploads\/2018\/10\/Swimming-Pool-Heat-Exchanger-3-300x101.jpg 300w, https:\/\/asel.hr\/webshop\/wp-content\/uploads\/2018\/10\/Swimming-Pool-Heat-Exchanger-3-1024x346.jpg 1024w, https:\/\/asel.hr\/webshop\/wp-content\/uploads\/2018\/10\/Swimming-Pool-Heat-Exchanger-3-768x259.jpg 768w, https:\/\/asel.hr\/webshop\/wp-content\/uploads\/2018\/10\/Swimming-Pool-Heat-Exchanger-3-1536x519.jpg 1536w, https:\/\/asel.hr\/webshop\/wp-content\/uploads\/2018\/10\/Swimming-Pool-Heat-Exchanger-3-600x203.jpg 600w\" sizes=\"(max-width: 1764px) 100vw, 1764px\" \/><\/p>\n","protected":false},"excerpt":{"rendered":"<p>Izmjenjiva\u010d cijevni za bazene: &#8211; MF400 &#8211; 120kW &#8211; povr\u0161ina izmjenjiva\u010da 1,1m2 &#8211; protok hladne vode 360l\/min &#8211; protok tople vode 50l\/min 1.konstruiran od visokokvalitetnog nehr\u0111aju\u0107eg \u010delika otpornog na koroziju. 2.Posebno dizajniran ugra\u0111eni restriktor za protok kako bi se osigurala maksimalna izmjena topline. 3.Dizajniran za minimalizirani gubitak tlaka u sustavu grijanja. 4.zahtjeva malo prostora za [&hellip;]<\/p>\n","protected":false},"featured_media":2183,"template":"","meta":{"_links_to":"","_links_to_target":""},"product_cat":[164],"product_tag":[],"_links":{"self":[{"href":"https:\/\/asel.hr\/webshop\/wp-json\/wp\/v2\/product\/2185"}],"collection":[{"href":"https:\/\/asel.hr\/webshop\/wp-json\/wp\/v2\/product"}],"about":[{"href":"https:\/\/asel.hr\/webshop\/wp-json\/wp\/v2\/types\/product"}],"wp:featuredmedia":[{"embeddable":true,"href":"https:\/\/asel.hr\/webshop\/wp-json\/wp\/v2\/media\/2183"}],"wp:attachment":[{"href":"https:\/\/asel.hr\/webshop\/wp-json\/wp\/v2\/media?parent=2185"}],"wp:term":[{"taxonomy":"product_cat","embeddable":true,"href":"https:\/\/asel.hr\/webshop\/wp-json\/wp\/v2\/product_cat?post=2185"},{"taxonomy":"product_tag","embeddable":true,"href":"https:\/\/asel.hr\/webshop\/wp-json\/wp\/v2\/product_tag?post=2185"}],"curies":[{"name":"wp","href":"https:\/\/api.w.org\/{rel}","templated":true}]}}