{"id":2152,"date":"2018-08-21T13:38:02","date_gmt":"2018-08-21T11:38:02","guid":{"rendered":"http:\/\/asel.hr\/webshop\/?post_type=product&#038;p=2152"},"modified":"2026-04-29T03:00:16","modified_gmt":"2026-04-29T01:00:16","slug":"regulator-lcd-60a-12-24v-kopiraj","status":"publish","type":"product","link":"https:\/\/asel.hr\/webshop\/proizvod\/regulator-lcd-60a-12-24v-kopiraj\/","title":{"rendered":"Regulator LCD 60A 12\/24V DMD-LS"},"content":{"rendered":"<p>Nazivni napon 12V \/24VDC<br \/>\nNazivna struja 60A<br \/>\nZa\u0161tita prepunjavanja 14,4 V\/28,8VDC<br \/>\nNapon isklju\u010denja za\u0161tite od pra\u017enjenja 11,1 V\/22,2VDC<br \/>\nNapon ponovnog uspostavljanja za\u0161tite od pra\u017enjenja 12,6V\/25,2VDC<br \/>\nPad napona izme\u0111u ulaza i baterije 0,5VDC<br \/>\nPad napona izme\u0111u baterije i tro\u0161ila 0,2VDC<br \/>\nVlastita potro\u0161nja &lt;5mA<br \/>\nDozvoljena radna temperatura okoline -35 ~+55\u00b0C<br \/>\nNadmorska visina &lt;5500m<br \/>\nDimenzije 187x122x57mm<br \/>\nTemp.kompenzacijski faktor -30mV\/\u00b0C \/ -60mV\/\u00b0C<\/p>\n<p>Regulator punjenja \u2013 slu\u017ei za reguliranje punjenja solarnih baterija<\/p>\n<p>Solarni regulator punjenja je optimalno dizajniran mikroprocesorski<br \/>\nure\u0111aj sa izvrsnim svojstvima .<br \/>\nUre\u0111aj je dizajniran za ku\u0107ne solarne sustave i izdvojene solarne stanice.<\/p>\n<p>\u2013 PWM (pulsno \u0161irinska modulacija) punjenja s visokom efikasno\u0161\u0107u<br \/>\n\u2013 za\u0161tita od zamjene polariteta baterije, podnaponska i prenaponska za\u0161tita<br \/>\n\u2013 za\u0161tita protiv kratkog spoja na izlazu, prevelike struje i preoptere\u0107enja.<br \/>\n\u2013 za\u0161tita protiv kratkog spoja panela<br \/>\n\u2013 za\u0161tita protiv otvorenog kruga baterija (prekida u krugu baterije)<br \/>\n\u2013 precizno upravljanje naponima<br \/>\n\u2013 LED indikacija kapaciteta baterije<\/p>\n<style>\n  .btn {\n    background-color: DodgerBlue;\n    border: none;\n    color: white;\n    cursor: pointer;\n    font-size: 20px;<\/p>\n<p>  }<\/p>\n<p>  \/* Darker background on mouse-over *\/\n  .btn:hover {\n    background-color: RoyalBlue;\n  }<\/p>\n<\/style>\n<p><a href=\"https:\/\/asel.hr\/webshop\/wp-content\/uploads\/2024\/04\/Jamstvo%20Solarni%20regulator.pdf\"><br \/>\n<button class=\"btn\" ><i class=\"fa fa-download\" style=\"font-size: 25px;\"><\/i> Preuzmi Jamstvene uvjete\u3164<\/button><br \/>\n<\/a><\/p>\n","protected":false},"excerpt":{"rendered":"<p>Nazivni napon 12V \/24VDC Nazivna struja 60A Za\u0161tita prepunjavanja 14,4 V\/28,8VDC Napon isklju\u010denja za\u0161tite od pra\u017enjenja 11,1 V\/22,2VDC Napon ponovnog uspostavljanja za\u0161tite od pra\u017enjenja 12,6V\/25,2VDC Pad napona izme\u0111u ulaza i baterije 0,5VDC Pad napona izme\u0111u baterije i tro\u0161ila 0,2VDC Vlastita potro\u0161nja &lt;5mA Dozvoljena radna temperatura okoline -35 ~+55\u00b0C Nadmorska visina &lt;5500m Dimenzije 187x122x57mm Temp.kompenzacijski faktor [&hellip;]<\/p>\n","protected":false},"featured_media":2149,"template":"","meta":{"_links_to":"","_links_to_target":""},"product_cat":[124],"product_tag":[],"_links":{"self":[{"href":"https:\/\/asel.hr\/webshop\/wp-json\/wp\/v2\/product\/2152"}],"collection":[{"href":"https:\/\/asel.hr\/webshop\/wp-json\/wp\/v2\/product"}],"about":[{"href":"https:\/\/asel.hr\/webshop\/wp-json\/wp\/v2\/types\/product"}],"wp:featuredmedia":[{"embeddable":true,"href":"https:\/\/asel.hr\/webshop\/wp-json\/wp\/v2\/media\/2149"}],"wp:attachment":[{"href":"https:\/\/asel.hr\/webshop\/wp-json\/wp\/v2\/media?parent=2152"}],"wp:term":[{"taxonomy":"product_cat","embeddable":true,"href":"https:\/\/asel.hr\/webshop\/wp-json\/wp\/v2\/product_cat?post=2152"},{"taxonomy":"product_tag","embeddable":true,"href":"https:\/\/asel.hr\/webshop\/wp-json\/wp\/v2\/product_tag?post=2152"}],"curies":[{"name":"wp","href":"https:\/\/api.w.org\/{rel}","templated":true}]}}