{"id":2048,"date":"2018-06-20T14:05:22","date_gmt":"2018-06-20T12:05:22","guid":{"rendered":"http:\/\/asel.hr\/webshop\/?post_type=product&#038;p=2048"},"modified":"2026-04-25T03:00:40","modified_gmt":"2026-04-25T01:00:40","slug":"pretvarac-blue-energy-2-2kw-24v-cisti-sinus","status":"publish","type":"product","link":"https:\/\/asel.hr\/webshop\/proizvod\/pretvarac-blue-energy-2-2kw-24v-cisti-sinus\/","title":{"rendered":"Pretvara\u010d Blue energy 2.2kW 24V \u010disti sinus"},"content":{"rendered":"<p>Inverteri \u2013 pretvaraju 12 ili 24V istosmjerni napon u izmjeni\u010dni 230V\/50Hz<\/p>\n<p>tip: pravi sinus<br \/>\nkonstantna snaga: 1500W<br \/>\nmaksimalna snaga: 2200W<br \/>\nulazni napon: 24 V<br \/>\nizlazni napon: 230V\/50Hz AC<br \/>\nvlastita potro\u0161nja: <0,8A\n\n\u010cISTI SINUS: namjenjen za sve tipove tro\u0161ila (hladnjak, perilica rublja, transformator, elektromotori i ostala induktivna tro\u0161ila)\n\nTehni\u010dke karakteristike:\n\u2013 visoka efikasnost <90% \u2013 Automatska za\u0161tita od: preoptere\u0107enja, kratkog spoja, temperature, niskog i visokog napona \u2013 alarm za praznu bateriju \/ samoga\u0161enje \u2013 led indikacija napona i optere\u0107enja: ulazni i izlazni napon \u2013 led indikacija izlazne snage \u2013 radna temperatura: -10\u00b0C ~+50\u00b0C \u2013 skladi\u0161na temperatura: -30 ~+70\u00b0C\n\n\n<style>\n  .btn {\n    background-color: DodgerBlue;\n    border: none;\n    color: white;\n    cursor: pointer;\n    font-size: 20px;<\/p>\n<p>  }<\/p>\n<p>  \/* Darker background on mouse-over *\/\n  .btn:hover {\n    background-color: RoyalBlue;\n  }<\/p>\n<\/style>\n<p><a href=\"https:\/\/asel.hr\/webshop\/wp-content\/uploads\/2024\/04\/Jamstvo%20za%20invertere.pdf\"><br \/>\n<button class=\"btn\" ><i class=\"fa fa-download\" style=\"font-size: 25px;\"><\/i> Preuzmi Jamstvene uvjete\u3164<\/button><br \/>\n<\/a><\/p>\n","protected":false},"excerpt":{"rendered":"<p>Inverteri \u2013 pretvaraju 12 ili 24V istosmjerni napon u izmjeni\u010dni 230V\/50Hz tip: pravi sinus konstantna snaga: 1500W maksimalna snaga: 2200W ulazni napon: 24 V izlazni napon: 230V\/50Hz AC vlastita potro\u0161nja:<\/p>\n","protected":false},"featured_media":537,"template":"","meta":{"_links_to":"","_links_to_target":""},"product_cat":[99],"product_tag":[],"_links":{"self":[{"href":"https:\/\/asel.hr\/webshop\/wp-json\/wp\/v2\/product\/2048"}],"collection":[{"href":"https:\/\/asel.hr\/webshop\/wp-json\/wp\/v2\/product"}],"about":[{"href":"https:\/\/asel.hr\/webshop\/wp-json\/wp\/v2\/types\/product"}],"wp:featuredmedia":[{"embeddable":true,"href":"https:\/\/asel.hr\/webshop\/wp-json\/wp\/v2\/media\/537"}],"wp:attachment":[{"href":"https:\/\/asel.hr\/webshop\/wp-json\/wp\/v2\/media?parent=2048"}],"wp:term":[{"taxonomy":"product_cat","embeddable":true,"href":"https:\/\/asel.hr\/webshop\/wp-json\/wp\/v2\/product_cat?post=2048"},{"taxonomy":"product_tag","embeddable":true,"href":"https:\/\/asel.hr\/webshop\/wp-json\/wp\/v2\/product_tag?post=2048"}],"curies":[{"name":"wp","href":"https:\/\/api.w.org\/{rel}","templated":true}]}}