{"id":1911,"date":"2018-05-28T14:02:10","date_gmt":"2018-05-28T12:02:10","guid":{"rendered":"http:\/\/asel.hr\/webshop\/proizvod\/solarna-baterija-gel-12v-300ah\/"},"modified":"2026-05-13T03:55:31","modified_gmt":"2026-05-13T01:55:31","slug":"solarna-baterija-gel-12v-300ah","status":"publish","type":"product","link":"https:\/\/asel.hr\/webshop\/proizvod\/solarna-baterija-gel-12v-300ah\/","title":{"rendered":"Solarna baterija  GEL 12V 300Ah"},"content":{"rendered":"<p>GEL 12V <strong>300Ah<\/strong><br \/>\nVijek trajanja: 12 godina<br \/>\nDimenzija 544x293x272<br \/>\nTe\u017eina: 80.9kg<br \/>\n<strong>KARAKTERISTIKE:<\/strong><br \/>\nDobra svojstva punjenja, prekomjernog i dubokog pra\u017enjenja<br \/>\nIzuzetna sigurnost izvedbe:<br \/>\n&#8211; nema istjecanja elektrolita<br \/>\n&#8211; deformiranja ili pucanja u normalnim uvjetima<br \/>\n&#8211; dobra otpornost na koroziju<br \/>\n&#8211; mali unutarnji otpor<\/p>\n<p>Na\u0161 solarni GEL akumulator nudi najbolji dubinski ciklus pra\u017enjenja i time pogoduje du\u017eem<br \/>\nvijeku trajanja.<br \/>\nZbog visoke kvalitete materijala GEL akumulatori imaju nizak prag samopra\u017enjenja te se ne\u0107e isprazniti tijekom dugog perioda bez punjenja.<\/p>\n<p><strong>ODR\u017dAVANJE<\/strong><br \/>\nNema potrebe za nadolijevanjem vode niti za prisilnom ventilacijom. Poklopci ku\u0107i\u0161ta moraju biti uvijek suhi i \u010disti, bez pra\u0161ine. \u010cisti se samo mekanom pamu\u010dnom lagano navla\u017eenom krpom.<br \/>\nPreporu\u010davamo: -svaki mjesec provjeriti ukupni napon na stezaljkama baterije.<br \/>\n-jednom godi\u0161nje provjeriti napon svakog \u010dlanka te jednom u godini-dvije provje-riti kapacitet baterije 5-satnim testom pra\u017enjenja prema propisanoj proceduri.<\/p>\n<p>Nudimo SOLE  (VRLA GEL) i SOLARFAM (GEL) baterije, podnose kratkotrajno i dubinska pra\u017enjenja.<br \/>\nKori\u0161tenjem visoke \u010disto\u0107e materijala osigurava se da obje GEL i AGM baterije imaju osobito nizak prag samo pra\u017enjenja tako da se ne\u0107e isprazniti tijekom dugog perioda bez punjenja.<br \/>\nbaterije GELTECH su zatvorene i ne trebaju odr\u017eavanje.<br \/>\nKapacitet  baterije je proporcionalan te\u017eini baterije<br \/>\nSolarFam GEL baterije imaju i vi\u0161e od 1.800 ciklusa sa 30% pra\u017enjenja.<br \/>\nDizajnirane baterije GEL SOLE za 10g \u017eivotni vijek, a GEL SOLARFAM za 10 do 12g.<br \/>\nBaterije smjestiti u prostor s temperaturom do 25\u2070C. Okolne temperature ve\u0107e od 35\u2070C \u0107e skratiti \u017eivotni vijek i do 50%.<\/p>\n","protected":false},"excerpt":{"rendered":"<p>GEL 12V 300Ah Vijek trajanja: 12 godina Dimenzija 544x293x272 Te\u017eina: 80.9kg KARAKTERISTIKE: Dobra svojstva punjenja, prekomjernog i dubokog pra\u017enjenja Izuzetna sigurnost izvedbe: &#8211; nema istjecanja elektrolita &#8211; deformiranja ili pucanja u normalnim uvjetima &#8211; dobra otpornost na koroziju &#8211; mali unutarnji otpor Na\u0161 solarni GEL akumulator nudi najbolji dubinski ciklus pra\u017enjenja i time pogoduje du\u017eem [&hellip;]<\/p>\n","protected":false},"featured_media":47,"template":"","meta":{"_links_to":"","_links_to_target":""},"product_cat":[135],"product_tag":[],"_links":{"self":[{"href":"https:\/\/asel.hr\/webshop\/wp-json\/wp\/v2\/product\/1911"}],"collection":[{"href":"https:\/\/asel.hr\/webshop\/wp-json\/wp\/v2\/product"}],"about":[{"href":"https:\/\/asel.hr\/webshop\/wp-json\/wp\/v2\/types\/product"}],"wp:featuredmedia":[{"embeddable":true,"href":"https:\/\/asel.hr\/webshop\/wp-json\/wp\/v2\/media\/47"}],"wp:attachment":[{"href":"https:\/\/asel.hr\/webshop\/wp-json\/wp\/v2\/media?parent=1911"}],"wp:term":[{"taxonomy":"product_cat","embeddable":true,"href":"https:\/\/asel.hr\/webshop\/wp-json\/wp\/v2\/product_cat?post=1911"},{"taxonomy":"product_tag","embeddable":true,"href":"https:\/\/asel.hr\/webshop\/wp-json\/wp\/v2\/product_tag?post=1911"}],"curies":[{"name":"wp","href":"https:\/\/api.w.org\/{rel}","templated":true}]}}