{"id":1896,"date":"2018-05-28T14:02:05","date_gmt":"2018-05-28T12:02:05","guid":{"rendered":"http:\/\/asel.hr\/webshop\/proizvod\/inverter-300w-600w-cisti-sinus-12v\/"},"modified":"2026-04-25T03:00:27","modified_gmt":"2026-04-25T01:00:27","slug":"inverter-300w-600w-cisti-sinus-12v","status":"publish","type":"product","link":"https:\/\/asel.hr\/webshop\/proizvod\/inverter-300w-600w-cisti-sinus-12v\/","title":{"rendered":"Inverter 300W\/600W \u010disti sinus 12V"},"content":{"rendered":"<p>Inverteri &#8211; pretvaraju 12 ili 24V istosmjerni napon u izmjeni\u010dni 230V\/50Hz<\/p>\n<p>ASNC-300<br \/>\ntip: pravi sinus<br \/>\nkonstantna snaga: 300W<br \/>\nvr\u0161na snaga: 600W<br \/>\nulazni napon: 12V DC<br \/>\nizlazni napon: 230V\/50Hz AC<br \/>\nvlastita potro\u0161nja: &lt;0,3A<\/p>\n<p>dimenzije: 105x55x150mm<\/p>\n<p>\u010cISTI SINUS: namjenjen za sve tipove tro\u0161ila (hladnjak, perilica rublja, transformator, elektromotori i ostala induktivna tro\u0161ila)<\/p>\n<p>Tehni\u010dke karakteristike:<br \/>\n&#8211; visoka efikasnost &lt;90%<br \/>\n&#8211; Automatska za\u0161tita od:<br \/>\npreoptere\u0107enja, kratkog spoja, temperature, niskog i visokog napona<br \/>\n&#8211; alarm za praznu bateriju \/ samoga\u0161enje<br \/>\n&#8211; led indikacija napona i optere\u0107enja: ulazni i izlazni napon<br \/>\n&#8211; led indikacija izlazne snage<br \/>\n&#8211; radna temperatura: -10\u00b0C ~+50\u00b0C<br \/>\n&#8211; skladi\u0161na temperatura: -30 ~+70\u00b0C<\/p>\n<style>\n  .btn {\n    background-color: DodgerBlue;\n    border: none;\n    color: white;\n    cursor: pointer;\n    font-size: 20px;<\/p>\n<p>  }<\/p>\n<p>  \/* Darker background on mouse-over *\/\n  .btn:hover {\n    background-color: RoyalBlue;\n  }<\/p>\n<\/style>\n<p><a href=\"http:\/\/asel.hr\/webshop\/wp-content\/uploads\/2018\/07\/UPUTSTVO-SOLARNI-PRETVARACI.pdf\">uputstva solarni pretvara\u010di<\/a><br \/>\n<a href=\"https:\/\/asel.hr\/webshop\/wp-content\/uploads\/2024\/04\/Jamstvo%20za%20invertere.pdf\"><br \/>\n<button class=\"btn\" ><i class=\"fa fa-download\" style=\"font-size: 25px;\"><\/i> Preuzmi Jamstvene uvjete\u3164<\/button><br \/>\n<\/a><\/p>\n","protected":false},"excerpt":{"rendered":"<p>Inverteri &#8211; pretvaraju 12 ili 24V istosmjerni napon u izmjeni\u010dni 230V\/50Hz ASNC-300 tip: pravi sinus konstantna snaga: 300W vr\u0161na snaga: 600W ulazni napon: 12V DC izlazni napon: 230V\/50Hz AC vlastita potro\u0161nja: &lt;0,3A dimenzije: 105x55x150mm \u010cISTI SINUS: namjenjen za sve tipove tro\u0161ila (hladnjak, perilica rublja, transformator, elektromotori i ostala induktivna tro\u0161ila) Tehni\u010dke karakteristike: &#8211; visoka efikasnost [&hellip;]<\/p>\n","protected":false},"featured_media":82,"template":"","meta":{"_links_to":"","_links_to_target":""},"product_cat":[99],"product_tag":[],"_links":{"self":[{"href":"https:\/\/asel.hr\/webshop\/wp-json\/wp\/v2\/product\/1896"}],"collection":[{"href":"https:\/\/asel.hr\/webshop\/wp-json\/wp\/v2\/product"}],"about":[{"href":"https:\/\/asel.hr\/webshop\/wp-json\/wp\/v2\/types\/product"}],"wp:featuredmedia":[{"embeddable":true,"href":"https:\/\/asel.hr\/webshop\/wp-json\/wp\/v2\/media\/82"}],"wp:attachment":[{"href":"https:\/\/asel.hr\/webshop\/wp-json\/wp\/v2\/media?parent=1896"}],"wp:term":[{"taxonomy":"product_cat","embeddable":true,"href":"https:\/\/asel.hr\/webshop\/wp-json\/wp\/v2\/product_cat?post=1896"},{"taxonomy":"product_tag","embeddable":true,"href":"https:\/\/asel.hr\/webshop\/wp-json\/wp\/v2\/product_tag?post=1896"}],"curies":[{"name":"wp","href":"https:\/\/api.w.org\/{rel}","templated":true}]}}