{"id":1893,"date":"2018-05-28T14:02:05","date_gmt":"2018-05-28T12:02:05","guid":{"rendered":"http:\/\/asel.hr\/webshop\/proizvod\/pretvarac-sa-punjacem-pogodan-za-centralno-grijanje-1200w-cisti-sinus-12v\/"},"modified":"2026-05-01T03:55:13","modified_gmt":"2026-05-01T01:55:13","slug":"pretvarac-sa-punjacem-pogodan-za-centralno-grijanje-1200w-cisti-sinus-12v","status":"publish","type":"product","link":"https:\/\/asel.hr\/webshop\/proizvod\/pretvarac-sa-punjacem-pogodan-za-centralno-grijanje-1200w-cisti-sinus-12v\/","title":{"rendered":"Pretvara\u010d sa punja\u010dem (pogodan za centralno grijanje) 1200W \u010disti sinus 12V"},"content":{"rendered":"<p><strong>Proizvo\u0111a\u010d:<\/strong> Sole Energy<br \/>\n<strong>Product model<\/strong>: Blue Energy 1200-12<\/p>\n<ul>\n<li><strong>Maksimalna snaga:<\/strong>\u00a01200 W<\/li>\n<li><strong>Kontinuirana snaga<\/strong>: 1000 W<\/li>\n<li><strong>Napon:<\/strong> 230 V<\/li>\n<li><strong>Izlazni val:<\/strong> \u010disti sinusni<\/li>\n<li><strong>Dimenzije (D x \u0160 x V):<\/strong>\u00a0447 x 150 x 76 mm<\/li>\n<li><strong>Te\u017eina:<\/strong>\u00a03,13 kg<\/li>\n<\/ul>\n<style>\n  .btn {\n    background-color: DodgerBlue;\n    border: none;\n    color: white;\n    cursor: pointer;\n    font-size: 20px;<\/p>\n<p>  }<\/p>\n<p>  \/* Darker background on mouse-over *\/\n  .btn:hover {\n    background-color: RoyalBlue;\n  }<\/p>\n<\/style>\n<p><a href=\"https:\/\/asel.hr\/webshop\/wp-content\/uploads\/2024\/04\/Jamstvo%20za%20invertere.pdf\"><br \/>\n<button class=\"btn\" ><i class=\"fa fa-download\" style=\"font-size: 25px;\"><\/i> Preuzmi Jamstvene uvjete\u3164<\/button><br \/>\n<\/a><\/p>\n","protected":false},"excerpt":{"rendered":"<p>Proizvo\u0111a\u010d: Sole Energy Product model: Blue Energy 1200-12 Maksimalna snaga:\u00a01200 W Kontinuirana snaga: 1000 W Napon: 230 V Izlazni val: \u010disti sinusni Dimenzije (D x \u0160 x V):\u00a0447 x 150 x 76 mm Te\u017eina:\u00a03,13 kg Preuzmi Jamstvene uvjete\u3164<\/p>\n","protected":false},"featured_media":85,"template":"","meta":{"_links_to":"","_links_to_target":""},"product_cat":[99],"product_tag":[],"_links":{"self":[{"href":"https:\/\/asel.hr\/webshop\/wp-json\/wp\/v2\/product\/1893"}],"collection":[{"href":"https:\/\/asel.hr\/webshop\/wp-json\/wp\/v2\/product"}],"about":[{"href":"https:\/\/asel.hr\/webshop\/wp-json\/wp\/v2\/types\/product"}],"wp:featuredmedia":[{"embeddable":true,"href":"https:\/\/asel.hr\/webshop\/wp-json\/wp\/v2\/media\/85"}],"wp:attachment":[{"href":"https:\/\/asel.hr\/webshop\/wp-json\/wp\/v2\/media?parent=1893"}],"wp:term":[{"taxonomy":"product_cat","embeddable":true,"href":"https:\/\/asel.hr\/webshop\/wp-json\/wp\/v2\/product_cat?post=1893"},{"taxonomy":"product_tag","embeddable":true,"href":"https:\/\/asel.hr\/webshop\/wp-json\/wp\/v2\/product_tag?post=1893"}],"curies":[{"name":"wp","href":"https:\/\/api.w.org\/{rel}","templated":true}]}}