{"id":1869,"date":"2018-05-28T14:02:00","date_gmt":"2018-05-28T12:02:00","guid":{"rendered":"http:\/\/asel.hr\/webshop\/proizvod\/inox-spojnica-2532-5-4\/"},"modified":"2026-04-19T03:55:03","modified_gmt":"2026-04-19T01:55:03","slug":"inox-spojnica-2532-5-4","status":"publish","type":"product","link":"https:\/\/asel.hr\/webshop\/proizvod\/inox-spojnica-2532-5-4\/","title":{"rendered":"Inox spojnica 2532 5\/4&#8243;"},"content":{"rendered":"<p>Inox spojnica izra\u0111ena od visoko kvalitetnog materijala,<br \/>\nnamijenjena za spajanje inox cijevi na odredi\u0161no mjesto.<\/p>\n<p>-Veli\u010dina: 5\/4\u2033 (25\/32mm)<\/p>\n","protected":false},"excerpt":{"rendered":"<p>Inox spojnica izra\u0111ena od visoko kvalitetnog materijala, namijenjena za spajanje inox cijevi na odredi\u0161no mjesto. -Veli\u010dina: 5\/4\u2033 (25\/32mm)<\/p>\n","protected":false},"featured_media":3133,"template":"","meta":{"_links_to":"","_links_to_target":""},"product_cat":[111],"product_tag":[],"_links":{"self":[{"href":"https:\/\/asel.hr\/webshop\/wp-json\/wp\/v2\/product\/1869"}],"collection":[{"href":"https:\/\/asel.hr\/webshop\/wp-json\/wp\/v2\/product"}],"about":[{"href":"https:\/\/asel.hr\/webshop\/wp-json\/wp\/v2\/types\/product"}],"wp:featuredmedia":[{"embeddable":true,"href":"https:\/\/asel.hr\/webshop\/wp-json\/wp\/v2\/media\/3133"}],"wp:attachment":[{"href":"https:\/\/asel.hr\/webshop\/wp-json\/wp\/v2\/media?parent=1869"}],"wp:term":[{"taxonomy":"product_cat","embeddable":true,"href":"https:\/\/asel.hr\/webshop\/wp-json\/wp\/v2\/product_cat?post=1869"},{"taxonomy":"product_tag","embeddable":true,"href":"https:\/\/asel.hr\/webshop\/wp-json\/wp\/v2\/product_tag?post=1869"}],"curies":[{"name":"wp","href":"https:\/\/api.w.org\/{rel}","templated":true}]}}