{"id":1867,"date":"2018-05-28T14:02:00","date_gmt":"2018-05-28T12:02:00","guid":{"rendered":"http:\/\/asel.hr\/webshop\/proizvod\/solarni-kolektor-inv150\/"},"modified":"2026-04-17T03:55:02","modified_gmt":"2026-04-17T01:55:02","slug":"solarni-kolektor-inv150","status":"publish","type":"product","link":"https:\/\/asel.hr\/webshop\/proizvod\/solarni-kolektor-inv150\/","title":{"rendered":"Solarni kolektor INV150"},"content":{"rendered":"<p>Solarni kolektor INV150 18 58 15<\/p>\n<p>&#8211; <em>Integrirani ne-tla\u010dni 150 litara sol.bojler sa upojnom povr\u0161inom 2.12m2<br \/>\n&#8211; 15 komada grija\u010dih cijevi promjera 58mm du\u017eine 1,8 meta<\/em>r<br \/>\n&#8211; snaga 1688W<br \/>\n&#8211; <strong>Three Layer cijevi<\/strong> (Kvalitetne cijevi sa tri fotoosjetljiva sloja koja omogu\u0107uju kori\u0161tenje solarne energije i kada nema sunca)<br \/>\n&#8211; Materijal: SUS304-2B<br \/>\n&#8211; Apsorpcija: &gt; 94%<br \/>\n&#8211; Povr\u0161ina absorbera: 1.205 m2<br \/>\n&#8211; Povr\u0161ina upada svjetlosti: 1.395 m2<br \/>\n&#8211; Bruto povr\u0161ina: 2.120 m2<br \/>\n&#8211; Kapacitet: 150L<br \/>\n&#8211; Izolacija: Poliuretanska pjena<br \/>\n&#8211; Debljina izolacije: 55mm<br \/>\n-Dimenzija: 470&#215;1.366mm<\/p>\n<p>OPIS solarnog bojlera<br \/>\nVakuumski solarni kolektori \u2013 bojleri su visoko u\u010dinkoviti jer apsorbiraju solarnu energiju i kod slabog osvjetljenja i kada su vanjske temperature duboko ispod nule.<br \/>\nPotpuno su za\u0161ti\u0107eni od pregrijavanja, voda u bojleru mo\u017ee vriti (100\u00b0C) bez ikakve opasnosti od \u0161tete.<br \/>\nZbog kru\u017enog oblika vakuumskih cijevi solarni bojler mo\u017ee raditi i u horizontalnom i vertikalnom polo\u017eaju, no najbolji kut za ljeto je 20-25 stupnjeva, a za zimu 55-60 stupnjeva. Kompromis zima-ljeto je 45stupnjeva.  <\/p>\n<p>Solarni bojler je opremljen izrazito kvalitetnim vakuumskim cijevima s 3 fotoosjetljiva sloja, te zbog visokog nivoa vakuuma u cijevima omogu\u0107uju da se obi\u010dna voda iz vodovoda ne smrzne u njima i na vi\u0161e od -15\u00b0C, bez ikakve za\u0161tite od smrzavanja.<br \/>\nPazite na tr\u017ei\u0161tu postoje i vakuumske cijevi sa 2 fotoosjetljiva sloja koje nemaju takva svojstva i tako dobru efikasnost  pri slabom osvjetljenju.<br \/>\nVakuumske cijevi su napravljene od borsilikatnog stakla , pa podnose tu\u010du promjera do 25mm.<\/p>\n<p>Topla voda po principu termosifona ide prema gore i time se posti\u017ee prirodna cirkulacija, pa najtoplija voda odlazi prema korisniku.<\/p>\n<p>Budu\u0107i da su to niskotla\u010dni bojleri iz kojih topla voda ide slobodnim padom , minimalna visinska razlika od bojlera do potro\u0161a\u010da bi trebala biti ve\u0107a od 2,5m.<\/p>\n<p>Nisko tla\u010dni solarni bojler se mo\u017ee koristi i na manjoj razlici visine uz pomo\u0107 pametnog seta za poja\u010danje protoka vode (pumpa se gasi i pali automatski otvaranjem i zatvaranjem bilo koje slavine u sustavu).<\/p>\n<p>Jedna vakuumska cijev ima kapacitet grijanja 10l vode. Budu\u0107i da je dnevno potrebno 40l \u2013 50l tople vode po osobi, lako se mo\u017ee izra\u010dunati potreban kapacitet solarnog bojlera, kao npr. bojler sa 20 cijevi je predvi\u0111en za 4-5 osoba.<br \/>\n\u017divotni vijek ASELovog niskotla\u010dnog solarnog bojlera je 20g.  <\/p>\n<p>Standardna OPREMA:<br \/>\n&#8211; izrazito jaka konstrukcija (2mm perforirani galvanizirani i obojani lim) za ravni i kosi krov <\/p>\n<p>Dodatna oprema:<br \/>\n&#8211; magnezijeva sonda<br \/>\n&#8211; kontroler AM-7<br \/>\n&#8211; el. Grija\u010d \u00be\u201c 1,5kW<br \/>\n&#8211; podkonstrukcija (monta\u017ea krova bez bu\u0161enja crijepa)<br \/>\n&#8211; pumpa za recirkulaciju (omogu\u0107uje uvijek toplu vodu na slavinama, bez \u010dekanja)<br \/>\n&#8211; set za poja\u010danje protoka vode <\/p>\n<p><embed src=\"https:\/\/asel.hr\/webshop\/wp-content\/pdf\/INV_netlacni_UPUTSTVO_1.pdf\" width=\"800px\" height=\"2100px\" \/><\/p>\n","protected":false},"excerpt":{"rendered":"<p>Solarni kolektor INV150 18 58 15 &#8211; Integrirani ne-tla\u010dni 150 litara sol.bojler sa upojnom povr\u0161inom 2.12m2 &#8211; 15 komada grija\u010dih cijevi promjera 58mm du\u017eine 1,8 metar &#8211; snaga 1688W &#8211; Three Layer cijevi (Kvalitetne cijevi sa tri fotoosjetljiva sloja koja omogu\u0107uju kori\u0161tenje solarne energije i kada nema sunca) &#8211; Materijal: SUS304-2B &#8211; Apsorpcija: &gt; 94% [&hellip;]<\/p>\n","protected":false},"featured_media":171,"template":"","meta":{"_links_to":"","_links_to_target":""},"product_cat":[161],"product_tag":[],"_links":{"self":[{"href":"https:\/\/asel.hr\/webshop\/wp-json\/wp\/v2\/product\/1867"}],"collection":[{"href":"https:\/\/asel.hr\/webshop\/wp-json\/wp\/v2\/product"}],"about":[{"href":"https:\/\/asel.hr\/webshop\/wp-json\/wp\/v2\/types\/product"}],"wp:featuredmedia":[{"embeddable":true,"href":"https:\/\/asel.hr\/webshop\/wp-json\/wp\/v2\/media\/171"}],"wp:attachment":[{"href":"https:\/\/asel.hr\/webshop\/wp-json\/wp\/v2\/media?parent=1867"}],"wp:term":[{"taxonomy":"product_cat","embeddable":true,"href":"https:\/\/asel.hr\/webshop\/wp-json\/wp\/v2\/product_cat?post=1867"},{"taxonomy":"product_tag","embeddable":true,"href":"https:\/\/asel.hr\/webshop\/wp-json\/wp\/v2\/product_tag?post=1867"}],"curies":[{"name":"wp","href":"https:\/\/api.w.org\/{rel}","templated":true}]}}