{"id":1865,"date":"2018-05-28T14:02:00","date_gmt":"2018-05-28T12:02:00","guid":{"rendered":"http:\/\/asel.hr\/webshop\/proizvod\/alupex-spojnica-1-muska\/"},"modified":"2026-04-23T03:55:03","modified_gmt":"2026-04-23T01:55:03","slug":"alupex-spojnica-1-muska","status":"publish","type":"product","link":"https:\/\/asel.hr\/webshop\/proizvod\/alupex-spojnica-1-muska\/","title":{"rendered":"Alupex spojnica 1&#8221;  (mu\u0161ka)"},"content":{"rendered":"<p>Alupex spojnica izra\u0111ena od visoko kvalitetnog materijala,<br \/>\nnamijenjena za spajanje alupex cijevi na odredi\u0161no mjesto.<\/p>\n<p>-Veli\u010dina: 1&#8243; (26mm)<br \/>\n-Navoj: mu\u0161ki<\/p>\n","protected":false},"excerpt":{"rendered":"<p>Alupex spojnica izra\u0111ena od visoko kvalitetnog materijala, namijenjena za spajanje alupex cijevi na odredi\u0161no mjesto. -Veli\u010dina: 1&#8243; (26mm) -Navoj: mu\u0161ki<\/p>\n","protected":false},"featured_media":130,"template":"","meta":{"_links_to":"","_links_to_target":""},"product_cat":[111],"product_tag":[],"_links":{"self":[{"href":"https:\/\/asel.hr\/webshop\/wp-json\/wp\/v2\/product\/1865"}],"collection":[{"href":"https:\/\/asel.hr\/webshop\/wp-json\/wp\/v2\/product"}],"about":[{"href":"https:\/\/asel.hr\/webshop\/wp-json\/wp\/v2\/types\/product"}],"wp:featuredmedia":[{"embeddable":true,"href":"https:\/\/asel.hr\/webshop\/wp-json\/wp\/v2\/media\/130"}],"wp:attachment":[{"href":"https:\/\/asel.hr\/webshop\/wp-json\/wp\/v2\/media?parent=1865"}],"wp:term":[{"taxonomy":"product_cat","embeddable":true,"href":"https:\/\/asel.hr\/webshop\/wp-json\/wp\/v2\/product_cat?post=1865"},{"taxonomy":"product_tag","embeddable":true,"href":"https:\/\/asel.hr\/webshop\/wp-json\/wp\/v2\/product_tag?post=1865"}],"curies":[{"name":"wp","href":"https:\/\/api.w.org\/{rel}","templated":true}]}}