{"id":1860,"date":"2018-05-28T14:02:00","date_gmt":"2018-05-28T12:02:00","guid":{"rendered":"http:\/\/asel.hr\/webshop\/proizvod\/magnezijska-sonda-3-4-tlacna\/"},"modified":"2026-05-14T03:55:09","modified_gmt":"2026-05-14T01:55:09","slug":"magnezijska-sonda-3-4-tlacna","status":"publish","type":"product","link":"https:\/\/asel.hr\/webshop\/proizvod\/magnezijska-sonda-3-4-tlacna\/","title":{"rendered":"Magnezijska sonda 3\/4&#8243; tla\u010dna"},"content":{"rendered":"<p>&#8211; \u0161titi sustav od korozije<br \/>\n&#8211; omek\u0161ava vodu (smanjuje kamenac u vodi)<\/p>\n<p>&#8211; Veli\u010dina priklju\u010dka: 3\/4&#8243;<\/p>\n","protected":false},"excerpt":{"rendered":"<p>&#8211; \u0161titi sustav od korozije &#8211; omek\u0161ava vodu (smanjuje kamenac u vodi) &#8211; Veli\u010dina priklju\u010dka: 3\/4&#8243;<\/p>\n","protected":false},"featured_media":131,"template":"","meta":{"_links_to":"","_links_to_target":""},"product_cat":[109],"product_tag":[],"_links":{"self":[{"href":"https:\/\/asel.hr\/webshop\/wp-json\/wp\/v2\/product\/1860"}],"collection":[{"href":"https:\/\/asel.hr\/webshop\/wp-json\/wp\/v2\/product"}],"about":[{"href":"https:\/\/asel.hr\/webshop\/wp-json\/wp\/v2\/types\/product"}],"wp:featuredmedia":[{"embeddable":true,"href":"https:\/\/asel.hr\/webshop\/wp-json\/wp\/v2\/media\/131"}],"wp:attachment":[{"href":"https:\/\/asel.hr\/webshop\/wp-json\/wp\/v2\/media?parent=1860"}],"wp:term":[{"taxonomy":"product_cat","embeddable":true,"href":"https:\/\/asel.hr\/webshop\/wp-json\/wp\/v2\/product_cat?post=1860"},{"taxonomy":"product_tag","embeddable":true,"href":"https:\/\/asel.hr\/webshop\/wp-json\/wp\/v2\/product_tag?post=1860"}],"curies":[{"name":"wp","href":"https:\/\/api.w.org\/{rel}","templated":true}]}}