{"id":1856,"date":"2018-05-28T14:01:56","date_gmt":"2018-05-28T12:01:56","guid":{"rendered":"http:\/\/asel.hr\/webshop\/proizvod\/izmjenjivac-topline-plocasti\/"},"modified":"2026-05-15T03:55:13","modified_gmt":"2026-05-15T01:55:13","slug":"izmjenjivac-topline-plocasti","status":"publish","type":"product","link":"https:\/\/asel.hr\/webshop\/proizvod\/izmjenjivac-topline-plocasti\/","title":{"rendered":"Izmjenjiva\u010d topline-plo\u010dasti"},"content":{"rendered":"<p>PLO\u010cASTI IZMJENJIVA\u010cI TOPLINE:<br \/>\n&#8211; 65kW: pri 40\/30 \u00b0C<br \/>\nDimension: BxHxL 125 x 296 x 128 mm<br \/>\nPovr\u0161ina izmjenjiva\u010da: 15.200 cm\u00b2<br \/>\nprotok hladne vode: 6,00 m\u00b3\/h<br \/>\nprotok tople vode: 5,60 m\u00b3\/h<br \/>\ngubitak pritiska: 30\/30 kPa<\/p>\n<p>Na\u010dinjen je od mnogo tankih, blago razdvojenih plo\u010da koje imaju vrlo veliku povr\u0161inu<br \/>\ni prolaze za struju fluida kako bi do\u0161lo do prijenosa topline.<br \/>\nOvaj oblik naslaganih plo\u010da mo\u017ee biti bolje iskoristiv, u zadanom prostoru, od izmjenjiva\u010da cijev u pla\u0161tu.<\/p>\n","protected":false},"excerpt":{"rendered":"<p>PLO\u010cASTI IZMJENJIVA\u010cI TOPLINE: &#8211; 65kW: pri 40\/30 \u00b0C Dimension: BxHxL 125 x 296 x 128 mm Povr\u0161ina izmjenjiva\u010da: 15.200 cm\u00b2 protok hladne vode: 6,00 m\u00b3\/h protok tople vode: 5,60 m\u00b3\/h gubitak pritiska: 30\/30 kPa Na\u010dinjen je od mnogo tankih, blago razdvojenih plo\u010da koje imaju vrlo veliku povr\u0161inu i prolaze za struju fluida kako bi do\u0161lo [&hellip;]<\/p>\n","protected":false},"featured_media":133,"template":"","meta":{"_links_to":"","_links_to_target":""},"product_cat":[164],"product_tag":[],"_links":{"self":[{"href":"https:\/\/asel.hr\/webshop\/wp-json\/wp\/v2\/product\/1856"}],"collection":[{"href":"https:\/\/asel.hr\/webshop\/wp-json\/wp\/v2\/product"}],"about":[{"href":"https:\/\/asel.hr\/webshop\/wp-json\/wp\/v2\/types\/product"}],"wp:featuredmedia":[{"embeddable":true,"href":"https:\/\/asel.hr\/webshop\/wp-json\/wp\/v2\/media\/133"}],"wp:attachment":[{"href":"https:\/\/asel.hr\/webshop\/wp-json\/wp\/v2\/media?parent=1856"}],"wp:term":[{"taxonomy":"product_cat","embeddable":true,"href":"https:\/\/asel.hr\/webshop\/wp-json\/wp\/v2\/product_cat?post=1856"},{"taxonomy":"product_tag","embeddable":true,"href":"https:\/\/asel.hr\/webshop\/wp-json\/wp\/v2\/product_tag?post=1856"}],"curies":[{"name":"wp","href":"https:\/\/api.w.org\/{rel}","templated":true}]}}