{"id":1854,"date":"2018-05-28T14:01:56","date_gmt":"2018-05-28T12:01:56","guid":{"rendered":"http:\/\/asel.hr\/webshop\/proizvod\/kontroler-am7\/"},"modified":"2026-04-19T03:55:13","modified_gmt":"2026-04-19T01:55:13","slug":"kontroler-am7","status":"publish","type":"product","link":"https:\/\/asel.hr\/webshop\/proizvod\/kontroler-am7\/","title":{"rendered":"Kontroler AM7"},"content":{"rendered":"<p><strong>(mogu\u0107a prerada na 12V DC za solarne kolektore sa integriranim netla\u010dnim solarnim spremnikom<\/strong>)<\/p>\n<p>AM-7 inteligentni kontroler specijalno je dizajniran ure\u0111aj za solarni kolektor s integriranim bojlerom. Namjena ure\u0111aja je vremenski programirano precizno upravljanje temperaturom vode u bojleru uz prikaz trenutne temperature i to\u010dnog vremena. Ure\u0111aj upravlja elektri\u010dnim grija\u010dem i vrlo je podesan za upravljanje dogrijavanja elektri\u010dnom energijom kod solarnih bojlera.<\/p>\n<p>Karakteristike AM-7:<br \/>\n-s elektroventilom punjenja i sondom za koli\u010dinu i temperaturu vode<br \/>\n-prikazuje temperaturu i koli\u010dinu vode u spremniku<br \/>\n-regulira koli\u010dinu i temperaturu vode, upravlja el.grija\u010dem, itd&#8230;<br \/>\n&#8211; programiranje vremena punjenja i eventualnog dogrijavanja<\/p>\n<p>Tehni\u010dke karakteristike:<br \/>\n&#8211; Napajanje: 230V 50Hz, potro\u0161nja kontrolera: &lt;5W<br \/>\n&#8211; To\u010dnost mjerenja temperature: \u00b1 2 \u00b0 C<br \/>\n&#8211; Podru\u010dje prikaza mjerenja temperature: 0-99 \u00b0 C<br \/>\n&#8211; Klasifikacija nivoa vode: 5 nivoa<br \/>\n&#8211; Snaga upravljane pumpe ili grija\u010de trake: &lt;500 W<br \/>\n&#8211; Snaga upravljanog elektri\u010dnog grija\u010da: 1,5 kW<br \/>\n&#8211; Ugra\u0111ena strujna FID za\u0161tita: 10mA\/0,1s<br \/>\n&#8211; Elektroventil za punjenje rezervoara: 12V DC, 0,2 \u2013 8 bara<br \/>\nza direktno napajanje iz javnog vodovoda<\/p>\n<style>\n  .btn {\n    background-color: DodgerBlue;\n    border: none;\n    color: white;\n    cursor: pointer;\n    font-size: 20px;<\/p>\n<p>  }<\/p>\n<p>  \/* Darker background on mouse-over *\/\n  .btn:hover {\n    background-color: RoyalBlue;\n  }<\/p>\n<\/style>\n<p><a href=\"https:\/\/asel.hr\/webshop\/wp-content\/pdf\/UPUTSTVO_kontroler_netlacni AM-7 _2303.pdf\"><br \/>\n<button class=\"btn\" ><i class=\"fa fa-download\" style=\"font-size: 25px;\"><\/i> Preuzmi Uputstva\u3164<\/button><br \/>\n<\/a><\/p>\n<p>&nbsp;<\/p>\n","protected":false},"excerpt":{"rendered":"<p>(mogu\u0107a prerada na 12V DC za solarne kolektore sa integriranim netla\u010dnim solarnim spremnikom) AM-7 inteligentni kontroler specijalno je dizajniran ure\u0111aj za solarni kolektor s integriranim bojlerom. Namjena ure\u0111aja je vremenski programirano precizno upravljanje temperaturom vode u bojleru uz prikaz trenutne temperature i to\u010dnog vremena. Ure\u0111aj upravlja elektri\u010dnim grija\u010dem i vrlo je podesan za upravljanje dogrijavanja [&hellip;]<\/p>\n","protected":false},"featured_media":135,"template":"","meta":{"_links_to":"","_links_to_target":""},"product_cat":[163],"product_tag":[],"_links":{"self":[{"href":"https:\/\/asel.hr\/webshop\/wp-json\/wp\/v2\/product\/1854"}],"collection":[{"href":"https:\/\/asel.hr\/webshop\/wp-json\/wp\/v2\/product"}],"about":[{"href":"https:\/\/asel.hr\/webshop\/wp-json\/wp\/v2\/types\/product"}],"wp:featuredmedia":[{"embeddable":true,"href":"https:\/\/asel.hr\/webshop\/wp-json\/wp\/v2\/media\/135"}],"wp:attachment":[{"href":"https:\/\/asel.hr\/webshop\/wp-json\/wp\/v2\/media?parent=1854"}],"wp:term":[{"taxonomy":"product_cat","embeddable":true,"href":"https:\/\/asel.hr\/webshop\/wp-json\/wp\/v2\/product_cat?post=1854"},{"taxonomy":"product_tag","embeddable":true,"href":"https:\/\/asel.hr\/webshop\/wp-json\/wp\/v2\/product_tag?post=1854"}],"curies":[{"name":"wp","href":"https:\/\/api.w.org\/{rel}","templated":true}]}}