{"id":1853,"date":"2018-05-28T14:01:56","date_gmt":"2018-05-28T12:01:56","guid":{"rendered":"http:\/\/asel.hr\/webshop\/proizvod\/solarni-bojler-pp600-1-izmjenjivac\/"},"modified":"2026-04-23T03:55:12","modified_gmt":"2026-04-23T01:55:12","slug":"solarni-bojler-pp600-1-izmjenjivac","status":"publish","type":"product","link":"https:\/\/asel.hr\/webshop\/proizvod\/solarni-bojler-pp600-1-izmjenjivac\/","title":{"rendered":"Solarni bojler PP600, 1 izmjenjiva\u010d"},"content":{"rendered":"<p><span class=\"style77 style70\"><em>Solarni spremnik 600L za odvojene sisteme sa jednim izmjenjiva\u010dem<\/em><\/span><\/p>\n<p>Najkvalitetniji solarni spremnici, napravljeni od polipropilena, a izmjenjiva\u010di od kvalitetnog inoxa SS304.<\/p>\n<p>Dok inox bojleri mogu izdr\u017eati od 5-10g., ovi plasti\u010dni bojleri imaju do\u017eivotnu garanciju od prohr\u0111avanja vanjskih stijenki bojlera, i budu\u0107i da ne rade pod pritiskom o\u010dekivani \u017eivotni vijek posude &#8211; 50 godina.<\/p>\n<p>Izolacija 10cm kamena vuna , stisnusta oblogom od skaja na 5cm.<\/p>\n<p><strong>Proizvodimo ih po narud\u017ebi. Mogu biti vertikalni ili horizontalni, razli\u010ditih kapaciteta i dimenzija.<\/strong><\/p>\n<p class=\"style2\" style=\"text-align: left;\" align=\"center\"><strong>Netla\u010dno\/tla\u010dni bojleri<br \/>\n(netla\u010dna akumulacija, tla\u010dni izmjenjiva\u010di)<br \/>\n<\/strong><\/p>\n<p style=\"text-align: left;\" align=\"center\">Solarni kolektori se mogu spajati na razli\u010dite na\u010dine sa PP<br \/>\nspremnicima:<br \/>\nNETLA\u010cNI kolektori \u2013 voda u PP spremniku izmjenjiva\u010d (najsna\u017eniji izmjenjiva\u010d, najbolji odnos cijene i kvalitete)<br \/>\nNETLA\u010cNI kolektori \u2013 donji\u00a0 izmjenjiva\u010d u PP spremniku (sli\u010dna oprema i rad kao kod tla\u010dnih solarnih krugova, samo je dosta jeftinije)<br \/>\nTLA\u010cNI kolektori \u2013 donji izmjenjiva\u010d u PP spremniku<\/p>\n<p class=\"style86\" style=\"text-align: left;\" align=\"center\"><strong>PP spremnici\u00a0 mogu imati 1, 2 3 ili vi\u0161e izmjenjiva\u010da izmjenjiva\u010di su napravljeni od kvalitetnog inox SUS 304 <\/strong><\/p>\n","protected":false},"excerpt":{"rendered":"<p>Solarni spremnik 600L za odvojene sisteme sa jednim izmjenjiva\u010dem Najkvalitetniji solarni spremnici, napravljeni od polipropilena, a izmjenjiva\u010di od kvalitetnog inoxa SS304. Dok inox bojleri mogu izdr\u017eati od 5-10g., ovi plasti\u010dni bojleri imaju do\u017eivotnu garanciju od prohr\u0111avanja vanjskih stijenki bojlera, i budu\u0107i da ne rade pod pritiskom o\u010dekivani \u017eivotni vijek posude &#8211; 50 godina. Izolacija 10cm [&hellip;]<\/p>\n","protected":false},"featured_media":1298,"template":"","meta":{"_links_to":"","_links_to_target":""},"product_cat":[162],"product_tag":[],"_links":{"self":[{"href":"https:\/\/asel.hr\/webshop\/wp-json\/wp\/v2\/product\/1853"}],"collection":[{"href":"https:\/\/asel.hr\/webshop\/wp-json\/wp\/v2\/product"}],"about":[{"href":"https:\/\/asel.hr\/webshop\/wp-json\/wp\/v2\/types\/product"}],"wp:featuredmedia":[{"embeddable":true,"href":"https:\/\/asel.hr\/webshop\/wp-json\/wp\/v2\/media\/1298"}],"wp:attachment":[{"href":"https:\/\/asel.hr\/webshop\/wp-json\/wp\/v2\/media?parent=1853"}],"wp:term":[{"taxonomy":"product_cat","embeddable":true,"href":"https:\/\/asel.hr\/webshop\/wp-json\/wp\/v2\/product_cat?post=1853"},{"taxonomy":"product_tag","embeddable":true,"href":"https:\/\/asel.hr\/webshop\/wp-json\/wp\/v2\/product_tag?post=1853"}],"curies":[{"name":"wp","href":"https:\/\/api.w.org\/{rel}","templated":true}]}}