{"id":1846,"date":"2018-05-28T14:01:56","date_gmt":"2018-05-28T12:01:56","guid":{"rendered":"http:\/\/asel.hr\/webshop\/proizvod\/pex-alu-pex-cijev-1216mm-1-2\/"},"modified":"2026-04-18T03:55:12","modified_gmt":"2026-04-18T01:55:12","slug":"pex-alu-pex-cijev-1216mm-1-2","status":"publish","type":"product","link":"https:\/\/asel.hr\/webshop\/proizvod\/pex-alu-pex-cijev-1216mm-1-2\/","title":{"rendered":"Pex-Alu-Pex cijev 1216mm 1\/2&#8243;"},"content":{"rendered":"<p>-Promjer: 1\/2&#8243; (12-16mm)<br \/>\nMax tlak: 10 bar<br \/>\nMax temperatura: 95\u00b0C<br \/>\nCijena se odnosi na 1 metar<\/p>\n<p>CIjevi PEX-AL-PEX (Alupex) su napravljenje od najkvalitetnijeg materijala, te mogu izdr\u017eati trajno radni pritisak do maksimalno 10bara i temperature od -40C do +95C (za razliku od obi\u010dnih ALU-PEX cijevi za podno grijanje koje izdr\u017ee do 60C trajno), tako da osim upotrebe za podna grijanja mogu se koristiti i u solarnim sustavima.<br \/>\nVijek trajanja je vi\u0161e od pedeset godina.<br \/>\nNije potreban specijalan alat, jer se spojnice navr\u0107u.<\/p>\n<p>Elektrostati\u010dki i kemijski su neutralne.<br \/>\nAluminij u cijevima PEX-Al_PEX daje stabilnost i mogu\u0107nost oblikovanja. Nakon oblikovanja cijev ostaje u \u017eeljenom polo\u017eaju.<br \/>\nOve cijevi se osim za podna grijanja najvi\u0161e koristi za zidna i radijatorska grijanja, te za solarne i vodovodne instalacije.<\/p>\n","protected":false},"excerpt":{"rendered":"<p>-Promjer: 1\/2&#8243; (12-16mm) Max tlak: 10 bar Max temperatura: 95\u00b0C Cijena se odnosi na 1 metar CIjevi PEX-AL-PEX (Alupex) su napravljenje od najkvalitetnijeg materijala, te mogu izdr\u017eati trajno radni pritisak do maksimalno 10bara i temperature od -40C do +95C (za razliku od obi\u010dnih ALU-PEX cijevi za podno grijanje koje izdr\u017ee do 60C trajno), tako da [&hellip;]<\/p>\n","protected":false},"featured_media":2664,"template":"","meta":{"_links_to":"","_links_to_target":""},"product_cat":[113],"product_tag":[],"_links":{"self":[{"href":"https:\/\/asel.hr\/webshop\/wp-json\/wp\/v2\/product\/1846"}],"collection":[{"href":"https:\/\/asel.hr\/webshop\/wp-json\/wp\/v2\/product"}],"about":[{"href":"https:\/\/asel.hr\/webshop\/wp-json\/wp\/v2\/types\/product"}],"wp:featuredmedia":[{"embeddable":true,"href":"https:\/\/asel.hr\/webshop\/wp-json\/wp\/v2\/media\/2664"}],"wp:attachment":[{"href":"https:\/\/asel.hr\/webshop\/wp-json\/wp\/v2\/media?parent=1846"}],"wp:term":[{"taxonomy":"product_cat","embeddable":true,"href":"https:\/\/asel.hr\/webshop\/wp-json\/wp\/v2\/product_cat?post=1846"},{"taxonomy":"product_tag","embeddable":true,"href":"https:\/\/asel.hr\/webshop\/wp-json\/wp\/v2\/product_tag?post=1846"}],"curies":[{"name":"wp","href":"https:\/\/api.w.org\/{rel}","templated":true}]}}