{"id":1842,"date":"2018-05-28T14:01:56","date_gmt":"2018-05-28T12:01:56","guid":{"rendered":"http:\/\/asel.hr\/webshop\/proizvod\/solarni-bojler-r-500-2-r\/"},"modified":"2026-04-19T03:55:15","modified_gmt":"2026-04-19T01:55:15","slug":"solarni-bojler-r-500-2-r","status":"publish","type":"product","link":"https:\/\/asel.hr\/webshop\/proizvod\/solarni-bojler-r-500-2-r\/","title":{"rendered":"Solarni bojler R 500-2 R"},"content":{"rendered":"<p><span class=\"style77 style70\"><em>Solarni spremnik 500L rostfrei za odvojene sisteme sa dva izmjenjiva\u010da<\/em><\/span><\/p>\n<p><strong><span class=\"style2\">Tla\u010dni spremnici sa tla\u010dnim izmjenjiva\u010dima.<br \/>\nImaju ugra\u0111eni elektri\u010dni grija\u010d<br \/>\nza eventualno dogrijavanje vode.<br \/>\nJedan ili dva izmjenjiva\u010da. <\/span><\/strong><\/p>\n","protected":false},"excerpt":{"rendered":"<p>Solarni spremnik 500L rostfrei za odvojene sisteme sa dva izmjenjiva\u010da Tla\u010dni spremnici sa tla\u010dnim izmjenjiva\u010dima. Imaju ugra\u0111eni elektri\u010dni grija\u010d za eventualno dogrijavanje vode. Jedan ili dva izmjenjiva\u010da.<\/p>\n","protected":false},"featured_media":1311,"template":"","meta":{"_links_to":"","_links_to_target":""},"product_cat":[162],"product_tag":[],"_links":{"self":[{"href":"https:\/\/asel.hr\/webshop\/wp-json\/wp\/v2\/product\/1842"}],"collection":[{"href":"https:\/\/asel.hr\/webshop\/wp-json\/wp\/v2\/product"}],"about":[{"href":"https:\/\/asel.hr\/webshop\/wp-json\/wp\/v2\/types\/product"}],"wp:featuredmedia":[{"embeddable":true,"href":"https:\/\/asel.hr\/webshop\/wp-json\/wp\/v2\/media\/1311"}],"wp:attachment":[{"href":"https:\/\/asel.hr\/webshop\/wp-json\/wp\/v2\/media?parent=1842"}],"wp:term":[{"taxonomy":"product_cat","embeddable":true,"href":"https:\/\/asel.hr\/webshop\/wp-json\/wp\/v2\/product_cat?post=1842"},{"taxonomy":"product_tag","embeddable":true,"href":"https:\/\/asel.hr\/webshop\/wp-json\/wp\/v2\/product_tag?post=1842"}],"curies":[{"name":"wp","href":"https:\/\/api.w.org\/{rel}","templated":true}]}}