{"id":1839,"date":"2018-05-28T14:01:56","date_gmt":"2018-05-28T12:01:56","guid":{"rendered":"http:\/\/asel.hr\/webshop\/proizvod\/radna-stanica-as-1-pumpni-set\/"},"modified":"2026-04-19T03:55:21","modified_gmt":"2026-04-19T01:55:21","slug":"radna-stanica-as-1-pumpni-set","status":"publish","type":"product","link":"https:\/\/asel.hr\/webshop\/proizvod\/radna-stanica-as-1-pumpni-set\/","title":{"rendered":"Radna stanica &#8211; AS-F115  + pumpni set (za tla\u010dne, netla\u010dne sustave i baze)"},"content":{"rendered":"<p><strong>&#8211; Radna stanica za odvojene (split) solarne sisteme. Uklju\u010duje sve elemente: elektroniku, pumpu, manometar, ventile&#8230;<br \/>\n&#8211;<\/strong>ima tri senzora temperature, senzor protoka, izlaze za kolektorsku i pumpu recirkulacije tople vode i elektri\u010dni grija\u010d<\/p>\n<p>Kontroler za odvojene (split) solarne sisteme (sa senzorima). Kontroler AS-F115 (novi model AS-5) namijenjen je za upravljanje solarnim sistemima u kojima je sun\u010dani kolektor odvojen od spremnika tople vode.<br \/>\n-ima \u010detiri senzora temperature, izlaze za el.grija\u010d i trakasti el.grija\u010d, te tri pumpe.<\/p>\n<p>Tehni\u010dke karakteristike:<br \/>\n&#8211; Dimenzija ulazno\/izlazne jedinice: 218 x 145 x 40 mm<br \/>\n&#8211; Dimenzija upravlja\u010dke jedinice: 140 x 120 x 18 mm<br \/>\n&#8211; Potro\u0161nja ulazno-izlazne jedinice: do 4 W<br \/>\n&#8211; Potro\u0161nja upravlja\u010dke jedinice: do 0,6 W<br \/>\n&#8211; Maksimalni broj upravlja\u010dkih jedinica: 3<br \/>\n&#8211; Najve\u0107a udaljenost od U\/I do upravlja\u010dke jedinice: 100 m<br \/>\n&#8211; To\u010dnost mjerenja temperature \u00b12\u00b0C<br \/>\n&#8211; Opseg mjerenja temperature: 0-120 \u00b0C za kolektor, 0-100 \u00b0C za ostalo<br \/>\n&#8211; Priklju\u010dna snaga cirkulacione pumpe: max. 500 W<br \/>\n&#8211; Priklju\u010dna snaga tra\u010dnog za\u0161titnog grija\u010da: max. 500 W<br \/>\n&#8211; Priklju\u010dna snaga elektri\u010dnog grija\u010da vode: max. 3000 W<br \/>\n&#8211; Senzori: 4 x NTC 3435 (kolektor T1, spremnik gore T3, spremnik dolje T2, cjevovod T4)<br \/>\n&#8211; Izlazi: cirkulacijska pumpa za kolektor, pumpa za recirkulaciju sanitarne vode, pomo\u0107no grijanje, za\u0161tita cijevi od smrzavanja, cirkulacijska pumpa visoke temperature izmjenjiva\u010da spremnika.<\/p>\n<p>Uputstva za <a href=\"https:\/\/asel.hr\/wp-content\/uploads\/AS(F115)_UPUTE.pdf\">AS-F115 uputstva<\/a>.<\/p>\n<p><iframe loading=\"lazy\" width=\"75%\" height=\"460\" src=\"https:\/\/www.youtube.com\/embed\/hDWV9jvE4yQ\" frameborder=\"0\" allow=\"accelerometer; autoplay; encrypted-media; gyroscope; picture-in-picture\" allowfullscreen><\/iframe><\/p>\n<p>&nbsp;<\/p>\n","protected":false},"excerpt":{"rendered":"<p>&#8211; Radna stanica za odvojene (split) solarne sisteme. Uklju\u010duje sve elemente: elektroniku, pumpu, manometar, ventile&#8230; &#8211;ima tri senzora temperature, senzor protoka, izlaze za kolektorsku i pumpu recirkulacije tople vode i elektri\u010dni grija\u010d Kontroler za odvojene (split) solarne sisteme (sa senzorima). Kontroler AS-F115 (novi model AS-5) namijenjen je za upravljanje solarnim sistemima u kojima je sun\u010dani [&hellip;]<\/p>\n","protected":false},"featured_media":169,"template":"","meta":{"_links_to":"","_links_to_target":""},"product_cat":[163],"product_tag":[],"_links":{"self":[{"href":"https:\/\/asel.hr\/webshop\/wp-json\/wp\/v2\/product\/1839"}],"collection":[{"href":"https:\/\/asel.hr\/webshop\/wp-json\/wp\/v2\/product"}],"about":[{"href":"https:\/\/asel.hr\/webshop\/wp-json\/wp\/v2\/types\/product"}],"wp:featuredmedia":[{"embeddable":true,"href":"https:\/\/asel.hr\/webshop\/wp-json\/wp\/v2\/media\/169"}],"wp:attachment":[{"href":"https:\/\/asel.hr\/webshop\/wp-json\/wp\/v2\/media?parent=1839"}],"wp:term":[{"taxonomy":"product_cat","embeddable":true,"href":"https:\/\/asel.hr\/webshop\/wp-json\/wp\/v2\/product_cat?post=1839"},{"taxonomy":"product_tag","embeddable":true,"href":"https:\/\/asel.hr\/webshop\/wp-json\/wp\/v2\/product_tag?post=1839"}],"curies":[{"name":"wp","href":"https:\/\/api.w.org\/{rel}","templated":true}]}}