{"id":1831,"date":"2018-05-28T14:01:51","date_gmt":"2018-05-28T12:01:51","guid":{"rendered":"http:\/\/asel.hr\/webshop\/proizvod\/ekspanzijska-posuda-12l\/"},"modified":"2026-04-24T03:00:16","modified_gmt":"2026-04-24T01:00:16","slug":"ekspanzijska-posuda-12l","status":"publish","type":"product","link":"https:\/\/asel.hr\/webshop\/proizvod\/ekspanzijska-posuda-12l\/","title":{"rendered":"Ekspanzijska posuda 12L"},"content":{"rendered":"<p>Zapremnina: 12 litara<br \/>\nVeli\u010dina priklju\u010dka: 3\/4&#8243;<\/p>\n<p>Ekspanzijske (ili ekspanzione) posude namjenjene su preuzimanju vi\u0161ka tlaka u zatvorenom sustavu centralnog grijanja, sustavu sanitarne vode ili solarnom sustavu. Prilikom zagrijavanja teku\u0107ine u zatvorenim sustavima, teku\u0107ina pove\u0107ava svoju zapreminu. To \u0161irenje za posljedicu ima pove\u0107anje tlaka u sustavu te dolazi do prelijevanja teku\u0107ine iz sustava u ekspanzijsku posudu. Posuda sadr\u017ei membranu, a s druge strane je napunjena du\u0161ikom. Po\u0161to se tlak \u0161iri, djeluje na membranu, koja se potiskuje i tako dr\u017ei izjedna\u010den tlak vode u cijevima sustava na koji je instalirana. Hla\u0111enjem teku\u0107ine, tlak popu\u0161ta, a du\u0161ik se dekomprimira i tako tjera vodu natrag u cijev. Sve se to doga\u0111a bez prisustva zraka, pa se sprje\u010dava korozija unutar ekspanzijske posude.<\/p>\n","protected":false},"excerpt":{"rendered":"<p>Zapremnina: 12 litara Veli\u010dina priklju\u010dka: 3\/4&#8243; Ekspanzijske (ili ekspanzione) posude namjenjene su preuzimanju vi\u0161ka tlaka u zatvorenom sustavu centralnog grijanja, sustavu sanitarne vode ili solarnom sustavu. Prilikom zagrijavanja teku\u0107ine u zatvorenim sustavima, teku\u0107ina pove\u0107ava svoju zapreminu. To \u0161irenje za posljedicu ima pove\u0107anje tlaka u sustavu te dolazi do prelijevanja teku\u0107ine iz sustava u ekspanzijsku posudu. [&hellip;]<\/p>\n","protected":false},"featured_media":174,"template":"","meta":{"_links_to":"","_links_to_target":""},"product_cat":[110],"product_tag":[],"_links":{"self":[{"href":"https:\/\/asel.hr\/webshop\/wp-json\/wp\/v2\/product\/1831"}],"collection":[{"href":"https:\/\/asel.hr\/webshop\/wp-json\/wp\/v2\/product"}],"about":[{"href":"https:\/\/asel.hr\/webshop\/wp-json\/wp\/v2\/types\/product"}],"wp:featuredmedia":[{"embeddable":true,"href":"https:\/\/asel.hr\/webshop\/wp-json\/wp\/v2\/media\/174"}],"wp:attachment":[{"href":"https:\/\/asel.hr\/webshop\/wp-json\/wp\/v2\/media?parent=1831"}],"wp:term":[{"taxonomy":"product_cat","embeddable":true,"href":"https:\/\/asel.hr\/webshop\/wp-json\/wp\/v2\/product_cat?post=1831"},{"taxonomy":"product_tag","embeddable":true,"href":"https:\/\/asel.hr\/webshop\/wp-json\/wp\/v2\/product_tag?post=1831"}],"curies":[{"name":"wp","href":"https:\/\/api.w.org\/{rel}","templated":true}]}}