{"id":1821,"date":"2018-05-28T14:01:51","date_gmt":"2018-05-28T12:01:51","guid":{"rendered":"http:\/\/asel.hr\/webshop\/proizvod\/trakasti-grijac-s-termostatom-12m\/"},"modified":"2026-04-10T03:55:17","modified_gmt":"2026-04-10T01:55:17","slug":"trakasti-grijac-s-termostatom-12m","status":"publish","type":"product","link":"https:\/\/asel.hr\/webshop\/proizvod\/trakasti-grijac-s-termostatom-12m\/","title":{"rendered":"Trakasti grija\u010d s termostatom 12m"},"content":{"rendered":"<p><strong>Trakasti grija\u010d<\/strong> koriste se za za\u0161titu vodovodnih cijevi od smrzavanja, na sebi imaju ugra\u0111en termostat i utika\u010d za 230V\/50Hz<\/p>\n<p>&#8211; Radni napon: 230V<br \/>\n&#8211; Frekvencija: 50Hz<br \/>\n&#8211; Snaga: 192W<br \/>\n&#8211; Du\u017eina: 12 metara<\/p>\n<p>&nbsp;<\/p>\n<table border=\"1\" cellspacing=\"0\">\n<tbody>\n<tr>\n<td style=\"min-width: 50px;\">CIJEV<\/td>\n<td style=\"min-width: 50px;\">15mm<\/td>\n<td style=\"min-width: 50px;\">22mm<\/td>\n<td style=\"min-width: 50px;\">28mm<\/td>\n<td style=\"min-width: 50px;\">35mm<\/td>\n<td style=\"min-width: 50px;\">42mm<\/td>\n<td style=\"min-width: 50px;\">48mm<\/td>\n<td style=\"min-width: 50px;\">60mm<\/td>\n<td style=\"min-width: 50px;\">76mm<\/td>\n<\/tr>\n<tr>\n<td style=\"min-width: 50px;\">bez izolacije<\/td>\n<td style=\"min-width: 50px;\">-20\u00b0C<\/td>\n<td style=\"min-width: 50px;\">-13\u00b0C<\/td>\n<td style=\"min-width: 50px;\">-10\u00b0C<\/td>\n<td style=\"min-width: 50px;\">-7\u00b0C<\/td>\n<td style=\"min-width: 50px;\">-5\u00b0C<\/td>\n<td style=\"min-width: 50px;\">-4\u00b0C<\/td>\n<td style=\"min-width: 50px;\">-3\u00b0C<\/td>\n<td style=\"min-width: 50px;\">-2\u00b0C<\/td>\n<\/tr>\n<tr>\n<td style=\"min-width: 50px;\">sa 13mm izolacije<\/td>\n<td style=\"min-width: 50px;\">-45\u00b0C<\/td>\n<td style=\"min-width: 50px;\">-45\u00b0C<\/td>\n<td style=\"min-width: 50px;\">-40\u00b0C<\/td>\n<td style=\"min-width: 50px;\">-40\u00b0C<\/td>\n<td style=\"min-width: 50px;\">-35\u00b0C<\/td>\n<td style=\"min-width: 50px;\">-30\u00b0C<\/td>\n<td style=\"min-width: 50px;\">-25\u00b0C<\/td>\n<td style=\"min-width: 50px;\">-20\u00b0C<\/td>\n<\/tr>\n<\/tbody>\n<\/table>\n","protected":false},"excerpt":{"rendered":"<p>Trakasti grija\u010d koriste se za za\u0161titu vodovodnih cijevi od smrzavanja, na sebi imaju ugra\u0111en termostat i utika\u010d za 230V\/50Hz &#8211; Radni napon: 230V &#8211; Frekvencija: 50Hz &#8211; Snaga: 192W &#8211; Du\u017eina: 12 metara &nbsp; CIJEV 15mm 22mm 28mm 35mm 42mm 48mm 60mm 76mm bez izolacije -20\u00b0C -13\u00b0C -10\u00b0C -7\u00b0C -5\u00b0C -4\u00b0C -3\u00b0C -2\u00b0C sa 13mm [&hellip;]<\/p>\n","protected":false},"featured_media":175,"template":"","meta":{"_links_to":"","_links_to_target":""},"product_cat":[106],"product_tag":[],"_links":{"self":[{"href":"https:\/\/asel.hr\/webshop\/wp-json\/wp\/v2\/product\/1821"}],"collection":[{"href":"https:\/\/asel.hr\/webshop\/wp-json\/wp\/v2\/product"}],"about":[{"href":"https:\/\/asel.hr\/webshop\/wp-json\/wp\/v2\/types\/product"}],"wp:featuredmedia":[{"embeddable":true,"href":"https:\/\/asel.hr\/webshop\/wp-json\/wp\/v2\/media\/175"}],"wp:attachment":[{"href":"https:\/\/asel.hr\/webshop\/wp-json\/wp\/v2\/media?parent=1821"}],"wp:term":[{"taxonomy":"product_cat","embeddable":true,"href":"https:\/\/asel.hr\/webshop\/wp-json\/wp\/v2\/product_cat?post=1821"},{"taxonomy":"product_tag","embeddable":true,"href":"https:\/\/asel.hr\/webshop\/wp-json\/wp\/v2\/product_tag?post=1821"}],"curies":[{"name":"wp","href":"https:\/\/api.w.org\/{rel}","templated":true}]}}