{"id":1819,"date":"2018-05-28T14:01:51","date_gmt":"2018-05-28T12:01:51","guid":{"rendered":"http:\/\/asel.hr\/webshop\/proizvod\/solarni-automatski-odzracnik\/"},"modified":"2026-05-01T03:55:16","modified_gmt":"2026-05-01T01:55:16","slug":"solarni-automatski-odzracnik","status":"publish","type":"product","link":"https:\/\/asel.hr\/webshop\/proizvod\/solarni-automatski-odzracnik\/","title":{"rendered":"Solarni automatski odzra\u010dnik"},"content":{"rendered":"<p><strong>Solarni automatski odzra\u010dnik<\/strong> (Solar Automatic Air valve)<\/p>\n<p>&#8211; za tla\u010dne SPLIT sustave<br \/>\n&#8211; slu\u017ei za automatsko odzra\u010divanje sustava (odzra\u010dni lon\u010di\u0107)<br \/>\n&#8211; max.110\u00b0C<br \/>\n&#8211; max.16 bara<br \/>\n&#8211; 1\/2 cola<\/p>\n","protected":false},"excerpt":{"rendered":"<p>Solarni automatski odzra\u010dnik (Solar Automatic Air valve) &#8211; za tla\u010dne SPLIT sustave &#8211; slu\u017ei za automatsko odzra\u010divanje sustava (odzra\u010dni lon\u010di\u0107) &#8211; max.110\u00b0C &#8211; max.16 bara &#8211; 1\/2 cola<\/p>\n","protected":false},"featured_media":2598,"template":"","meta":{"_links_to":"","_links_to_target":""},"product_cat":[158],"product_tag":[],"_links":{"self":[{"href":"https:\/\/asel.hr\/webshop\/wp-json\/wp\/v2\/product\/1819"}],"collection":[{"href":"https:\/\/asel.hr\/webshop\/wp-json\/wp\/v2\/product"}],"about":[{"href":"https:\/\/asel.hr\/webshop\/wp-json\/wp\/v2\/types\/product"}],"wp:featuredmedia":[{"embeddable":true,"href":"https:\/\/asel.hr\/webshop\/wp-json\/wp\/v2\/media\/2598"}],"wp:attachment":[{"href":"https:\/\/asel.hr\/webshop\/wp-json\/wp\/v2\/media?parent=1819"}],"wp:term":[{"taxonomy":"product_cat","embeddable":true,"href":"https:\/\/asel.hr\/webshop\/wp-json\/wp\/v2\/product_cat?post=1819"},{"taxonomy":"product_tag","embeddable":true,"href":"https:\/\/asel.hr\/webshop\/wp-json\/wp\/v2\/product_tag?post=1819"}],"curies":[{"name":"wp","href":"https:\/\/api.w.org\/{rel}","templated":true}]}}