{"id":1811,"date":"2018-05-28T14:01:47","date_gmt":"2018-05-28T12:01:47","guid":{"rendered":"http:\/\/asel.hr\/webshop\/proizvod\/alupex-spojnica-1-zenska\/"},"modified":"2026-04-23T03:55:18","modified_gmt":"2026-04-23T01:55:18","slug":"alupex-spojnica-1-zenska","status":"publish","type":"product","link":"https:\/\/asel.hr\/webshop\/proizvod\/alupex-spojnica-1-zenska\/","title":{"rendered":"Alupex spojnica 1&#8221; (\u017eenska)"},"content":{"rendered":"<p>Alupex spojnica izra\u0111ena od visoko kvalitetnog materijala,<br \/>\nnamijenjena za spajanje alupex cijevi na odredi\u0161no mjesto.<\/p>\n<p>-Veli\u010dina: 1&#8243; (25mm)<br \/>\n-Navoj: \u017eenski<\/p>\n","protected":false},"excerpt":{"rendered":"<p>Alupex spojnica izra\u0111ena od visoko kvalitetnog materijala, namijenjena za spajanje alupex cijevi na odredi\u0161no mjesto. -Veli\u010dina: 1&#8243; (25mm) -Navoj: \u017eenski<\/p>\n","protected":false},"featured_media":167,"template":"","meta":{"_links_to":"","_links_to_target":""},"product_cat":[111],"product_tag":[],"_links":{"self":[{"href":"https:\/\/asel.hr\/webshop\/wp-json\/wp\/v2\/product\/1811"}],"collection":[{"href":"https:\/\/asel.hr\/webshop\/wp-json\/wp\/v2\/product"}],"about":[{"href":"https:\/\/asel.hr\/webshop\/wp-json\/wp\/v2\/types\/product"}],"wp:featuredmedia":[{"embeddable":true,"href":"https:\/\/asel.hr\/webshop\/wp-json\/wp\/v2\/media\/167"}],"wp:attachment":[{"href":"https:\/\/asel.hr\/webshop\/wp-json\/wp\/v2\/media?parent=1811"}],"wp:term":[{"taxonomy":"product_cat","embeddable":true,"href":"https:\/\/asel.hr\/webshop\/wp-json\/wp\/v2\/product_cat?post=1811"},{"taxonomy":"product_tag","embeddable":true,"href":"https:\/\/asel.hr\/webshop\/wp-json\/wp\/v2\/product_tag?post=1811"}],"curies":[{"name":"wp","href":"https:\/\/api.w.org\/{rel}","templated":true}]}}